{"id":11425,"date":"2024-01-23T16:10:58","date_gmt":"2024-01-23T16:10:58","guid":{"rendered":"https:\/\/alehlatam.org\/wp2024\/?page_id=11425"},"modified":"2024-04-03T16:12:01","modified_gmt":"2024-04-03T19:12:01","slug":"historia","status":"publish","type":"page","link":"https:\/\/alehlatam.org\/en\/nosotros\/historia\/","title":{"rendered":"History"},"content":{"rendered":"<div data-elementor-type=\"wp-page\" data-elementor-id=\"11425\" class=\"elementor elementor-11425\" data-elementor-post-type=\"page\">\n\t\t\t\t<div class=\"elementor-element elementor-element-debf1c2 e-flex e-con-boxed e-con e-parent\" data-id=\"debf1c2\" data-element_type=\"container\" data-e-type=\"container\">\n\t\t\t\t\t<div class=\"e-con-inner\">\n\t\t\t\t<div class=\"elementor-element elementor-element-154b4ca elementor-widget elementor-widget-text-editor\" data-id=\"154b4ca\" data-element_type=\"widget\" data-e-type=\"widget\" data-widget_type=\"text-editor.default\">\n\t\t\t\t<div class=\"elementor-widget-container\">\n\t\t\t\t\t\t\t\t\t<p class=\" translation-block\">The Latin American Association for the Study of the Liver (ALEH) was founded in S\u00e3o Paulo in 1968, under the leadership of Professor Silvano Raia, who initially thought of a society in South America. That's how ALEH was founded. The first meeting was held in the city of S\u00e3o Paulo in 1968, with the participation of Argentina, Brazil, Chile and Venezuela. Although these countries are still of great relevance in the organization of society, there has been a significant increase of member countries, now involving several South and Central American nations.<\/p><p>The main characteristic of this association is the scientific activities in the clinical area, without neglecting the basic area, although the latter with less emphasis.<\/p><p class=\" translation-block\">The organizational structure of ALEH consists of a Board of Directors which includes the President of ALEH, the next two Presidents, two Secretaries appointed by the current President, its Executive Director and the Past-President, with the aim  of giving continuity to the actions outlined.  Additionally, it has a delegate from each member country, being as a rule the president of the local society of each country.  In this way, countries are represented in political and administrative decisions.<\/p><p>The official organ of dissemination of ALEH is the Journal \"Annal of Hepatology\", a publication based on Mexico, but with international indexing and with an outstanding growth among similar publications.<\/p><p>In addition to continuing medical and activities that stimulate the development of hepatology in Latin America, a congress is held once a year where the participation of experts from each country dedicated to the study of liver diseases is prioritized. On this ocassion, there is a healthy exchange of scientific experiences and invaluable personal relationship, essential to strengthen ties of friendship and joint work.<\/p><p class=\" translation-block\">In these events, there is always participation of researcher from  Europe and the United States. This intercontinental union is becoming more and more present since an alliance was established between the American Society for the Study of Liver Diseases (ASSLD), the European Society (EASL) and ALEH in 2007. Every year the Global Liver Summit is held, where representatives of the fives continental hepatology societies (AASLD, EASL, ALEH, APASL and AFASL) are present with the goal of strengthening ties, discussing major political and administrative aspects.<\/p>\t\t\t\t\t\t\t\t<\/div>\n\t\t\t\t<\/div>\n\t\t\t\t\t<\/div>\n\t\t\t\t<\/div>\n\t\t\t\t<\/div>","protected":false},"excerpt":{"rendered":"<p>La Asociaci\u00f3n Latinoamericana para el Estudio del H\u00edgado (ALEH) fue fundada en S\u00e3o Paulo en el a\u00f1o 1968, bajo el liderazgo del profesor Silvano Raia, quien inicialmente pens\u00f3 en una sociedad en el Sur de Am\u00e9rica. As\u00ed naci\u00f3 ALEH. Su primera reuni\u00f3n se llev\u00f3 a cabo en la ciudad de S\u00e3o Paulo en 1968, con [&hellip;]<\/p>","protected":false},"author":1,"featured_media":0,"parent":15151,"menu_order":1,"comment_status":"closed","ping_status":"closed","template":"","meta":{"footnotes":""},"class_list":["post-11425","page","type-page","status-publish","hentry"],"acf":[],"yoast_head":"<!-- This site is optimized with the Yoast SEO plugin v27.2 - https:\/\/yoast.com\/product\/yoast-seo-wordpress\/ -->\n<title>Historia - ALEH - Asociaci\u00f3n Latinoamericana para el Estudio del H\u00edgado<\/title>\n<meta name=\"robots\" content=\"index, follow, max-snippet:-1, max-image-preview:large, max-video-preview:-1\" \/>\n<link rel=\"canonical\" href=\"https:\/\/alehlatam.org\/en\/nosotros\/historia\/\" \/>\n<meta property=\"og:locale\" content=\"en_US\" \/>\n<meta property=\"og:type\" content=\"article\" \/>\n<meta property=\"og:title\" content=\"Historia - ALEH - Asociaci\u00f3n Latinoamericana para el Estudio del H\u00edgado\" \/>\n<meta property=\"og:description\" content=\"La Asociaci\u00f3n Latinoamericana para el Estudio del H\u00edgado (ALEH) fue fundada en S\u00e3o Paulo en el a\u00f1o 1968, bajo el liderazgo del profesor Silvano Raia, quien inicialmente pens\u00f3 en una sociedad en el Sur de Am\u00e9rica. As\u00ed naci\u00f3 ALEH. Su primera reuni\u00f3n se llev\u00f3 a cabo en la ciudad de S\u00e3o Paulo en 1968, con [&hellip;]\" \/>\n<meta property=\"og:url\" content=\"https:\/\/alehlatam.org\/en\/nosotros\/historia\/\" \/>\n<meta property=\"og:site_name\" content=\"ALEH - Asociaci\u00f3n Latinoamericana para el Estudio del H\u00edgado\" \/>\n<meta property=\"article:modified_time\" content=\"2024-04-03T19:12:01+00:00\" \/>\n<meta property=\"og:image\" content=\"https:\/\/alehlatam.org\/wp-content\/uploads\/2026\/01\/Default-banner-para-links-externos.png\" \/>\n\t<meta property=\"og:image:width\" content=\"1200\" \/>\n\t<meta property=\"og:image:height\" content=\"675\" \/>\n\t<meta property=\"og:image:type\" content=\"image\/png\" \/>\n<meta name=\"twitter:card\" content=\"summary_large_image\" \/>\n<script type=\"application\/ld+json\" class=\"yoast-schema-graph\">{\"@context\":\"https:\/\/schema.org\",\"@graph\":[{\"@type\":\"WebPage\",\"@id\":\"https:\/\/alehlatam.org\/nosotros\/historia\/\",\"url\":\"https:\/\/alehlatam.org\/nosotros\/historia\/\",\"name\":\"Historia - ALEH - Asociaci\u00f3n Latinoamericana para el Estudio del H\u00edgado\",\"isPartOf\":{\"@id\":\"https:\/\/alehlatam.org\/#website\"},\"datePublished\":\"2024-01-23T16:10:58+00:00\",\"dateModified\":\"2024-04-03T19:12:01+00:00\",\"breadcrumb\":{\"@id\":\"https:\/\/alehlatam.org\/nosotros\/historia\/#breadcrumb\"},\"inLanguage\":\"en-US\",\"potentialAction\":[{\"@type\":\"ReadAction\",\"target\":[\"https:\/\/alehlatam.org\/nosotros\/historia\/\"]}]},{\"@type\":\"BreadcrumbList\",\"@id\":\"https:\/\/alehlatam.org\/nosotros\/historia\/#breadcrumb\",\"itemListElement\":[{\"@type\":\"ListItem\",\"position\":1,\"name\":\"Inicio\",\"item\":\"https:\/\/alehlatam.org\/\"},{\"@type\":\"ListItem\",\"position\":2,\"name\":\"Nosotros\",\"item\":\"https:\/\/alehlatam.org\/nosotros\/\"},{\"@type\":\"ListItem\",\"position\":3,\"name\":\"Historia\"}]},{\"@type\":\"WebSite\",\"@id\":\"https:\/\/alehlatam.org\/#website\",\"url\":\"https:\/\/alehlatam.org\/\",\"name\":\"ALEH - Asociaci\u00f3n Latinoamericana para el Estudio del H\u00edgado\",\"description\":\"Conectamos a la comunidad de hepatolog\u00eda en Latinoam\u00e9rica. ALEH impulsa la investigaci\u00f3n y el intercambio cient\u00edfico para mejorar la salud hep\u00e1tica regional.\",\"publisher\":{\"@id\":\"https:\/\/alehlatam.org\/#organization\"},\"alternateName\":\"ALEH\",\"potentialAction\":[{\"@type\":\"SearchAction\",\"target\":{\"@type\":\"EntryPoint\",\"urlTemplate\":\"https:\/\/alehlatam.org\/?s={search_term_string}\"},\"query-input\":{\"@type\":\"PropertyValueSpecification\",\"valueRequired\":true,\"valueName\":\"search_term_string\"}}],\"inLanguage\":\"en-US\"},{\"@type\":\"Organization\",\"@id\":\"https:\/\/alehlatam.org\/#organization\",\"name\":\"Asociaci\u00f3n Latinoamericana para el Estudio del H\u00edgado\",\"alternateName\":\"ALEH\",\"url\":\"https:\/\/alehlatam.org\/\",\"logo\":{\"@type\":\"ImageObject\",\"inLanguage\":\"en-US\",\"@id\":\"https:\/\/alehlatam.org\/#\/schema\/logo\/image\/\",\"url\":\"https:\/\/alehlatam.org\/wp-content\/uploads\/2024\/01\/Logo-ALEH-Transparente.png\",\"contentUrl\":\"https:\/\/alehlatam.org\/wp-content\/uploads\/2024\/01\/Logo-ALEH-Transparente.png\",\"width\":2000,\"height\":1493,\"caption\":\"Asociaci\u00f3n Latinoamericana para el Estudio del H\u00edgado\"},\"image\":{\"@id\":\"https:\/\/alehlatam.org\/#\/schema\/logo\/image\/\"}}]}<\/script>\n<!-- \/ Yoast SEO plugin. -->","yoast_head_json":{"title":"Historia - ALEH - Asociaci\u00f3n Latinoamericana para el Estudio del H\u00edgado","robots":{"index":"index","follow":"follow","max-snippet":"max-snippet:-1","max-image-preview":"max-image-preview:large","max-video-preview":"max-video-preview:-1"},"canonical":"https:\/\/alehlatam.org\/en\/nosotros\/historia\/","og_locale":"en_US","og_type":"article","og_title":"Historia - ALEH - Asociaci\u00f3n Latinoamericana para el Estudio del H\u00edgado","og_description":"La Asociaci\u00f3n Latinoamericana para el Estudio del H\u00edgado (ALEH) fue fundada en S\u00e3o Paulo en el a\u00f1o 1968, bajo el liderazgo del profesor Silvano Raia, quien inicialmente pens\u00f3 en una sociedad en el Sur de Am\u00e9rica. As\u00ed naci\u00f3 ALEH. Su primera reuni\u00f3n se llev\u00f3 a cabo en la ciudad de S\u00e3o Paulo en 1968, con [&hellip;]","og_url":"https:\/\/alehlatam.org\/en\/nosotros\/historia\/","og_site_name":"ALEH - Asociaci\u00f3n Latinoamericana para el Estudio del H\u00edgado","article_modified_time":"2024-04-03T19:12:01+00:00","og_image":[{"width":1200,"height":675,"url":"https:\/\/alehlatam.org\/wp-content\/uploads\/2026\/01\/Default-banner-para-links-externos.png","type":"image\/png"}],"twitter_card":"summary_large_image","schema":{"@context":"https:\/\/schema.org","@graph":[{"@type":"WebPage","@id":"https:\/\/alehlatam.org\/nosotros\/historia\/","url":"https:\/\/alehlatam.org\/nosotros\/historia\/","name":"Historia - ALEH - Asociaci\u00f3n Latinoamericana para el Estudio del H\u00edgado","isPartOf":{"@id":"https:\/\/alehlatam.org\/#website"},"datePublished":"2024-01-23T16:10:58+00:00","dateModified":"2024-04-03T19:12:01+00:00","breadcrumb":{"@id":"https:\/\/alehlatam.org\/nosotros\/historia\/#breadcrumb"},"inLanguage":"en-US","potentialAction":[{"@type":"ReadAction","target":["https:\/\/alehlatam.org\/nosotros\/historia\/"]}]},{"@type":"BreadcrumbList","@id":"https:\/\/alehlatam.org\/nosotros\/historia\/#breadcrumb","itemListElement":[{"@type":"ListItem","position":1,"name":"Inicio","item":"https:\/\/alehlatam.org\/"},{"@type":"ListItem","position":2,"name":"Nosotros","item":"https:\/\/alehlatam.org\/nosotros\/"},{"@type":"ListItem","position":3,"name":"Historia"}]},{"@type":"WebSite","@id":"https:\/\/alehlatam.org\/#website","url":"https:\/\/alehlatam.org\/","name":"ALEH - Asociaci\u00f3n Latinoamericana para el Estudio del H\u00edgado","description":"Conectamos a la comunidad de hepatolog\u00eda en Latinoam\u00e9rica. ALEH impulsa la investigaci\u00f3n y el intercambio cient\u00edfico para mejorar la salud hep\u00e1tica regional.","publisher":{"@id":"https:\/\/alehlatam.org\/#organization"},"alternateName":"ALEH","potentialAction":[{"@type":"SearchAction","target":{"@type":"EntryPoint","urlTemplate":"https:\/\/alehlatam.org\/?s={search_term_string}"},"query-input":{"@type":"PropertyValueSpecification","valueRequired":true,"valueName":"search_term_string"}}],"inLanguage":"en-US"},{"@type":"Organization","@id":"https:\/\/alehlatam.org\/#organization","name":"Asociaci\u00f3n Latinoamericana para el Estudio del H\u00edgado","alternateName":"ALEH","url":"https:\/\/alehlatam.org\/","logo":{"@type":"ImageObject","inLanguage":"en-US","@id":"https:\/\/alehlatam.org\/#\/schema\/logo\/image\/","url":"https:\/\/alehlatam.org\/wp-content\/uploads\/2024\/01\/Logo-ALEH-Transparente.png","contentUrl":"https:\/\/alehlatam.org\/wp-content\/uploads\/2024\/01\/Logo-ALEH-Transparente.png","width":2000,"height":1493,"caption":"Asociaci\u00f3n Latinoamericana para el Estudio del H\u00edgado"},"image":{"@id":"https:\/\/alehlatam.org\/#\/schema\/logo\/image\/"}}]}},"_links":{"self":[{"href":"https:\/\/alehlatam.org\/en\/wp-json\/wp\/v2\/pages\/11425","targetHints":{"allow":["GET"]}}],"collection":[{"href":"https:\/\/alehlatam.org\/en\/wp-json\/wp\/v2\/pages"}],"about":[{"href":"https:\/\/alehlatam.org\/en\/wp-json\/wp\/v2\/types\/page"}],"author":[{"embeddable":true,"href":"https:\/\/alehlatam.org\/en\/wp-json\/wp\/v2\/users\/1"}],"replies":[{"embeddable":true,"href":"https:\/\/alehlatam.org\/en\/wp-json\/wp\/v2\/comments?post=11425"}],"version-history":[{"count":0,"href":"https:\/\/alehlatam.org\/en\/wp-json\/wp\/v2\/pages\/11425\/revisions"}],"up":[{"embeddable":true,"href":"https:\/\/alehlatam.org\/en\/wp-json\/wp\/v2\/pages\/15151"}],"wp:attachment":[{"href":"https:\/\/alehlatam.org\/en\/wp-json\/wp\/v2\/media?parent=11425"}],"curies":[{"name":"wp","href":"https:\/\/api.w.org\/{rel}","templated":true}]}}