{"id":12120,"date":"2024-02-08T19:55:19","date_gmt":"2024-02-08T19:55:19","guid":{"rendered":"https:\/\/alehlatam.org\/wp2024\/?page_id=12120"},"modified":"2024-12-20T12:31:13","modified_gmt":"2024-12-20T15:31:13","slug":"hepatitis-virales","status":"publish","type":"page","link":"https:\/\/alehlatam.org\/en\/investigacion-educacion\/grupos-de-interes\/hepatitis-virales\/","title":{"rendered":"Viral Hepatitis"},"content":{"rendered":"<div data-elementor-type=\"wp-page\" data-elementor-id=\"12120\" class=\"elementor elementor-12120\" data-elementor-post-type=\"page\">\n\t\t\t\t<div class=\"elementor-element elementor-element-1c912a8 e-con-full e-flex e-con e-child\" data-id=\"1c912a8\" data-element_type=\"container\" data-e-type=\"container\">\n\t\t\t\t<div class=\"elementor-element elementor-element-2d49314 elementor-widget elementor-widget-text-editor\" data-id=\"2d49314\" data-element_type=\"widget\" data-e-type=\"widget\" data-widget_type=\"text-editor.default\">\n\t\t\t\t<div class=\"elementor-widget-container\">\n\t\t\t\t\t\t\t\t\t<div class=\"flex-shrink-0 flex flex-col relative items-end\">\n<div>\n<div class=\"pt-0\">\n<div class=\"gizmo-bot-avatar flex h-8 w-8 items-center justify-center overflow-hidden rounded-full\">El Grupo de Inter\u00e9s en Hepatitis Virales de la Asociaci\u00f3n Latinoamericana para el Estudio del H\u00edgado (ALEH) se dedica a promover el conocimiento y la investigaci\u00f3n sobre las hepatitis virales en la regi\u00f3n. Nuestro objetivo es difundir avances cient\u00edficos y proporcionar informaci\u00f3n detallada sobre los virus de las hepatitis A, B, C, D y E, abarcando aspectos moleculares, cl\u00ednicos y patol\u00f3gicos.<\/div>\n<\/div>\n<\/div>\n<\/div>\n<div class=\"group\/conversation-turn relative flex w-full min-w-0 flex-col agent-turn\">\n<div class=\"flex-col gap-1 md:gap-3\">\n<div class=\"flex max-w-full flex-col flex-grow\">\n<div class=\"min-h-8 text-message flex w-full flex-col items-end gap-2 whitespace-normal break-words text-start [.text-message+&amp;]:mt-5\" dir=\"auto\" data-message-author-role=\"assistant\" data-message-id=\"c48dea4a-cbd7-49ba-9e3e-c64e0876eef0\" data-message-model-slug=\"gpt-4o\">\n<div class=\"flex w-full flex-col gap-1 empty:hidden first:pt-[3px]\">\n<div class=\"markdown prose w-full break-words dark:prose-invert dark\">\n<p>Las hepatitis virales representan un desaf\u00edo significativo para la salud p\u00fablica en Latinoam\u00e9rica, con millones de personas afectadas y una alta tasa de mortalidad asociada. Nuestro grupo trabaja para concienciar sobre la prevenci\u00f3n, diagn\u00f3stico y tratamiento de estas infecciones, fomentando la colaboraci\u00f3n entre profesionales de la salud y la comunidad cient\u00edfica.<\/p>\n<p>A trav\u00e9s de actividades educativas, publicaciones y eventos, buscamos fortalecer la comprensi\u00f3n de las hepatitis virales y contribuir a la eliminaci\u00f3n de estas enfermedades en nuestra regi\u00f3n. Invitamos a todos los interesados a unirse a nuestros esfuerzos y participar activamente en nuestras iniciativas.<\/p>\n<\/div>\n<\/div>\n<\/div>\n<\/div>\n<\/div>\n<\/div>\t\t\t\t\t\t\t\t<\/div>\n\t\t\t\t<\/div>\n\t\t\t\t<div class=\"elementor-element elementor-element-21e9ed4 elementor-widget elementor-widget-heading\" data-id=\"21e9ed4\" data-element_type=\"widget\" data-e-type=\"widget\" data-widget_type=\"heading.default\">\n\t\t\t\t<div class=\"elementor-widget-container\">\n\t\t\t\t\t<h2 class=\"elementor-heading-title elementor-size-default\">Coordinators<\/h2>\t\t\t\t<\/div>\n\t\t\t\t<\/div>\n\t\t<div class=\"elementor-element elementor-element-cab0e98 e-con-full e-flex e-con e-child\" data-id=\"cab0e98\" data-element_type=\"container\" data-e-type=\"container\">\n\t\t<article class=\"elementor-element elementor-element-e86c8a0 e-con-full e-flex e-con e-child\" data-id=\"e86c8a0\" data-element_type=\"container\" data-e-type=\"container\">\n\t\t\t\t<div class=\"elementor-element elementor-element-d3414de elementor-widget__width-initial dce_masking-none elementor-widget elementor-widget-image\" data-id=\"d3414de\" data-element_type=\"widget\" data-e-type=\"widget\" data-widget_type=\"image.default\">\n\t\t\t\t<div class=\"elementor-widget-container\">\n\t\t\t\t\t\t\t\t\t\t\t\t\t\t\t<img fetchpriority=\"high\" decoding=\"async\" width=\"768\" height=\"768\" src=\"https:\/\/alehlatam.org\/wp-content\/uploads\/2024\/01\/DR.-MARIO-PESSOA-e1707423106163-768x768.jpg\" class=\"attachment-medium_large size-medium_large wp-image-11706\" alt=\"Mario Pessoa, MD\" srcset=\"https:\/\/alehlatam.org\/wp-content\/uploads\/2024\/01\/DR.-MARIO-PESSOA-e1707423106163-768x768.jpg 768w, https:\/\/alehlatam.org\/wp-content\/uploads\/2024\/01\/DR.-MARIO-PESSOA-e1707423106163-300x300.jpg 300w, https:\/\/alehlatam.org\/wp-content\/uploads\/2024\/01\/DR.-MARIO-PESSOA-e1707423106163-150x150.jpg 150w, https:\/\/alehlatam.org\/wp-content\/uploads\/2024\/01\/DR.-MARIO-PESSOA-e1707423106163.jpg 1008w\" sizes=\"(max-width: 768px) 100vw, 768px\" \/>\t\t\t\t\t\t\t\t\t\t\t\t\t\t\t<\/div>\n\t\t\t\t<\/div>\n\t\t\t\t<div class=\"elementor-element elementor-element-1f58264 elementor-widget elementor-widget-heading\" data-id=\"1f58264\" data-element_type=\"widget\" data-e-type=\"widget\" data-widget_type=\"heading.default\">\n\t\t\t\t<div class=\"elementor-widget-container\">\n\t\t\t\t\t<h3 class=\"elementor-heading-title elementor-size-default\">Mario Pessoa, MD<\/h3>\t\t\t\t<\/div>\n\t\t\t\t<\/div>\n\t\t\t\t<div class=\"elementor-element elementor-element-aff4e9f elementor-widget elementor-widget-heading\" data-id=\"aff4e9f\" data-element_type=\"widget\" data-e-type=\"widget\" data-widget_type=\"heading.default\">\n\t\t\t\t<div class=\"elementor-widget-container\">\n\t\t\t\t\t<div class=\"elementor-heading-title elementor-size-default\"><a href=\"mailto:mgpessoa@usp.br\">Contact<\/a><\/div>\t\t\t\t<\/div>\n\t\t\t\t<\/div>\n\t\t<div class=\"elementor-element elementor-element-0e0212f e-con-full e-flex e-con e-child\" data-id=\"0e0212f\" data-element_type=\"container\" data-e-type=\"container\">\n\t\t\t\t<div class=\"elementor-element elementor-element-caeb0ed elementor-view-default elementor-widget elementor-widget-icon\" data-id=\"caeb0ed\" data-element_type=\"widget\" data-e-type=\"widget\" data-widget_type=\"icon.default\">\n\t\t\t\t<div class=\"elementor-widget-container\">\n\t\t\t\t\t\t\t<div class=\"elementor-icon-wrapper\">\n\t\t\t<div class=\"elementor-icon\">\n\t\t\t<svg xmlns=\"http:\/\/www.w3.org\/2000\/svg\" width=\"512\" height=\"512\" viewbox=\"0 0 512 512\"><mask id=\"a\"><circle cx=\"256\" cy=\"256\" r=\"256\" fill=\"#fff\"><\/circle><\/mask><g mask=\"url(#a)\"><path fill=\"#6da544\" d=\"M0 0h512v512H0z\"><\/path><path fill=\"#ffda44\" d=\"M256 100.2 467.5 256 256 411.8 44.5 256z\"><\/path><path fill=\"#eee\" d=\"M174.2 221a87 87 0 0 0-7.2 36.3l162 49.8a88.5 88.5 0 0 0 14.4-34c-40.6-65.3-119.7-80.3-169.1-52z\"><\/path><path fill=\"#0052b4\" d=\"M255.7 167a89 89 0 0 0-41.9 10.6 89 89 0 0 0-39.6 43.4 181.7 181.7 0 0 1 169.1 52.2 89 89 0 0 0-9-59.4 89 89 0 0 0-78.6-46.8zM212 250.5a149 149 0 0 0-45 6.8 89 89 0 0 0 10.5 40.9 89 89 0 0 0 120.6 36.2 89 89 0 0 0 30.7-27.3A151 151 0 0 0 212 250.5z\"><\/path><\/g><\/svg>\t\t\t<\/div>\n\t\t<\/div>\n\t\t\t\t\t\t<\/div>\n\t\t\t\t<\/div>\n\t\t\t\t<div class=\"elementor-element elementor-element-7a7f837 elementor-widget elementor-widget-heading\" data-id=\"7a7f837\" data-element_type=\"widget\" data-e-type=\"widget\" data-widget_type=\"heading.default\">\n\t\t\t\t<div class=\"elementor-widget-container\">\n\t\t\t\t\t<div class=\"elementor-heading-title elementor-size-default\">Brazil<\/div>\t\t\t\t<\/div>\n\t\t\t\t<\/div>\n\t\t\t\t<\/div>\n\t\t\t\t<\/article>\n\t\t<article class=\"elementor-element elementor-element-9ecb425 e-con-full e-flex e-con e-child\" data-id=\"9ecb425\" data-element_type=\"container\" data-e-type=\"container\">\n\t\t\t\t<div class=\"elementor-element elementor-element-bc9326b elementor-widget__width-initial dce_masking-none elementor-widget elementor-widget-image\" data-id=\"bc9326b\" data-element_type=\"widget\" data-e-type=\"widget\" data-widget_type=\"image.default\">\n\t\t\t\t<div class=\"elementor-widget-container\">\n\t\t\t\t\t\t\t\t\t\t\t\t\t\t\t<img decoding=\"async\" width=\"768\" height=\"768\" src=\"https:\/\/alehlatam.org\/wp-content\/uploads\/2024\/02\/ezequiel-ridruejo-e1707423056693-768x768.jpeg\" class=\"attachment-medium_large size-medium_large wp-image-12123\" alt=\"Doctor Ezequiel Ridruejo\" srcset=\"https:\/\/alehlatam.org\/wp-content\/uploads\/2024\/02\/ezequiel-ridruejo-e1707423056693-768x768.jpeg 768w, https:\/\/alehlatam.org\/wp-content\/uploads\/2024\/02\/ezequiel-ridruejo-e1707423056693-300x300.jpeg 300w, https:\/\/alehlatam.org\/wp-content\/uploads\/2024\/02\/ezequiel-ridruejo-e1707423056693-150x150.jpeg 150w, https:\/\/alehlatam.org\/wp-content\/uploads\/2024\/02\/ezequiel-ridruejo-e1707423056693.jpeg 913w\" sizes=\"(max-width: 768px) 100vw, 768px\" \/>\t\t\t\t\t\t\t\t\t\t\t\t\t\t\t<\/div>\n\t\t\t\t<\/div>\n\t\t\t\t<div class=\"elementor-element elementor-element-64d9e88 elementor-widget elementor-widget-heading\" data-id=\"64d9e88\" data-element_type=\"widget\" data-e-type=\"widget\" data-widget_type=\"heading.default\">\n\t\t\t\t<div class=\"elementor-widget-container\">\n\t\t\t\t\t<h3 class=\"elementor-heading-title elementor-size-default\">Dr. Ezequiel Ridruejo<\/h3>\t\t\t\t<\/div>\n\t\t\t\t<\/div>\n\t\t\t\t<div class=\"elementor-element elementor-element-320f97d elementor-widget elementor-widget-heading\" data-id=\"320f97d\" data-element_type=\"widget\" data-e-type=\"widget\" data-widget_type=\"heading.default\">\n\t\t\t\t<div class=\"elementor-widget-container\">\n\t\t\t\t\t<div class=\"elementor-heading-title elementor-size-default\"><a href=\"mailto:eridruejo@gmail.com\">Contact<\/a><\/div>\t\t\t\t<\/div>\n\t\t\t\t<\/div>\n\t\t<div class=\"elementor-element elementor-element-ab3dc1f e-con-full e-flex e-con e-child\" data-id=\"ab3dc1f\" data-element_type=\"container\" data-e-type=\"container\">\n\t\t\t\t<div class=\"elementor-element elementor-element-5304659 elementor-view-default elementor-widget elementor-widget-icon\" data-id=\"5304659\" data-element_type=\"widget\" data-e-type=\"widget\" data-widget_type=\"icon.default\">\n\t\t\t\t<div class=\"elementor-widget-container\">\n\t\t\t\t\t\t\t<div class=\"elementor-icon-wrapper\">\n\t\t\t<div class=\"elementor-icon\">\n\t\t\t<svg xmlns=\"http:\/\/www.w3.org\/2000\/svg\" width=\"512\" height=\"512\" viewbox=\"0 0 512 512\"><mask id=\"a\"><circle cx=\"256\" cy=\"256\" r=\"256\" fill=\"#fff\"><\/circle><\/mask><g mask=\"url(#a)\"><path fill=\"#338af3\" d=\"M0 0h512v144.7L488 256l24 111.3V512H0V367.3L26 256 0 144.7z\"><\/path><path fill=\"#eee\" d=\"M0 144.7h512v222.6H0z\"><\/path><path fill=\"#ffda44\" d=\"m332.4 256-31.2 14.7 16.7 30.3-34-6.5-4.2 34.3-23.7-25.2-23.6 25.2-4.3-34.3-34 6.5 16.6-30.3-31.2-14.7 31.3-14.7L194 211l34 6.5 4.3-34.3 23.6 25.2 23.6-25.2 4.4 34.3 34-6.5-16.7 30.3z\"><\/path><\/g><\/svg>\t\t\t<\/div>\n\t\t<\/div>\n\t\t\t\t\t\t<\/div>\n\t\t\t\t<\/div>\n\t\t\t\t<div class=\"elementor-element elementor-element-06e9a7f elementor-widget elementor-widget-heading\" data-id=\"06e9a7f\" data-element_type=\"widget\" data-e-type=\"widget\" data-widget_type=\"heading.default\">\n\t\t\t\t<div class=\"elementor-widget-container\">\n\t\t\t\t\t<div class=\"elementor-heading-title elementor-size-default\">Argentina<\/div>\t\t\t\t<\/div>\n\t\t\t\t<\/div>\n\t\t\t\t<\/div>\n\t\t\t\t<\/article>\n\t\t\t\t<\/div>\n\t\t\t\t<\/div>\n\t\t\t\t<\/div>","protected":false},"excerpt":{"rendered":"<p>El Grupo de Inter\u00e9s en Hepatitis Virales de la Asociaci\u00f3n Latinoamericana para el Estudio del H\u00edgado (ALEH) se dedica a promover el conocimiento y la investigaci\u00f3n sobre las hepatitis virales en la regi\u00f3n. Nuestro objetivo es difundir avances cient\u00edficos y proporcionar informaci\u00f3n detallada sobre los virus de las hepatitis A, B, C, D y E, [&hellip;]<\/p>","protected":false},"author":1,"featured_media":0,"parent":12035,"menu_order":0,"comment_status":"closed","ping_status":"closed","template":"","meta":{"footnotes":""},"class_list":["post-12120","page","type-page","status-publish","hentry"],"acf":[],"yoast_head":"<!-- This site is optimized with the Yoast SEO plugin v27.2 - https:\/\/yoast.com\/product\/yoast-seo-wordpress\/ -->\n<title>Hepatitis Virales - ALEH - Asociaci\u00f3n Latinoamericana para el Estudio del H\u00edgado<\/title>\n<meta name=\"robots\" content=\"index, follow, max-snippet:-1, max-image-preview:large, max-video-preview:-1\" \/>\n<link rel=\"canonical\" href=\"https:\/\/alehlatam.org\/en\/investigacion-educacion\/grupos-de-interes\/hepatitis-virales\/\" \/>\n<meta property=\"og:locale\" content=\"en_US\" \/>\n<meta property=\"og:type\" content=\"article\" \/>\n<meta property=\"og:title\" content=\"Hepatitis Virales - ALEH - Asociaci\u00f3n Latinoamericana para el Estudio del H\u00edgado\" \/>\n<meta property=\"og:description\" content=\"El Grupo de Inter\u00e9s en Hepatitis Virales de la Asociaci\u00f3n Latinoamericana para el Estudio del H\u00edgado (ALEH) se dedica a promover el conocimiento y la investigaci\u00f3n sobre las hepatitis virales en la regi\u00f3n. Nuestro objetivo es difundir avances cient\u00edficos y proporcionar informaci\u00f3n detallada sobre los virus de las hepatitis A, B, C, D y E, [&hellip;]\" \/>\n<meta property=\"og:url\" content=\"https:\/\/alehlatam.org\/en\/investigacion-educacion\/grupos-de-interes\/hepatitis-virales\/\" \/>\n<meta property=\"og:site_name\" content=\"ALEH - Asociaci\u00f3n Latinoamericana para el Estudio del H\u00edgado\" \/>\n<meta property=\"article:modified_time\" content=\"2024-12-20T15:31:13+00:00\" \/>\n<meta property=\"og:image\" content=\"https:\/\/alehlatam.org\/wp-content\/uploads\/2024\/01\/DR.-MARIO-PESSOA-e1707423106163.jpg\" \/>\n\t<meta property=\"og:image:width\" content=\"1008\" \/>\n\t<meta property=\"og:image:height\" content=\"1008\" \/>\n\t<meta property=\"og:image:type\" content=\"image\/jpeg\" \/>\n<meta name=\"twitter:card\" content=\"summary_large_image\" \/>\n<script type=\"application\/ld+json\" class=\"yoast-schema-graph\">{\"@context\":\"https:\/\/schema.org\",\"@graph\":[{\"@type\":\"WebPage\",\"@id\":\"https:\/\/alehlatam.org\/investigacion-educacion\/grupos-de-interes\/hepatitis-virales\/\",\"url\":\"https:\/\/alehlatam.org\/investigacion-educacion\/grupos-de-interes\/hepatitis-virales\/\",\"name\":\"Hepatitis Virales - ALEH - Asociaci\u00f3n Latinoamericana para el Estudio del H\u00edgado\",\"isPartOf\":{\"@id\":\"https:\/\/alehlatam.org\/#website\"},\"primaryImageOfPage\":{\"@id\":\"https:\/\/alehlatam.org\/investigacion-educacion\/grupos-de-interes\/hepatitis-virales\/#primaryimage\"},\"image\":{\"@id\":\"https:\/\/alehlatam.org\/investigacion-educacion\/grupos-de-interes\/hepatitis-virales\/#primaryimage\"},\"thumbnailUrl\":\"https:\/\/alehlatam.org\/wp-content\/uploads\/2024\/01\/DR.-MARIO-PESSOA-e1707423106163-768x768.jpg\",\"datePublished\":\"2024-02-08T19:55:19+00:00\",\"dateModified\":\"2024-12-20T15:31:13+00:00\",\"breadcrumb\":{\"@id\":\"https:\/\/alehlatam.org\/investigacion-educacion\/grupos-de-interes\/hepatitis-virales\/#breadcrumb\"},\"inLanguage\":\"en-US\",\"potentialAction\":[{\"@type\":\"ReadAction\",\"target\":[\"https:\/\/alehlatam.org\/investigacion-educacion\/grupos-de-interes\/hepatitis-virales\/\"]}]},{\"@type\":\"ImageObject\",\"inLanguage\":\"en-US\",\"@id\":\"https:\/\/alehlatam.org\/investigacion-educacion\/grupos-de-interes\/hepatitis-virales\/#primaryimage\",\"url\":\"https:\/\/alehlatam.org\/wp-content\/uploads\/2024\/01\/DR.-MARIO-PESSOA-e1707423106163-768x768.jpg\",\"contentUrl\":\"https:\/\/alehlatam.org\/wp-content\/uploads\/2024\/01\/DR.-MARIO-PESSOA-e1707423106163-768x768.jpg\"},{\"@type\":\"BreadcrumbList\",\"@id\":\"https:\/\/alehlatam.org\/investigacion-educacion\/grupos-de-interes\/hepatitis-virales\/#breadcrumb\",\"itemListElement\":[{\"@type\":\"ListItem\",\"position\":1,\"name\":\"Inicio\",\"item\":\"https:\/\/alehlatam.org\/\"},{\"@type\":\"ListItem\",\"position\":2,\"name\":\"Investigaci\u00f3n y Educaci\u00f3n\",\"item\":\"https:\/\/alehlatam.org\/investigacion-educacion\/\"},{\"@type\":\"ListItem\",\"position\":3,\"name\":\"Grupos de Inter\u00e9s\",\"item\":\"https:\/\/alehlatam.org\/investigacion-educacion\/grupos-de-interes\/\"},{\"@type\":\"ListItem\",\"position\":4,\"name\":\"Hepatitis Virales\"}]},{\"@type\":\"WebSite\",\"@id\":\"https:\/\/alehlatam.org\/#website\",\"url\":\"https:\/\/alehlatam.org\/\",\"name\":\"ALEH - Asociaci\u00f3n Latinoamericana para el Estudio del H\u00edgado\",\"description\":\"Conectamos a la comunidad de hepatolog\u00eda en Latinoam\u00e9rica. ALEH impulsa la investigaci\u00f3n y el intercambio cient\u00edfico para mejorar la salud hep\u00e1tica regional.\",\"publisher\":{\"@id\":\"https:\/\/alehlatam.org\/#organization\"},\"alternateName\":\"ALEH\",\"potentialAction\":[{\"@type\":\"SearchAction\",\"target\":{\"@type\":\"EntryPoint\",\"urlTemplate\":\"https:\/\/alehlatam.org\/?s={search_term_string}\"},\"query-input\":{\"@type\":\"PropertyValueSpecification\",\"valueRequired\":true,\"valueName\":\"search_term_string\"}}],\"inLanguage\":\"en-US\"},{\"@type\":\"Organization\",\"@id\":\"https:\/\/alehlatam.org\/#organization\",\"name\":\"Asociaci\u00f3n Latinoamericana para el Estudio del H\u00edgado\",\"alternateName\":\"ALEH\",\"url\":\"https:\/\/alehlatam.org\/\",\"logo\":{\"@type\":\"ImageObject\",\"inLanguage\":\"en-US\",\"@id\":\"https:\/\/alehlatam.org\/#\/schema\/logo\/image\/\",\"url\":\"https:\/\/alehlatam.org\/wp-content\/uploads\/2024\/01\/Logo-ALEH-Transparente.png\",\"contentUrl\":\"https:\/\/alehlatam.org\/wp-content\/uploads\/2024\/01\/Logo-ALEH-Transparente.png\",\"width\":2000,\"height\":1493,\"caption\":\"Asociaci\u00f3n Latinoamericana para el Estudio del H\u00edgado\"},\"image\":{\"@id\":\"https:\/\/alehlatam.org\/#\/schema\/logo\/image\/\"}}]}<\/script>\n<!-- \/ Yoast SEO plugin. -->","yoast_head_json":{"title":"Hepatitis Virales - ALEH - Asociaci\u00f3n Latinoamericana para el Estudio del H\u00edgado","robots":{"index":"index","follow":"follow","max-snippet":"max-snippet:-1","max-image-preview":"max-image-preview:large","max-video-preview":"max-video-preview:-1"},"canonical":"https:\/\/alehlatam.org\/en\/investigacion-educacion\/grupos-de-interes\/hepatitis-virales\/","og_locale":"en_US","og_type":"article","og_title":"Hepatitis Virales - ALEH - Asociaci\u00f3n Latinoamericana para el Estudio del H\u00edgado","og_description":"El Grupo de Inter\u00e9s en Hepatitis Virales de la Asociaci\u00f3n Latinoamericana para el Estudio del H\u00edgado (ALEH) se dedica a promover el conocimiento y la investigaci\u00f3n sobre las hepatitis virales en la regi\u00f3n. Nuestro objetivo es difundir avances cient\u00edficos y proporcionar informaci\u00f3n detallada sobre los virus de las hepatitis A, B, C, D y E, [&hellip;]","og_url":"https:\/\/alehlatam.org\/en\/investigacion-educacion\/grupos-de-interes\/hepatitis-virales\/","og_site_name":"ALEH - Asociaci\u00f3n Latinoamericana para el Estudio del H\u00edgado","article_modified_time":"2024-12-20T15:31:13+00:00","og_image":[{"width":1008,"height":1008,"url":"https:\/\/alehlatam.org\/wp-content\/uploads\/2024\/01\/DR.-MARIO-PESSOA-e1707423106163.jpg","type":"image\/jpeg"}],"twitter_card":"summary_large_image","schema":{"@context":"https:\/\/schema.org","@graph":[{"@type":"WebPage","@id":"https:\/\/alehlatam.org\/investigacion-educacion\/grupos-de-interes\/hepatitis-virales\/","url":"https:\/\/alehlatam.org\/investigacion-educacion\/grupos-de-interes\/hepatitis-virales\/","name":"Hepatitis Virales - ALEH - Asociaci\u00f3n Latinoamericana para el Estudio del H\u00edgado","isPartOf":{"@id":"https:\/\/alehlatam.org\/#website"},"primaryImageOfPage":{"@id":"https:\/\/alehlatam.org\/investigacion-educacion\/grupos-de-interes\/hepatitis-virales\/#primaryimage"},"image":{"@id":"https:\/\/alehlatam.org\/investigacion-educacion\/grupos-de-interes\/hepatitis-virales\/#primaryimage"},"thumbnailUrl":"https:\/\/alehlatam.org\/wp-content\/uploads\/2024\/01\/DR.-MARIO-PESSOA-e1707423106163-768x768.jpg","datePublished":"2024-02-08T19:55:19+00:00","dateModified":"2024-12-20T15:31:13+00:00","breadcrumb":{"@id":"https:\/\/alehlatam.org\/investigacion-educacion\/grupos-de-interes\/hepatitis-virales\/#breadcrumb"},"inLanguage":"en-US","potentialAction":[{"@type":"ReadAction","target":["https:\/\/alehlatam.org\/investigacion-educacion\/grupos-de-interes\/hepatitis-virales\/"]}]},{"@type":"ImageObject","inLanguage":"en-US","@id":"https:\/\/alehlatam.org\/investigacion-educacion\/grupos-de-interes\/hepatitis-virales\/#primaryimage","url":"https:\/\/alehlatam.org\/wp-content\/uploads\/2024\/01\/DR.-MARIO-PESSOA-e1707423106163-768x768.jpg","contentUrl":"https:\/\/alehlatam.org\/wp-content\/uploads\/2024\/01\/DR.-MARIO-PESSOA-e1707423106163-768x768.jpg"},{"@type":"BreadcrumbList","@id":"https:\/\/alehlatam.org\/investigacion-educacion\/grupos-de-interes\/hepatitis-virales\/#breadcrumb","itemListElement":[{"@type":"ListItem","position":1,"name":"Inicio","item":"https:\/\/alehlatam.org\/"},{"@type":"ListItem","position":2,"name":"Investigaci\u00f3n y Educaci\u00f3n","item":"https:\/\/alehlatam.org\/investigacion-educacion\/"},{"@type":"ListItem","position":3,"name":"Grupos de Inter\u00e9s","item":"https:\/\/alehlatam.org\/investigacion-educacion\/grupos-de-interes\/"},{"@type":"ListItem","position":4,"name":"Hepatitis Virales"}]},{"@type":"WebSite","@id":"https:\/\/alehlatam.org\/#website","url":"https:\/\/alehlatam.org\/","name":"ALEH - Asociaci\u00f3n Latinoamericana para el Estudio del H\u00edgado","description":"Conectamos a la comunidad de hepatolog\u00eda en Latinoam\u00e9rica. ALEH impulsa la investigaci\u00f3n y el intercambio cient\u00edfico para mejorar la salud hep\u00e1tica regional.","publisher":{"@id":"https:\/\/alehlatam.org\/#organization"},"alternateName":"ALEH","potentialAction":[{"@type":"SearchAction","target":{"@type":"EntryPoint","urlTemplate":"https:\/\/alehlatam.org\/?s={search_term_string}"},"query-input":{"@type":"PropertyValueSpecification","valueRequired":true,"valueName":"search_term_string"}}],"inLanguage":"en-US"},{"@type":"Organization","@id":"https:\/\/alehlatam.org\/#organization","name":"Asociaci\u00f3n Latinoamericana para el Estudio del H\u00edgado","alternateName":"ALEH","url":"https:\/\/alehlatam.org\/","logo":{"@type":"ImageObject","inLanguage":"en-US","@id":"https:\/\/alehlatam.org\/#\/schema\/logo\/image\/","url":"https:\/\/alehlatam.org\/wp-content\/uploads\/2024\/01\/Logo-ALEH-Transparente.png","contentUrl":"https:\/\/alehlatam.org\/wp-content\/uploads\/2024\/01\/Logo-ALEH-Transparente.png","width":2000,"height":1493,"caption":"Asociaci\u00f3n Latinoamericana para el Estudio del H\u00edgado"},"image":{"@id":"https:\/\/alehlatam.org\/#\/schema\/logo\/image\/"}}]}},"_links":{"self":[{"href":"https:\/\/alehlatam.org\/en\/wp-json\/wp\/v2\/pages\/12120","targetHints":{"allow":["GET"]}}],"collection":[{"href":"https:\/\/alehlatam.org\/en\/wp-json\/wp\/v2\/pages"}],"about":[{"href":"https:\/\/alehlatam.org\/en\/wp-json\/wp\/v2\/types\/page"}],"author":[{"embeddable":true,"href":"https:\/\/alehlatam.org\/en\/wp-json\/wp\/v2\/users\/1"}],"replies":[{"embeddable":true,"href":"https:\/\/alehlatam.org\/en\/wp-json\/wp\/v2\/comments?post=12120"}],"version-history":[{"count":0,"href":"https:\/\/alehlatam.org\/en\/wp-json\/wp\/v2\/pages\/12120\/revisions"}],"up":[{"embeddable":true,"href":"https:\/\/alehlatam.org\/en\/wp-json\/wp\/v2\/pages\/12035"}],"wp:attachment":[{"href":"https:\/\/alehlatam.org\/en\/wp-json\/wp\/v2\/media?parent=12120"}],"curies":[{"name":"wp","href":"https:\/\/api.w.org\/{rel}","templated":true}]}}