{"id":15507,"date":"2024-06-18T15:34:37","date_gmt":"2024-06-18T19:34:37","guid":{"rendered":"https:\/\/alehlatam.org\/wp2024\/?page_id=15507"},"modified":"2024-06-18T15:37:24","modified_gmt":"2024-06-18T19:37:24","slug":"instrucciones-de-inscripcion-membresia-aasld","status":"publish","type":"page","link":"https:\/\/alehlatam.org\/en\/instrucciones-de-inscripcion-membresia-aasld\/","title":{"rendered":"Instrucciones de Inscripci\u00f3n Membres\u00eda AASLD"},"content":{"rendered":"<h2 class=\"wp-block-post-title\">Instrucciones de Inscripci\u00f3n Membres\u00eda AASLD<\/h2>\n\n\n<figure class=\"wp-block-image size-large\"><img fetchpriority=\"high\" decoding=\"async\" width=\"1024\" height=\"576\" src=\"https:\/\/alehlatam.org\/wp-content\/uploads\/2024\/06\/ALEH-AASLD-Noticia-Web-1024x576.jpg\" alt=\"\" class=\"wp-image-15505\" srcset=\"https:\/\/alehlatam.org\/wp-content\/uploads\/2024\/06\/ALEH-AASLD-Noticia-Web-1024x576.jpg 1024w, https:\/\/alehlatam.org\/wp-content\/uploads\/2024\/06\/ALEH-AASLD-Noticia-Web-300x169.jpg 300w, https:\/\/alehlatam.org\/wp-content\/uploads\/2024\/06\/ALEH-AASLD-Noticia-Web-768x432.jpg 768w, https:\/\/alehlatam.org\/wp-content\/uploads\/2024\/06\/ALEH-AASLD-Noticia-Web-1536x864.jpg 1536w, https:\/\/alehlatam.org\/wp-content\/uploads\/2024\/06\/ALEH-AASLD-Noticia-Web-18x10.jpg 18w, https:\/\/alehlatam.org\/wp-content\/uploads\/2024\/06\/ALEH-AASLD-Noticia-Web.jpg 1920w\" sizes=\"(max-width: 1024px) 100vw, 1024px\" \/><\/figure>\n\n\n\n<p>Si eres miembro activo de ALEH, aprovecha esta gran oportunidad de convertirse en miembro de AASLD a un precio preferencial. Sigue estos 3 pasos para obtener tu membres\u00eda rebajada.<\/p>\n\n\n\n<p>1) Desde <a href=\"https:\/\/my.aasld.org\/\">https:\/\/my.aasld.org\/<\/a>, necesitar\u00e1s iniciar sesi\u00f3n en tu cuenta de AASLD.<\/p>\n\n\n\n<p>Si ya tienes una cuenta:<\/p>\n\n\n\n<p>&#8211; Haz tu \u201c<em>log in<\/em>\u201d y procede a Membres\u00eda (<em>Membership<\/em>) \u2192 Solicitud (<em>Application<\/em>) \u2192 Unirte (Join) \u2192 Centro de Comunidad (aasld.org) (Community Hub [aasld.org]).<\/p>\n\n\n\n<p>Si no tienes una cuenta:<\/p>\n\n\n\n<p>&#8211; Haz clic en <strong><em>Forgot your password?<\/em><\/strong><br>&#8211; Ingresa la direcci\u00f3n de correo electr\u00f3nico asociada con tu cuenta de ALEH.<br>&#8211; Recibir\u00e1s un correo electr\u00f3nico con un enlace para restablecer la contrase\u00f1a de tu cuenta.<br>&#8211; Sigue los pasos de inicio de sesi\u00f3n mencionados anteriormente para llegar al proceso de inscripci\u00f3n.<\/p>\n\n\n\n<figure class=\"wp-block-image aligncenter is-resized\"><img decoding=\"async\" src=\"https:\/\/alehlatam.org\/wp-content\/uploads\/2024\/04\/Captura-de-Pantalla-2024-04-10-a-las-09.54.26.png\" alt=\"Secci\u00f3n de ingreso al portal de AASLD con el enlace &quot;Forgot your password?&quot; destacado.\" class=\"wp-image-11878\" style=\"width:400px\"\/><\/figure>\n\n\n\n<p>2) Sigue las indicaciones para enviar tu solicitud de membres\u00eda para la membres\u00eda internacional o de asociado. Todas las solicitudes deben ser revisadas por el personal de AASLD. Ten en cuenta que los precios con descuento no se reflejar\u00e1n hasta el final de la solicitud.<\/p>\n\n\n\n<figure class=\"wp-block-image aligncenter is-resized\"><img decoding=\"async\" src=\"https:\/\/alehlatam.org\/wp-content\/uploads\/2024\/04\/paso-2-membresia-aasld.png\" alt=\"\" class=\"wp-image-11879\" style=\"width:404px;height:auto\"\/><\/figure>\n\n\n\n<p>3) Si no ves reflejado el precio con descuento en tu carrito, primero ponte en contacto con ALEH a <a href=\"mailto:info@alehlatam.org\">info@alehlatam.org<\/a> para asegurarte de que tu membres\u00eda est\u00e9 activa. Una vez que recibas la prueba de membres\u00eda de ALEH, env\u00edala por correo electr\u00f3nico a <a href=\"mailto:membership@aasld.org\"><u>membership@aasld.org<\/u><\/a> y el equipo de servicio al cliente ajustar\u00e1 el precio para ti.<\/p>\n\n\n\n<p><\/p>","protected":false},"excerpt":{"rendered":"<p>Si eres miembro activo de ALEH, aprovecha esta gran oportunidad de convertirse en miembro de AASLD a un precio preferencial. Sigue estos 3 pasos para obtener tu membres\u00eda rebajada. 1) Desde https:\/\/my.aasld.org\/, necesitar\u00e1s iniciar sesi\u00f3n en tu cuenta de AASLD. Si ya tienes una cuenta: &#8211; Haz tu \u201clog in\u201d y procede a Membres\u00eda (Membership) [&hellip;]<\/p>","protected":false},"author":1,"featured_media":0,"parent":0,"menu_order":0,"comment_status":"closed","ping_status":"closed","template":"","meta":{"footnotes":""},"class_list":["post-15507","page","type-page","status-publish","hentry"],"acf":[],"yoast_head":"<!-- This site is optimized with the Yoast SEO plugin v27.2 - https:\/\/yoast.com\/product\/yoast-seo-wordpress\/ -->\n<title>Instrucciones de Inscripci\u00f3n Membres\u00eda AASLD - ALEH - Asociaci\u00f3n Latinoamericana para el Estudio del H\u00edgado<\/title>\n<meta name=\"robots\" content=\"index, follow, max-snippet:-1, max-image-preview:large, max-video-preview:-1\" \/>\n<link rel=\"canonical\" href=\"https:\/\/alehlatam.org\/en\/instrucciones-de-inscripcion-membresia-aasld\/\" \/>\n<meta property=\"og:locale\" content=\"en_US\" \/>\n<meta property=\"og:type\" content=\"article\" \/>\n<meta property=\"og:title\" content=\"Instrucciones de Inscripci\u00f3n Membres\u00eda AASLD - ALEH - Asociaci\u00f3n Latinoamericana para el Estudio del H\u00edgado\" \/>\n<meta property=\"og:description\" content=\"Si eres miembro activo de ALEH, aprovecha esta gran oportunidad de convertirse en miembro de AASLD a un precio preferencial. Sigue estos 3 pasos para obtener tu membres\u00eda rebajada. 1) Desde https:\/\/my.aasld.org\/, necesitar\u00e1s iniciar sesi\u00f3n en tu cuenta de AASLD. Si ya tienes una cuenta: &#8211; Haz tu \u201clog in\u201d y procede a Membres\u00eda (Membership) [&hellip;]\" \/>\n<meta property=\"og:url\" content=\"https:\/\/alehlatam.org\/en\/instrucciones-de-inscripcion-membresia-aasld\/\" \/>\n<meta property=\"og:site_name\" content=\"ALEH - Asociaci\u00f3n Latinoamericana para el Estudio del H\u00edgado\" \/>\n<meta property=\"article:modified_time\" content=\"2024-06-18T19:37:24+00:00\" \/>\n<meta property=\"og:image\" content=\"https:\/\/alehlatam.org\/wp-content\/uploads\/2024\/06\/ALEH-AASLD-Noticia-Web-1024x576.jpg\" \/>\n<meta name=\"twitter:card\" content=\"summary_large_image\" \/>\n<script type=\"application\/ld+json\" class=\"yoast-schema-graph\">{\"@context\":\"https:\/\/schema.org\",\"@graph\":[{\"@type\":\"WebPage\",\"@id\":\"https:\/\/alehlatam.org\/instrucciones-de-inscripcion-membresia-aasld\/\",\"url\":\"https:\/\/alehlatam.org\/instrucciones-de-inscripcion-membresia-aasld\/\",\"name\":\"Instrucciones de Inscripci\u00f3n Membres\u00eda AASLD - ALEH - Asociaci\u00f3n Latinoamericana para el Estudio del H\u00edgado\",\"isPartOf\":{\"@id\":\"https:\/\/alehlatam.org\/#website\"},\"primaryImageOfPage\":{\"@id\":\"https:\/\/alehlatam.org\/instrucciones-de-inscripcion-membresia-aasld\/#primaryimage\"},\"image\":{\"@id\":\"https:\/\/alehlatam.org\/instrucciones-de-inscripcion-membresia-aasld\/#primaryimage\"},\"thumbnailUrl\":\"https:\/\/alehlatam.org\/wp-content\/uploads\/2024\/06\/ALEH-AASLD-Noticia-Web-1024x576.jpg\",\"datePublished\":\"2024-06-18T19:34:37+00:00\",\"dateModified\":\"2024-06-18T19:37:24+00:00\",\"breadcrumb\":{\"@id\":\"https:\/\/alehlatam.org\/instrucciones-de-inscripcion-membresia-aasld\/#breadcrumb\"},\"inLanguage\":\"en-US\",\"potentialAction\":[{\"@type\":\"ReadAction\",\"target\":[\"https:\/\/alehlatam.org\/instrucciones-de-inscripcion-membresia-aasld\/\"]}]},{\"@type\":\"ImageObject\",\"inLanguage\":\"en-US\",\"@id\":\"https:\/\/alehlatam.org\/instrucciones-de-inscripcion-membresia-aasld\/#primaryimage\",\"url\":\"https:\/\/alehlatam.org\/wp-content\/uploads\/2024\/06\/ALEH-AASLD-Noticia-Web-1024x576.jpg\",\"contentUrl\":\"https:\/\/alehlatam.org\/wp-content\/uploads\/2024\/06\/ALEH-AASLD-Noticia-Web-1024x576.jpg\"},{\"@type\":\"BreadcrumbList\",\"@id\":\"https:\/\/alehlatam.org\/instrucciones-de-inscripcion-membresia-aasld\/#breadcrumb\",\"itemListElement\":[{\"@type\":\"ListItem\",\"position\":1,\"name\":\"Inicio\",\"item\":\"https:\/\/alehlatam.org\/\"},{\"@type\":\"ListItem\",\"position\":2,\"name\":\"Instrucciones de Inscripci\u00f3n Membres\u00eda AASLD\"}]},{\"@type\":\"WebSite\",\"@id\":\"https:\/\/alehlatam.org\/#website\",\"url\":\"https:\/\/alehlatam.org\/\",\"name\":\"ALEH - Asociaci\u00f3n Latinoamericana para el Estudio del H\u00edgado\",\"description\":\"Conectamos a la comunidad de hepatolog\u00eda en Latinoam\u00e9rica. ALEH impulsa la investigaci\u00f3n y el intercambio cient\u00edfico para mejorar la salud hep\u00e1tica regional.\",\"publisher\":{\"@id\":\"https:\/\/alehlatam.org\/#organization\"},\"alternateName\":\"ALEH\",\"potentialAction\":[{\"@type\":\"SearchAction\",\"target\":{\"@type\":\"EntryPoint\",\"urlTemplate\":\"https:\/\/alehlatam.org\/?s={search_term_string}\"},\"query-input\":{\"@type\":\"PropertyValueSpecification\",\"valueRequired\":true,\"valueName\":\"search_term_string\"}}],\"inLanguage\":\"en-US\"},{\"@type\":\"Organization\",\"@id\":\"https:\/\/alehlatam.org\/#organization\",\"name\":\"Asociaci\u00f3n Latinoamericana para el Estudio del H\u00edgado\",\"alternateName\":\"ALEH\",\"url\":\"https:\/\/alehlatam.org\/\",\"logo\":{\"@type\":\"ImageObject\",\"inLanguage\":\"en-US\",\"@id\":\"https:\/\/alehlatam.org\/#\/schema\/logo\/image\/\",\"url\":\"https:\/\/alehlatam.org\/wp-content\/uploads\/2024\/01\/Logo-ALEH-Transparente.png\",\"contentUrl\":\"https:\/\/alehlatam.org\/wp-content\/uploads\/2024\/01\/Logo-ALEH-Transparente.png\",\"width\":2000,\"height\":1493,\"caption\":\"Asociaci\u00f3n Latinoamericana para el Estudio del H\u00edgado\"},\"image\":{\"@id\":\"https:\/\/alehlatam.org\/#\/schema\/logo\/image\/\"}}]}<\/script>\n<!-- \/ Yoast SEO plugin. -->","yoast_head_json":{"title":"Instrucciones de Inscripci\u00f3n Membres\u00eda AASLD - ALEH - Asociaci\u00f3n Latinoamericana para el Estudio del H\u00edgado","robots":{"index":"index","follow":"follow","max-snippet":"max-snippet:-1","max-image-preview":"max-image-preview:large","max-video-preview":"max-video-preview:-1"},"canonical":"https:\/\/alehlatam.org\/en\/instrucciones-de-inscripcion-membresia-aasld\/","og_locale":"en_US","og_type":"article","og_title":"Instrucciones de Inscripci\u00f3n Membres\u00eda AASLD - ALEH - Asociaci\u00f3n Latinoamericana para el Estudio del H\u00edgado","og_description":"Si eres miembro activo de ALEH, aprovecha esta gran oportunidad de convertirse en miembro de AASLD a un precio preferencial. Sigue estos 3 pasos para obtener tu membres\u00eda rebajada. 1) Desde https:\/\/my.aasld.org\/, necesitar\u00e1s iniciar sesi\u00f3n en tu cuenta de AASLD. Si ya tienes una cuenta: &#8211; Haz tu \u201clog in\u201d y procede a Membres\u00eda (Membership) [&hellip;]","og_url":"https:\/\/alehlatam.org\/en\/instrucciones-de-inscripcion-membresia-aasld\/","og_site_name":"ALEH - Asociaci\u00f3n Latinoamericana para el Estudio del H\u00edgado","article_modified_time":"2024-06-18T19:37:24+00:00","og_image":[{"url":"https:\/\/alehlatam.org\/wp-content\/uploads\/2024\/06\/ALEH-AASLD-Noticia-Web-1024x576.jpg","type":"","width":"","height":""}],"twitter_card":"summary_large_image","schema":{"@context":"https:\/\/schema.org","@graph":[{"@type":"WebPage","@id":"https:\/\/alehlatam.org\/instrucciones-de-inscripcion-membresia-aasld\/","url":"https:\/\/alehlatam.org\/instrucciones-de-inscripcion-membresia-aasld\/","name":"Instrucciones de Inscripci\u00f3n Membres\u00eda AASLD - ALEH - Asociaci\u00f3n Latinoamericana para el Estudio del H\u00edgado","isPartOf":{"@id":"https:\/\/alehlatam.org\/#website"},"primaryImageOfPage":{"@id":"https:\/\/alehlatam.org\/instrucciones-de-inscripcion-membresia-aasld\/#primaryimage"},"image":{"@id":"https:\/\/alehlatam.org\/instrucciones-de-inscripcion-membresia-aasld\/#primaryimage"},"thumbnailUrl":"https:\/\/alehlatam.org\/wp-content\/uploads\/2024\/06\/ALEH-AASLD-Noticia-Web-1024x576.jpg","datePublished":"2024-06-18T19:34:37+00:00","dateModified":"2024-06-18T19:37:24+00:00","breadcrumb":{"@id":"https:\/\/alehlatam.org\/instrucciones-de-inscripcion-membresia-aasld\/#breadcrumb"},"inLanguage":"en-US","potentialAction":[{"@type":"ReadAction","target":["https:\/\/alehlatam.org\/instrucciones-de-inscripcion-membresia-aasld\/"]}]},{"@type":"ImageObject","inLanguage":"en-US","@id":"https:\/\/alehlatam.org\/instrucciones-de-inscripcion-membresia-aasld\/#primaryimage","url":"https:\/\/alehlatam.org\/wp-content\/uploads\/2024\/06\/ALEH-AASLD-Noticia-Web-1024x576.jpg","contentUrl":"https:\/\/alehlatam.org\/wp-content\/uploads\/2024\/06\/ALEH-AASLD-Noticia-Web-1024x576.jpg"},{"@type":"BreadcrumbList","@id":"https:\/\/alehlatam.org\/instrucciones-de-inscripcion-membresia-aasld\/#breadcrumb","itemListElement":[{"@type":"ListItem","position":1,"name":"Inicio","item":"https:\/\/alehlatam.org\/"},{"@type":"ListItem","position":2,"name":"Instrucciones de Inscripci\u00f3n Membres\u00eda AASLD"}]},{"@type":"WebSite","@id":"https:\/\/alehlatam.org\/#website","url":"https:\/\/alehlatam.org\/","name":"ALEH - Asociaci\u00f3n Latinoamericana para el Estudio del H\u00edgado","description":"Conectamos a la comunidad de hepatolog\u00eda en Latinoam\u00e9rica. ALEH impulsa la investigaci\u00f3n y el intercambio cient\u00edfico para mejorar la salud hep\u00e1tica regional.","publisher":{"@id":"https:\/\/alehlatam.org\/#organization"},"alternateName":"ALEH","potentialAction":[{"@type":"SearchAction","target":{"@type":"EntryPoint","urlTemplate":"https:\/\/alehlatam.org\/?s={search_term_string}"},"query-input":{"@type":"PropertyValueSpecification","valueRequired":true,"valueName":"search_term_string"}}],"inLanguage":"en-US"},{"@type":"Organization","@id":"https:\/\/alehlatam.org\/#organization","name":"Asociaci\u00f3n Latinoamericana para el Estudio del H\u00edgado","alternateName":"ALEH","url":"https:\/\/alehlatam.org\/","logo":{"@type":"ImageObject","inLanguage":"en-US","@id":"https:\/\/alehlatam.org\/#\/schema\/logo\/image\/","url":"https:\/\/alehlatam.org\/wp-content\/uploads\/2024\/01\/Logo-ALEH-Transparente.png","contentUrl":"https:\/\/alehlatam.org\/wp-content\/uploads\/2024\/01\/Logo-ALEH-Transparente.png","width":2000,"height":1493,"caption":"Asociaci\u00f3n Latinoamericana para el Estudio del H\u00edgado"},"image":{"@id":"https:\/\/alehlatam.org\/#\/schema\/logo\/image\/"}}]}},"_links":{"self":[{"href":"https:\/\/alehlatam.org\/en\/wp-json\/wp\/v2\/pages\/15507","targetHints":{"allow":["GET"]}}],"collection":[{"href":"https:\/\/alehlatam.org\/en\/wp-json\/wp\/v2\/pages"}],"about":[{"href":"https:\/\/alehlatam.org\/en\/wp-json\/wp\/v2\/types\/page"}],"author":[{"embeddable":true,"href":"https:\/\/alehlatam.org\/en\/wp-json\/wp\/v2\/users\/1"}],"replies":[{"embeddable":true,"href":"https:\/\/alehlatam.org\/en\/wp-json\/wp\/v2\/comments?post=15507"}],"version-history":[{"count":0,"href":"https:\/\/alehlatam.org\/en\/wp-json\/wp\/v2\/pages\/15507\/revisions"}],"wp:attachment":[{"href":"https:\/\/alehlatam.org\/en\/wp-json\/wp\/v2\/media?parent=15507"}],"curies":[{"name":"wp","href":"https:\/\/api.w.org\/{rel}","templated":true}]}}