{"id":15619,"date":"2024-07-29T15:14:33","date_gmt":"2024-07-29T19:14:33","guid":{"rendered":"https:\/\/alehlatam.org\/?page_id=15619"},"modified":"2024-12-09T12:12:32","modified_gmt":"2024-12-09T15:12:32","slug":"annals-of-hepatology","status":"publish","type":"page","link":"https:\/\/alehlatam.org\/en\/investigacion-educacion\/annals-of-hepatology\/","title":{"rendered":"Annals of Hepatology"},"content":{"rendered":"<div data-elementor-type=\"wp-page\" data-elementor-id=\"15619\" class=\"elementor elementor-15619\" data-elementor-post-type=\"page\">\n\t\t\t\t<div class=\"elementor-element elementor-element-46cf2639 e-flex e-con-boxed e-con e-parent\" data-id=\"46cf2639\" data-element_type=\"container\" data-e-type=\"container\">\n\t\t\t\t\t<div class=\"e-con-inner\">\n\t\t\t\t<div class=\"elementor-element elementor-element-16ec62c1 elementor-hidden-mobile elementor-hidden-tablet elementor-widget elementor-widget-breadcrumbs\" data-id=\"16ec62c1\" data-element_type=\"widget\" data-e-type=\"widget\" data-widget_type=\"breadcrumbs.default\">\n\t\t\t\t<div class=\"elementor-widget-container\">\n\t\t\t\t\t<p id=\"breadcrumbs\"><span><span><a href=\"https:\/\/alehlatam.org\/en\/\">Home<\/a><\/span><\/span><\/p>\t\t\t\t<\/div>\n\t\t\t\t<\/div>\n\t\t\t\t<div class=\"elementor-element elementor-element-ff89c30 elementor-widget elementor-widget-heading\" data-id=\"ff89c30\" data-element_type=\"widget\" data-e-type=\"widget\" data-widget_type=\"heading.default\">\n\t\t\t\t<div class=\"elementor-widget-container\">\n\t\t\t\t\t<div class=\"elementor-heading-title elementor-size-default\">Research and Education<\/div>\t\t\t\t<\/div>\n\t\t\t\t<\/div>\n\t\t\t\t<div class=\"elementor-element elementor-element-20dfd2ea elementor-widget elementor-widget-heading\" data-id=\"20dfd2ea\" data-element_type=\"widget\" data-e-type=\"widget\" data-widget_type=\"heading.default\">\n\t\t\t\t<div class=\"elementor-widget-container\">\n\t\t\t\t\t<h1 class=\"elementor-heading-title elementor-size-default\">Annals of Hepatology<\/h1>\t\t\t\t<\/div>\n\t\t\t\t<\/div>\n\t\t\t\t<div class=\"elementor-element elementor-element-1150586f elementor-hidden-desktop elementor-hidden-tablet elementor-widget-divider--view-line elementor-widget elementor-widget-divider\" data-id=\"1150586f\" data-element_type=\"widget\" data-e-type=\"widget\" data-widget_type=\"divider.default\">\n\t\t\t\t<div class=\"elementor-widget-container\">\n\t\t\t\t\t\t\t<div class=\"elementor-divider\">\n\t\t\t<span class=\"elementor-divider-separator\">\n\t\t\t\t\t\t<\/span>\n\t\t<\/div>\n\t\t\t\t\t\t<\/div>\n\t\t\t\t<\/div>\n\t\t\t\t\t<\/div>\n\t\t\t\t<\/div>\n\t\t<div class=\"elementor-element elementor-element-a830cea e-flex e-con-boxed e-con e-child\" data-id=\"a830cea\" data-element_type=\"container\" data-e-type=\"container\">\n\t\t\t\t\t<div class=\"e-con-inner\">\n\t\t<div class=\"elementor-element elementor-element-98fff3a e-flex e-con-boxed e-con e-child\" data-id=\"98fff3a\" data-element_type=\"container\" data-e-type=\"container\">\n\t\t\t\t\t<div class=\"e-con-inner\">\n\t\t\t\t<div class=\"elementor-element elementor-element-0e4ca27 elementor-widget__width-initial elementor-widget-mobile__width-inherit elementor-widget elementor-widget-text-editor\" data-id=\"0e4ca27\" data-element_type=\"widget\" data-e-type=\"widget\" data-widget_type=\"text-editor.default\">\n\t\t\t\t<div class=\"elementor-widget-container\">\n\t\t\t\t\t\t\t\t\t<p>The <b>Annals of Hepatology<\/b> is the official scientific dissemination organ of the <a href=\"https:\/\/hepatologia.org.mx\/\">Mexican Association of Hepatology<\/a>, the Latin American Association for the Study of the Liver, the <a href=\"https:\/\/hepatology.ca\/\">Canadian Association for the Study of the Liver<\/a> and the Czech Society of Hepatology. Funded by the Fundaci\u00f3n Cl\u00ednica M\u00e9dica Sur and published by <a href=\"https:\/\/www.sciencedirect.com\/\">Elsevier<\/a>this bimonthly journal has an impact factor of 2.4 and a <a href=\"https:\/\/www.elsevier.com\/es-es\/products\/scopus\/metrics\/citescore\">CiteScore<\/a> of 4.<\/p>\n<p>The articles and photographs are the sole responsibility of their authors. Reproduction of all or part of this issue requires the Editor's approval.<\/p>\n<p>All correspondence should be addressed to the Editor of the journal.<\/p>\t\t\t\t\t\t\t\t<\/div>\n\t\t\t\t<\/div>\n\t\t\t\t<div class=\"elementor-element elementor-element-e01ea46 dce_masking-none elementor-widget elementor-widget-image\" data-id=\"e01ea46\" data-element_type=\"widget\" data-e-type=\"widget\" data-widget_type=\"image.default\">\n\t\t\t\t<div class=\"elementor-widget-container\">\n\t\t\t\t\t\t\t\t\t\t\t\t\t\t\t<img fetchpriority=\"high\" decoding=\"async\" width=\"300\" height=\"266\" src=\"https:\/\/alehlatam.org\/wp-content\/uploads\/2024\/07\/AoH-logo-300x266-1.png\" class=\"attachment-large size-large wp-image-15629\" alt=\"Logo Annals of Hepatology\" srcset=\"https:\/\/alehlatam.org\/wp-content\/uploads\/2024\/07\/AoH-logo-300x266-1.png 300w, https:\/\/alehlatam.org\/wp-content\/uploads\/2024\/07\/AoH-logo-300x266-1-14x12.png 14w\" sizes=\"(max-width: 300px) 100vw, 300px\" \/>\t\t\t\t\t\t\t\t\t\t\t\t\t\t\t<\/div>\n\t\t\t\t<\/div>\n\t\t\t\t\t<\/div>\n\t\t\t\t<\/div>\n\t\t\t\t<div class=\"elementor-element elementor-element-67292c8 elementor-mobile-align-center elementor-widget elementor-widget-button\" data-id=\"67292c8\" data-element_type=\"widget\" data-e-type=\"widget\" data-widget_type=\"button.default\">\n\t\t\t\t<div class=\"elementor-widget-container\">\n\t\t\t\t\t\t\t\t\t<div class=\"elementor-button-wrapper\">\n\t\t\t\t\t<a class=\"elementor-button elementor-button-link elementor-size-sm\" href=\"https:\/\/www.journals.elsevier.com\/annals-of-hepatology\" target=\"_blank\" rel=\"nofollow\">\n\t\t\t\t\t\t<span class=\"elementor-button-content-wrapper\">\n\t\t\t\t\t\t<span class=\"elementor-button-icon\">\n\t\t\t\t<svg aria-hidden=\"true\" class=\"e-font-icon-svg e-fas-chevron-right\" viewbox=\"0 0 320 512\" xmlns=\"http:\/\/www.w3.org\/2000\/svg\"><path d=\"M285.476 272.971L91.132 467.314c-9.373 9.373-24.569 9.373-33.941 0l-22.667-22.667c-9.357-9.357-9.375-24.522-.04-33.901L188.505 256 34.484 101.255c-9.335-9.379-9.317-24.544.04-33.901l22.667-22.667c9.373-9.373 24.569-9.373 33.941 0L285.475 239.03c9.373 9.372 9.373 24.568.001 33.941z\"><\/path><\/svg>\t\t\t<\/span>\n\t\t\t\t\t\t\t\t\t<span class=\"elementor-button-text\">Read Journal<\/span>\n\t\t\t\t\t<\/span>\n\t\t\t\t\t<\/a>\n\t\t\t\t<\/div>\n\t\t\t\t\t\t\t\t<\/div>\n\t\t\t\t<\/div>\n\t\t<section class=\"elementor-element elementor-element-e565153 e-con-full e-flex e-con e-child\" data-id=\"e565153\" data-element_type=\"container\" data-e-type=\"container\">\n\t\t\t\t<div class=\"elementor-element elementor-element-1701d1a elementor-widget__width-inherit elementor-widget elementor-widget-heading\" data-id=\"1701d1a\" data-element_type=\"widget\" data-e-type=\"widget\" data-widget_type=\"heading.default\">\n\t\t\t\t<div class=\"elementor-widget-container\">\n\t\t\t\t\t<h2 class=\"elementor-heading-title elementor-size-default\">Editor<\/h2>\t\t\t\t<\/div>\n\t\t\t\t<\/div>\n\t\t<div class=\"elementor-element elementor-element-0208a9e e-con-full e-flex e-con e-child\" data-id=\"0208a9e\" data-element_type=\"container\" data-e-type=\"container\">\n\t\t\t\t<div class=\"elementor-element elementor-element-64f59ae elementor-widget__width-initial dce_masking-none elementor-widget elementor-widget-image\" data-id=\"64f59ae\" data-element_type=\"widget\" data-e-type=\"widget\" data-widget_type=\"image.default\">\n\t\t\t\t<div class=\"elementor-widget-container\">\n\t\t\t\t\t\t\t\t\t\t\t\t\t\t\t<img decoding=\"async\" width=\"720\" height=\"720\" src=\"https:\/\/alehlatam.org\/wp-content\/uploads\/2024\/07\/dr-norberto-chavez.jpg\" class=\"attachment-medium_large size-medium_large wp-image-15628\" alt=\"\" srcset=\"https:\/\/alehlatam.org\/wp-content\/uploads\/2024\/07\/dr-norberto-chavez.jpg 720w, https:\/\/alehlatam.org\/wp-content\/uploads\/2024\/07\/dr-norberto-chavez-300x300.jpg 300w, https:\/\/alehlatam.org\/wp-content\/uploads\/2024\/07\/dr-norberto-chavez-150x150.jpg 150w, https:\/\/alehlatam.org\/wp-content\/uploads\/2024\/07\/dr-norberto-chavez-12x12.jpg 12w\" sizes=\"(max-width: 720px) 100vw, 720px\" \/>\t\t\t\t\t\t\t\t\t\t\t\t\t\t\t<\/div>\n\t\t\t\t<\/div>\n\t\t\t\t<div class=\"elementor-element elementor-element-5ef4567 elementor-widget elementor-widget-heading\" data-id=\"5ef4567\" data-element_type=\"widget\" data-e-type=\"widget\" data-widget_type=\"heading.default\">\n\t\t\t\t<div class=\"elementor-widget-container\">\n\t\t\t\t\t<h3 class=\"elementor-heading-title elementor-size-default\">Norberto Ch\u00e1vez-Tapia, MD<\/h3>\t\t\t\t<\/div>\n\t\t\t\t<\/div>\n\t\t\t\t<div class=\"elementor-element elementor-element-39a5df3 elementor-widget elementor-widget-heading\" data-id=\"39a5df3\" data-element_type=\"widget\" data-e-type=\"widget\" data-widget_type=\"heading.default\">\n\t\t\t\t<div class=\"elementor-widget-container\">\n\t\t\t\t\t<div class=\"elementor-heading-title elementor-size-default\"><a href=\"mailto:aoh@elsevier.com\">aoh@elsevier.com<\/a><\/div>\t\t\t\t<\/div>\n\t\t\t\t<\/div>\n\t\t<div class=\"elementor-element elementor-element-1742445 e-con-full e-flex e-con e-child\" data-id=\"1742445\" data-element_type=\"container\" data-e-type=\"container\">\n\t\t\t\t<div class=\"elementor-element elementor-element-18a700a elementor-view-default elementor-widget elementor-widget-icon\" data-id=\"18a700a\" data-element_type=\"widget\" data-e-type=\"widget\" data-widget_type=\"icon.default\">\n\t\t\t\t<div class=\"elementor-widget-container\">\n\t\t\t\t\t\t\t<div class=\"elementor-icon-wrapper\">\n\t\t\t<div class=\"elementor-icon\">\n\t\t\t<svg xmlns=\"http:\/\/www.w3.org\/2000\/svg\" width=\"512\" height=\"512\" viewbox=\"0 0 512 512\"><mask id=\"a\"><circle cx=\"256\" cy=\"256\" r=\"256\" fill=\"#fff\"><\/circle><\/mask><g mask=\"url(#a)\"><path fill=\"#eee\" d=\"M144 0h223l33 256-33 256H144l-32-256z\"><\/path><path fill=\"#496e2d\" d=\"M0 0h144v512H0z\"><\/path><path fill=\"#d80027\" d=\"M368 0h144v512H368z\"><\/path><path fill=\"#ffda44\" d=\"M256 277v10h12l10-22z\"><\/path><path fill=\"#496e2d\" d=\"M160 242a96 96 0 0 0 192 0h-11a85 85 0 0 1-170 0zm39 17-4 2c-2 2-2 6 1 8 15 14 34 22 54 24v17h12v-17c20-2 39-10 54-24 3-2 3-6 1-8s-6-2-8 0a78 78 0 0 1-53 21c-19 0-38-8-53-21z\"><\/path><path fill=\"#338af3\" d=\"M256 316c-14 0-28-5-40-13l6-9c20 13 48 13 68 0l7 9c-12 8-26 13-41 13z\"><\/path><path fill=\"#751a46\" d=\"M256 174c22 11 12 33 11 34l-2-4c-5-11-18-18-31-18v11c6 0 11 5 11 11-7 7-9 17-4 26l4 8-13 23 29-7 18 18v-11l11 11 23-11-35-21-5-21 28 16c4 11 12 21 23 26 9-83-42-91-61-91z\"><\/path><path fill=\"#6da544\" d=\"M222 271c-15 0-33-12-38-40l11-2c4 23 18 31 27 31 3 0 5-1 6-3 0-2 0-3-6-5-3-1-7-2-10-5-10-12 4-24 11-30 1-1 2-2 1-3 0 0-2-2-5-2-7 0-12-4-14-11-2-6 2-13 8-17l5 11c-2 0-2 2-2 4 0 0 1 2 3 2 7 0 14 4 16 9 1 3 2 9-5 15-7 7-11 12-9 15l5 1c5 2 14 5 13 17-1 8-8 13-17 13h-1z\"><\/path><path fill=\"#ffda44\" d=\"m234 186-12 11v11l18-9c3-1 3-5 1-7z\"><\/path><circle cx=\"172\" cy=\"275\" r=\"8\" fill=\"#ffda44\"><\/circle><circle cx=\"189\" cy=\"302\" r=\"8\" fill=\"#ffda44\"><\/circle><circle cx=\"216\" cy=\"323\" r=\"8\" fill=\"#ffda44\"><\/circle><circle cx=\"297\" cy=\"323\" r=\"8\" fill=\"#ffda44\"><\/circle><circle cx=\"324\" cy=\"302\" r=\"8\" fill=\"#ffda44\"><\/circle><circle cx=\"341\" cy=\"275\" r=\"8\" fill=\"#ffda44\"><\/circle><rect width=\"34\" height=\"22\" x=\"239\" y=\"299\" fill=\"#ff9811\" rx=\"11\" ry=\"11\"><\/rect><\/g><\/svg>\t\t\t<\/div>\n\t\t<\/div>\n\t\t\t\t\t\t<\/div>\n\t\t\t\t<\/div>\n\t\t\t\t<div class=\"elementor-element elementor-element-c253039 elementor-widget elementor-widget-heading\" data-id=\"c253039\" data-element_type=\"widget\" data-e-type=\"widget\" data-widget_type=\"heading.default\">\n\t\t\t\t<div class=\"elementor-widget-container\">\n\t\t\t\t\t<div class=\"elementor-heading-title elementor-size-default\">Mexico<\/div>\t\t\t\t<\/div>\n\t\t\t\t<\/div>\n\t\t\t\t<\/div>\n\t\t\t\t<\/div>\n\t\t\t\t<\/section>\n\t\t<section data-dce-background-color=\"#F4F7FB\" class=\"elementor-element elementor-element-c59b858 e-flex e-con-boxed e-con e-child\" data-id=\"c59b858\" data-element_type=\"container\" data-e-type=\"container\" data-settings=\"{&quot;background_background&quot;:&quot;classic&quot;}\">\n\t\t\t\t\t<div class=\"e-con-inner\">\n\t\t\t\t<div class=\"elementor-element elementor-element-5b1ce7a elementor-view-framed elementor-shape-circle elementor-widget elementor-widget-icon\" data-id=\"5b1ce7a\" data-element_type=\"widget\" data-e-type=\"widget\" data-widget_type=\"icon.default\">\n\t\t\t\t<div class=\"elementor-widget-container\">\n\t\t\t\t\t\t\t<div class=\"elementor-icon-wrapper\">\n\t\t\t<div class=\"elementor-icon\">\n\t\t\t<svg xmlns=\"http:\/\/www.w3.org\/2000\/svg\" viewbox=\"0 0 32 19\"><g clip-path=\"url(#a)\"><path d=\"m30.9 9-1.2 1-1.6 1.3c-2.1 1.6-4.4 3-6.4 3h-1.5c.7-1.2 1-2.6 1.2-4.2l.2-1.1a18.5 18.5 0 0 1 .8-4.4V4l2.3.5c1.3.3 2.6.6 4.2 1.4 2.3 1 3 1.7 2 3Zm-9.8-5.3-.2.8c-.4 1.6-.5 3-.7 4.4l-.2 1a16 16 0 0 1-1.2 4.2c-.8-.2-1.5-.3-2.4-.2-1.7.2-2 1-6.6 3.2-4.4 2.1-6.8 2-8.5-.2a4 4 0 0 1-.7-2c0-1.3.4-3 1.1-5.8V9a23 23 0 0 1 1.7-4.4c1-2 2.4-3.2 5.2-3.7 4.5-.8 8.5 1.5 11.8 2.6l.7.2Z\"><\/path><\/g><defs><clippath id=\"a\"><path d=\"M.6.7h30.7v18H.6z\"><\/path><\/clippath><\/defs><\/svg>\t\t\t<\/div>\n\t\t<\/div>\n\t\t\t\t\t\t<\/div>\n\t\t\t\t<\/div>\n\t\t\t\t<div class=\"elementor-element elementor-element-c1fe5cb elementor-widget elementor-widget-heading\" data-id=\"c1fe5cb\" data-element_type=\"widget\" data-e-type=\"widget\" data-widget_type=\"heading.default\">\n\t\t\t\t<div class=\"elementor-widget-container\">\n\t\t\t\t\t<h2 class=\"elementor-heading-title elementor-size-default\">Do you have any questions?<\/h2>\t\t\t\t<\/div>\n\t\t\t\t<\/div>\n\t\t\t\t<div class=\"elementor-element elementor-element-4903f9a elementor-widget__width-initial elementor-widget elementor-widget-heading\" data-id=\"4903f9a\" data-element_type=\"widget\" data-e-type=\"widget\" data-widget_type=\"heading.default\">\n\t\t\t\t<div class=\"elementor-widget-container\">\n\t\t\t\t\t<p class=\"elementor-heading-title elementor-size-default\">Contact us or write directly to coordinacion.cientifica@alehlatam.org<\/p>\t\t\t\t<\/div>\n\t\t\t\t<\/div>\n\t\t\t\t<div class=\"elementor-element elementor-element-03627d1 elementor-align-center elementor-widget elementor-widget-button\" data-id=\"03627d1\" data-element_type=\"widget\" data-e-type=\"widget\" data-widget_type=\"button.default\">\n\t\t\t\t<div class=\"elementor-widget-container\">\n\t\t\t\t\t\t\t\t\t<div class=\"elementor-button-wrapper\">\n\t\t\t\t\t<a class=\"elementor-button elementor-button-link elementor-size-sm\" href=\"mailto:coordinacion.cientifica@alehlatam.org\">\n\t\t\t\t\t\t<span class=\"elementor-button-content-wrapper\">\n\t\t\t\t\t\t\t\t\t<span class=\"elementor-button-text\">Contact the Comittee<\/span>\n\t\t\t\t\t<\/span>\n\t\t\t\t\t<\/a>\n\t\t\t\t<\/div>\n\t\t\t\t\t\t\t\t<\/div>\n\t\t\t\t<\/div>\n\t\t\t\t\t<\/div>\n\t\t\t\t<\/section>\n\t\t\t\t\t<\/div>\n\t\t\t\t<\/div>\n\t\t\t\t<\/div>","protected":false},"excerpt":{"rendered":"<p>Investigaci\u00f3n y educaci\u00f3n Annals of Hepatology La revista Annals of Hepatology es el \u00f3rgano oficial de difusi\u00f3n cient\u00edfica de la Asociaci\u00f3n Mexicana de Hepatolog\u00eda, la Asociaci\u00f3n Latinoamericana para el Estudio del H\u00edgado, la Asociaci\u00f3n Canadiense para el Estudio del H\u00edgado y la Sociedad Checa de Hepatolog\u00eda. Financiada por la Fundaci\u00f3n Cl\u00ednica M\u00e9dica Sur y publicada [&hellip;]<\/p>","protected":false},"author":1,"featured_media":0,"parent":12008,"menu_order":0,"comment_status":"closed","ping_status":"closed","template":"","meta":{"footnotes":""},"class_list":["post-15619","page","type-page","status-publish","hentry"],"acf":[],"yoast_head":"<!-- This site is optimized with the Yoast SEO plugin v27.2 - https:\/\/yoast.com\/product\/yoast-seo-wordpress\/ -->\n<title>Annals of Hepatology - ALEH - Asociaci\u00f3n Latinoamericana para el Estudio del H\u00edgado<\/title>\n<meta name=\"robots\" content=\"index, follow, max-snippet:-1, max-image-preview:large, max-video-preview:-1\" \/>\n<link rel=\"canonical\" href=\"https:\/\/alehlatam.org\/en\/investigacion-educacion\/annals-of-hepatology\/\" \/>\n<meta property=\"og:locale\" content=\"en_US\" \/>\n<meta property=\"og:type\" content=\"article\" \/>\n<meta property=\"og:title\" content=\"Annals of Hepatology - ALEH - Asociaci\u00f3n Latinoamericana para el Estudio del H\u00edgado\" \/>\n<meta property=\"og:description\" content=\"Investigaci\u00f3n y educaci\u00f3n Annals of Hepatology La revista Annals of Hepatology es el \u00f3rgano oficial de difusi\u00f3n cient\u00edfica de la Asociaci\u00f3n Mexicana de Hepatolog\u00eda, la Asociaci\u00f3n Latinoamericana para el Estudio del H\u00edgado, la Asociaci\u00f3n Canadiense para el Estudio del H\u00edgado y la Sociedad Checa de Hepatolog\u00eda. Financiada por la Fundaci\u00f3n Cl\u00ednica M\u00e9dica Sur y publicada [&hellip;]\" \/>\n<meta property=\"og:url\" content=\"https:\/\/alehlatam.org\/en\/investigacion-educacion\/annals-of-hepatology\/\" \/>\n<meta property=\"og:site_name\" content=\"ALEH - Asociaci\u00f3n Latinoamericana para el Estudio del H\u00edgado\" \/>\n<meta property=\"article:modified_time\" content=\"2024-12-09T15:12:32+00:00\" \/>\n<meta property=\"og:image\" content=\"https:\/\/alehlatam.org\/wp-content\/uploads\/2024\/07\/AoH-logo-300x266-1.png\" \/>\n\t<meta property=\"og:image:width\" content=\"300\" \/>\n\t<meta property=\"og:image:height\" content=\"266\" \/>\n\t<meta property=\"og:image:type\" content=\"image\/png\" \/>\n<meta name=\"twitter:card\" content=\"summary_large_image\" \/>\n<script type=\"application\/ld+json\" class=\"yoast-schema-graph\">{\"@context\":\"https:\/\/schema.org\",\"@graph\":[{\"@type\":\"WebPage\",\"@id\":\"https:\/\/alehlatam.org\/investigacion-educacion\/annals-of-hepatology\/\",\"url\":\"https:\/\/alehlatam.org\/investigacion-educacion\/annals-of-hepatology\/\",\"name\":\"Annals of Hepatology - ALEH - Asociaci\u00f3n Latinoamericana para el Estudio del H\u00edgado\",\"isPartOf\":{\"@id\":\"https:\/\/alehlatam.org\/#website\"},\"primaryImageOfPage\":{\"@id\":\"https:\/\/alehlatam.org\/investigacion-educacion\/annals-of-hepatology\/#primaryimage\"},\"image\":{\"@id\":\"https:\/\/alehlatam.org\/investigacion-educacion\/annals-of-hepatology\/#primaryimage\"},\"thumbnailUrl\":\"https:\/\/alehlatam.org\/wp-content\/uploads\/2024\/07\/AoH-logo-300x266-1.png\",\"datePublished\":\"2024-07-29T19:14:33+00:00\",\"dateModified\":\"2024-12-09T15:12:32+00:00\",\"breadcrumb\":{\"@id\":\"https:\/\/alehlatam.org\/investigacion-educacion\/annals-of-hepatology\/#breadcrumb\"},\"inLanguage\":\"en-US\",\"potentialAction\":[{\"@type\":\"ReadAction\",\"target\":[\"https:\/\/alehlatam.org\/investigacion-educacion\/annals-of-hepatology\/\"]}]},{\"@type\":\"ImageObject\",\"inLanguage\":\"en-US\",\"@id\":\"https:\/\/alehlatam.org\/investigacion-educacion\/annals-of-hepatology\/#primaryimage\",\"url\":\"https:\/\/alehlatam.org\/wp-content\/uploads\/2024\/07\/AoH-logo-300x266-1.png\",\"contentUrl\":\"https:\/\/alehlatam.org\/wp-content\/uploads\/2024\/07\/AoH-logo-300x266-1.png\"},{\"@type\":\"BreadcrumbList\",\"@id\":\"https:\/\/alehlatam.org\/investigacion-educacion\/annals-of-hepatology\/#breadcrumb\",\"itemListElement\":[{\"@type\":\"ListItem\",\"position\":1,\"name\":\"Inicio\",\"item\":\"https:\/\/alehlatam.org\/\"},{\"@type\":\"ListItem\",\"position\":2,\"name\":\"Investigaci\u00f3n y Educaci\u00f3n\",\"item\":\"https:\/\/alehlatam.org\/investigacion-educacion\/\"},{\"@type\":\"ListItem\",\"position\":3,\"name\":\"Annals of Hepatology\"}]},{\"@type\":\"WebSite\",\"@id\":\"https:\/\/alehlatam.org\/#website\",\"url\":\"https:\/\/alehlatam.org\/\",\"name\":\"ALEH - Asociaci\u00f3n Latinoamericana para el Estudio del H\u00edgado\",\"description\":\"Conectamos a la comunidad de hepatolog\u00eda en Latinoam\u00e9rica. ALEH impulsa la investigaci\u00f3n y el intercambio cient\u00edfico para mejorar la salud hep\u00e1tica regional.\",\"publisher\":{\"@id\":\"https:\/\/alehlatam.org\/#organization\"},\"alternateName\":\"ALEH\",\"potentialAction\":[{\"@type\":\"SearchAction\",\"target\":{\"@type\":\"EntryPoint\",\"urlTemplate\":\"https:\/\/alehlatam.org\/?s={search_term_string}\"},\"query-input\":{\"@type\":\"PropertyValueSpecification\",\"valueRequired\":true,\"valueName\":\"search_term_string\"}}],\"inLanguage\":\"en-US\"},{\"@type\":\"Organization\",\"@id\":\"https:\/\/alehlatam.org\/#organization\",\"name\":\"Asociaci\u00f3n Latinoamericana para el Estudio del H\u00edgado\",\"alternateName\":\"ALEH\",\"url\":\"https:\/\/alehlatam.org\/\",\"logo\":{\"@type\":\"ImageObject\",\"inLanguage\":\"en-US\",\"@id\":\"https:\/\/alehlatam.org\/#\/schema\/logo\/image\/\",\"url\":\"https:\/\/alehlatam.org\/wp-content\/uploads\/2024\/01\/Logo-ALEH-Transparente.png\",\"contentUrl\":\"https:\/\/alehlatam.org\/wp-content\/uploads\/2024\/01\/Logo-ALEH-Transparente.png\",\"width\":2000,\"height\":1493,\"caption\":\"Asociaci\u00f3n Latinoamericana para el Estudio del H\u00edgado\"},\"image\":{\"@id\":\"https:\/\/alehlatam.org\/#\/schema\/logo\/image\/\"}}]}<\/script>\n<!-- \/ Yoast SEO plugin. -->","yoast_head_json":{"title":"Annals of Hepatology - ALEH - Asociaci\u00f3n Latinoamericana para el Estudio del H\u00edgado","robots":{"index":"index","follow":"follow","max-snippet":"max-snippet:-1","max-image-preview":"max-image-preview:large","max-video-preview":"max-video-preview:-1"},"canonical":"https:\/\/alehlatam.org\/en\/investigacion-educacion\/annals-of-hepatology\/","og_locale":"en_US","og_type":"article","og_title":"Annals of Hepatology - ALEH - Asociaci\u00f3n Latinoamericana para el Estudio del H\u00edgado","og_description":"Investigaci\u00f3n y educaci\u00f3n Annals of Hepatology La revista Annals of Hepatology es el \u00f3rgano oficial de difusi\u00f3n cient\u00edfica de la Asociaci\u00f3n Mexicana de Hepatolog\u00eda, la Asociaci\u00f3n Latinoamericana para el Estudio del H\u00edgado, la Asociaci\u00f3n Canadiense para el Estudio del H\u00edgado y la Sociedad Checa de Hepatolog\u00eda. Financiada por la Fundaci\u00f3n Cl\u00ednica M\u00e9dica Sur y publicada [&hellip;]","og_url":"https:\/\/alehlatam.org\/en\/investigacion-educacion\/annals-of-hepatology\/","og_site_name":"ALEH - Asociaci\u00f3n Latinoamericana para el Estudio del H\u00edgado","article_modified_time":"2024-12-09T15:12:32+00:00","og_image":[{"width":300,"height":266,"url":"https:\/\/alehlatam.org\/wp-content\/uploads\/2024\/07\/AoH-logo-300x266-1.png","type":"image\/png"}],"twitter_card":"summary_large_image","schema":{"@context":"https:\/\/schema.org","@graph":[{"@type":"WebPage","@id":"https:\/\/alehlatam.org\/investigacion-educacion\/annals-of-hepatology\/","url":"https:\/\/alehlatam.org\/investigacion-educacion\/annals-of-hepatology\/","name":"Annals of Hepatology - ALEH - Asociaci\u00f3n Latinoamericana para el Estudio del H\u00edgado","isPartOf":{"@id":"https:\/\/alehlatam.org\/#website"},"primaryImageOfPage":{"@id":"https:\/\/alehlatam.org\/investigacion-educacion\/annals-of-hepatology\/#primaryimage"},"image":{"@id":"https:\/\/alehlatam.org\/investigacion-educacion\/annals-of-hepatology\/#primaryimage"},"thumbnailUrl":"https:\/\/alehlatam.org\/wp-content\/uploads\/2024\/07\/AoH-logo-300x266-1.png","datePublished":"2024-07-29T19:14:33+00:00","dateModified":"2024-12-09T15:12:32+00:00","breadcrumb":{"@id":"https:\/\/alehlatam.org\/investigacion-educacion\/annals-of-hepatology\/#breadcrumb"},"inLanguage":"en-US","potentialAction":[{"@type":"ReadAction","target":["https:\/\/alehlatam.org\/investigacion-educacion\/annals-of-hepatology\/"]}]},{"@type":"ImageObject","inLanguage":"en-US","@id":"https:\/\/alehlatam.org\/investigacion-educacion\/annals-of-hepatology\/#primaryimage","url":"https:\/\/alehlatam.org\/wp-content\/uploads\/2024\/07\/AoH-logo-300x266-1.png","contentUrl":"https:\/\/alehlatam.org\/wp-content\/uploads\/2024\/07\/AoH-logo-300x266-1.png"},{"@type":"BreadcrumbList","@id":"https:\/\/alehlatam.org\/investigacion-educacion\/annals-of-hepatology\/#breadcrumb","itemListElement":[{"@type":"ListItem","position":1,"name":"Inicio","item":"https:\/\/alehlatam.org\/"},{"@type":"ListItem","position":2,"name":"Investigaci\u00f3n y Educaci\u00f3n","item":"https:\/\/alehlatam.org\/investigacion-educacion\/"},{"@type":"ListItem","position":3,"name":"Annals of Hepatology"}]},{"@type":"WebSite","@id":"https:\/\/alehlatam.org\/#website","url":"https:\/\/alehlatam.org\/","name":"ALEH - Asociaci\u00f3n Latinoamericana para el Estudio del H\u00edgado","description":"Conectamos a la comunidad de hepatolog\u00eda en Latinoam\u00e9rica. ALEH impulsa la investigaci\u00f3n y el intercambio cient\u00edfico para mejorar la salud hep\u00e1tica regional.","publisher":{"@id":"https:\/\/alehlatam.org\/#organization"},"alternateName":"ALEH","potentialAction":[{"@type":"SearchAction","target":{"@type":"EntryPoint","urlTemplate":"https:\/\/alehlatam.org\/?s={search_term_string}"},"query-input":{"@type":"PropertyValueSpecification","valueRequired":true,"valueName":"search_term_string"}}],"inLanguage":"en-US"},{"@type":"Organization","@id":"https:\/\/alehlatam.org\/#organization","name":"Asociaci\u00f3n Latinoamericana para el Estudio del H\u00edgado","alternateName":"ALEH","url":"https:\/\/alehlatam.org\/","logo":{"@type":"ImageObject","inLanguage":"en-US","@id":"https:\/\/alehlatam.org\/#\/schema\/logo\/image\/","url":"https:\/\/alehlatam.org\/wp-content\/uploads\/2024\/01\/Logo-ALEH-Transparente.png","contentUrl":"https:\/\/alehlatam.org\/wp-content\/uploads\/2024\/01\/Logo-ALEH-Transparente.png","width":2000,"height":1493,"caption":"Asociaci\u00f3n Latinoamericana para el Estudio del H\u00edgado"},"image":{"@id":"https:\/\/alehlatam.org\/#\/schema\/logo\/image\/"}}]}},"_links":{"self":[{"href":"https:\/\/alehlatam.org\/en\/wp-json\/wp\/v2\/pages\/15619","targetHints":{"allow":["GET"]}}],"collection":[{"href":"https:\/\/alehlatam.org\/en\/wp-json\/wp\/v2\/pages"}],"about":[{"href":"https:\/\/alehlatam.org\/en\/wp-json\/wp\/v2\/types\/page"}],"author":[{"embeddable":true,"href":"https:\/\/alehlatam.org\/en\/wp-json\/wp\/v2\/users\/1"}],"replies":[{"embeddable":true,"href":"https:\/\/alehlatam.org\/en\/wp-json\/wp\/v2\/comments?post=15619"}],"version-history":[{"count":0,"href":"https:\/\/alehlatam.org\/en\/wp-json\/wp\/v2\/pages\/15619\/revisions"}],"up":[{"embeddable":true,"href":"https:\/\/alehlatam.org\/en\/wp-json\/wp\/v2\/pages\/12008"}],"wp:attachment":[{"href":"https:\/\/alehlatam.org\/en\/wp-json\/wp\/v2\/media?parent=15619"}],"curies":[{"name":"wp","href":"https:\/\/api.w.org\/{rel}","templated":true}]}}