{"id":11425,"date":"2024-01-23T16:10:58","date_gmt":"2024-01-23T16:10:58","guid":{"rendered":"https:\/\/alehlatam.org\/wp2024\/?page_id=11425"},"modified":"2024-04-03T16:12:01","modified_gmt":"2024-04-03T19:12:01","slug":"historia","status":"publish","type":"page","link":"https:\/\/alehlatam.org\/pt\/nosotros\/historia\/","title":{"rendered":"Hist\u00f3ria"},"content":{"rendered":"<div data-elementor-type=\"wp-page\" data-elementor-id=\"11425\" class=\"elementor elementor-11425\" data-elementor-post-type=\"page\">\n\t\t\t\t<div class=\"elementor-element elementor-element-debf1c2 e-flex e-con-boxed e-con e-parent\" data-id=\"debf1c2\" data-element_type=\"container\" data-e-type=\"container\">\n\t\t\t\t\t<div class=\"e-con-inner\">\n\t\t\t\t<div class=\"elementor-element elementor-element-154b4ca elementor-widget elementor-widget-text-editor\" data-id=\"154b4ca\" data-element_type=\"widget\" data-e-type=\"widget\" data-widget_type=\"text-editor.default\">\n\t\t\t\t<div class=\"elementor-widget-container\">\n\t\t\t\t\t\t\t\t\t<p class=\" translation-block\">A Associa\u00e7\u00e3o Latino-Americana para o Estudo do F\u00edgado (ALEH) foi fundada em S\u00e3o Paulo em 1968, sob a lideran\u00e7a do Professor Silvano Raia, que inicialmente pensou em uma sociedade na Am\u00e9rica do Sul. Assim nasceu a ALEH. Sua primeira reuni\u00e3o foi realizada na cidade de S\u00e3o Paulo em 1968, com a participa\u00e7\u00e3o da Argentina, Brasil, Chile e Venezuela. Embora esses pa\u00edses continuem sendo de grande relev\u00e2ncia na organiza\u00e7\u00e3o da sociedade, houve uma expans\u00e3o significativa de <a href=\"https:\/\/alehlatam.org\/pt\/nosotros\/paises-miembros\/\" target=\"_self\">pa\u00edses membros<\/a> envolvendo agora v\u00e1rias na\u00e7\u00f5es da Am\u00e9rica do Sul e Central.<\/p><p>A principal caracter\u00edstica dessa associa\u00e7\u00e3o s\u00e3o suas atividades cient\u00edficas na \u00e1rea cl\u00ednica, sem deixar de lado a \u00e1rea b\u00e1sica, embora esta \u00faltima com menos \u00eanfase.<\/p><p class=\" translation-block\">A estrutura organizacional da ALEH tem um <a href=\"https:\/\/alehlatam.org\/junta-directiva\/\" target=\"_self\">Conselho de Administra\u00e7\u00e3o<\/a> que inclui o Presidente da ALEH, os dois Presidentes entrantes, dois Secret\u00e1rios nomeados pelo Presidente atual, seu Diretor Executivo e o Ex-Presidente, com o objetivo de dar continuidade \u00e0s a\u00e7\u00f5es delineadas. Al\u00e9m disso, h\u00e1 um delegado de cada pa\u00eds membro, geralmente o presidente da sociedade local de cada pa\u00eds. Dessa forma, os pa\u00edses s\u00e3o representados nas decis\u00f5es pol\u00edticas e administrativas.<\/p><p>O \u00f3rg\u00e3o oficial de divulga\u00e7\u00e3o da ALEH \u00e9 a revista \"Annals of Hepatology\", uma publica\u00e7\u00e3o sediada no M\u00e9xico, mas com indexa\u00e7\u00e3o internacional e um crescimento not\u00e1vel entre publica\u00e7\u00f5es semelhantes.<\/p><p>Al\u00e9m das atividades de educa\u00e7\u00e3o m\u00e9dica continuada e de todas aquelas que estimulam o desenvolvimento da Hepatologia na Am\u00e9rica Latina, \u00e9 realizado um Congresso anual em que \u00e9 dada prioridade \u00e0 participa\u00e7\u00e3o de especialistas de cada pa\u00eds dedicados ao estudo das doen\u00e7as hep\u00e1ticas. Nessa ocasi\u00e3o, ocorre uma saud\u00e1vel troca de experi\u00eancias cient\u00edficas e um inestim\u00e1vel relacionamento pessoal, o que \u00e9 fundamental para fortalecer os la\u00e7os de amizade e o trabalho conjunto.<\/p><p class=\" translation-block\">Nesses eventos, h\u00e1 sempre a participa\u00e7\u00e3o de pesquisadores da Europa e dos Estados Unidos. Essa uni\u00e3o intercontinental tem se tornado cada vez mais presente desde o estabelecimento de uma alian\u00e7a entre a <a href=\"https:\/\/www.aasld.org\/\" target=\"_self\">American Society for the Study of Liver Diseases<\/a> (AASLD), a <a href=\"https:\/\/easl.eu\/\" target=\"_self\">European Society<\/a> (EASL) e a ALEH em 2007. Todos os anos, a Global Liver Summit, onde est\u00e3o presentes representantes das cinco sociedades continentais de hepatologia (AASLD, EASL, ALEH, APASL e AFASL), \u00e9 realizada com o objetivo de fortalecer os la\u00e7os e discutir as principais quest\u00f5es pol\u00edticas e administrativas.<\/p>\t\t\t\t\t\t\t\t<\/div>\n\t\t\t\t<\/div>\n\t\t\t\t\t<\/div>\n\t\t\t\t<\/div>\n\t\t\t\t<\/div>","protected":false},"excerpt":{"rendered":"<p>La Asociaci\u00f3n Latinoamericana para el Estudio del H\u00edgado (ALEH) fue fundada en S\u00e3o Paulo en el a\u00f1o 1968, bajo el liderazgo del profesor Silvano Raia, quien inicialmente pens\u00f3 en una sociedad en el Sur de Am\u00e9rica. As\u00ed naci\u00f3 ALEH. Su primera reuni\u00f3n se llev\u00f3 a cabo en la ciudad de S\u00e3o Paulo en 1968, con [&hellip;]<\/p>","protected":false},"author":1,"featured_media":0,"parent":15151,"menu_order":1,"comment_status":"closed","ping_status":"closed","template":"","meta":{"footnotes":""},"class_list":["post-11425","page","type-page","status-publish","hentry"],"acf":[],"yoast_head":"<!-- This site is optimized with the Yoast SEO plugin v27.2 - https:\/\/yoast.com\/product\/yoast-seo-wordpress\/ -->\n<title>Historia - ALEH - Asociaci\u00f3n Latinoamericana para el Estudio del H\u00edgado<\/title>\n<meta name=\"robots\" content=\"index, follow, max-snippet:-1, max-image-preview:large, max-video-preview:-1\" \/>\n<link rel=\"canonical\" href=\"https:\/\/alehlatam.org\/pt\/nosotros\/historia\/\" \/>\n<meta property=\"og:locale\" content=\"pt_BR\" \/>\n<meta property=\"og:type\" content=\"article\" \/>\n<meta property=\"og:title\" content=\"Historia - ALEH - Asociaci\u00f3n Latinoamericana para el Estudio del H\u00edgado\" \/>\n<meta property=\"og:description\" content=\"La Asociaci\u00f3n Latinoamericana para el Estudio del H\u00edgado (ALEH) fue fundada en S\u00e3o Paulo en el a\u00f1o 1968, bajo el liderazgo del profesor Silvano Raia, quien inicialmente pens\u00f3 en una sociedad en el Sur de Am\u00e9rica. As\u00ed naci\u00f3 ALEH. Su primera reuni\u00f3n se llev\u00f3 a cabo en la ciudad de S\u00e3o Paulo en 1968, con [&hellip;]\" \/>\n<meta property=\"og:url\" content=\"https:\/\/alehlatam.org\/pt\/nosotros\/historia\/\" \/>\n<meta property=\"og:site_name\" content=\"ALEH - Asociaci\u00f3n Latinoamericana para el Estudio del H\u00edgado\" \/>\n<meta property=\"article:modified_time\" content=\"2024-04-03T19:12:01+00:00\" \/>\n<meta property=\"og:image\" content=\"https:\/\/alehlatam.org\/wp-content\/uploads\/2026\/01\/Default-banner-para-links-externos.png\" \/>\n\t<meta property=\"og:image:width\" content=\"1200\" \/>\n\t<meta property=\"og:image:height\" content=\"675\" \/>\n\t<meta property=\"og:image:type\" content=\"image\/png\" \/>\n<meta name=\"twitter:card\" content=\"summary_large_image\" \/>\n<script type=\"application\/ld+json\" class=\"yoast-schema-graph\">{\"@context\":\"https:\/\/schema.org\",\"@graph\":[{\"@type\":\"WebPage\",\"@id\":\"https:\/\/alehlatam.org\/nosotros\/historia\/\",\"url\":\"https:\/\/alehlatam.org\/nosotros\/historia\/\",\"name\":\"Historia - ALEH - Asociaci\u00f3n Latinoamericana para el Estudio del H\u00edgado\",\"isPartOf\":{\"@id\":\"https:\/\/alehlatam.org\/#website\"},\"datePublished\":\"2024-01-23T16:10:58+00:00\",\"dateModified\":\"2024-04-03T19:12:01+00:00\",\"breadcrumb\":{\"@id\":\"https:\/\/alehlatam.org\/nosotros\/historia\/#breadcrumb\"},\"inLanguage\":\"pt-BR\",\"potentialAction\":[{\"@type\":\"ReadAction\",\"target\":[\"https:\/\/alehlatam.org\/nosotros\/historia\/\"]}]},{\"@type\":\"BreadcrumbList\",\"@id\":\"https:\/\/alehlatam.org\/nosotros\/historia\/#breadcrumb\",\"itemListElement\":[{\"@type\":\"ListItem\",\"position\":1,\"name\":\"Inicio\",\"item\":\"https:\/\/alehlatam.org\/\"},{\"@type\":\"ListItem\",\"position\":2,\"name\":\"Nosotros\",\"item\":\"https:\/\/alehlatam.org\/nosotros\/\"},{\"@type\":\"ListItem\",\"position\":3,\"name\":\"Historia\"}]},{\"@type\":\"WebSite\",\"@id\":\"https:\/\/alehlatam.org\/#website\",\"url\":\"https:\/\/alehlatam.org\/\",\"name\":\"ALEH - Asociaci\u00f3n Latinoamericana para el Estudio del H\u00edgado\",\"description\":\"Conectamos a la comunidad de hepatolog\u00eda en Latinoam\u00e9rica. ALEH impulsa la investigaci\u00f3n y el intercambio cient\u00edfico para mejorar la salud hep\u00e1tica regional.\",\"publisher\":{\"@id\":\"https:\/\/alehlatam.org\/#organization\"},\"alternateName\":\"ALEH\",\"potentialAction\":[{\"@type\":\"SearchAction\",\"target\":{\"@type\":\"EntryPoint\",\"urlTemplate\":\"https:\/\/alehlatam.org\/?s={search_term_string}\"},\"query-input\":{\"@type\":\"PropertyValueSpecification\",\"valueRequired\":true,\"valueName\":\"search_term_string\"}}],\"inLanguage\":\"pt-BR\"},{\"@type\":\"Organization\",\"@id\":\"https:\/\/alehlatam.org\/#organization\",\"name\":\"Asociaci\u00f3n Latinoamericana para el Estudio del H\u00edgado\",\"alternateName\":\"ALEH\",\"url\":\"https:\/\/alehlatam.org\/\",\"logo\":{\"@type\":\"ImageObject\",\"inLanguage\":\"pt-BR\",\"@id\":\"https:\/\/alehlatam.org\/#\/schema\/logo\/image\/\",\"url\":\"https:\/\/alehlatam.org\/wp-content\/uploads\/2024\/01\/Logo-ALEH-Transparente.png\",\"contentUrl\":\"https:\/\/alehlatam.org\/wp-content\/uploads\/2024\/01\/Logo-ALEH-Transparente.png\",\"width\":2000,\"height\":1493,\"caption\":\"Asociaci\u00f3n Latinoamericana para el Estudio del H\u00edgado\"},\"image\":{\"@id\":\"https:\/\/alehlatam.org\/#\/schema\/logo\/image\/\"}}]}<\/script>\n<!-- \/ Yoast SEO plugin. -->","yoast_head_json":{"title":"Historia - ALEH - Asociaci\u00f3n Latinoamericana para el Estudio del H\u00edgado","robots":{"index":"index","follow":"follow","max-snippet":"max-snippet:-1","max-image-preview":"max-image-preview:large","max-video-preview":"max-video-preview:-1"},"canonical":"https:\/\/alehlatam.org\/pt\/nosotros\/historia\/","og_locale":"pt_BR","og_type":"article","og_title":"Historia - ALEH - Asociaci\u00f3n Latinoamericana para el Estudio del H\u00edgado","og_description":"La Asociaci\u00f3n Latinoamericana para el Estudio del H\u00edgado (ALEH) fue fundada en S\u00e3o Paulo en el a\u00f1o 1968, bajo el liderazgo del profesor Silvano Raia, quien inicialmente pens\u00f3 en una sociedad en el Sur de Am\u00e9rica. As\u00ed naci\u00f3 ALEH. Su primera reuni\u00f3n se llev\u00f3 a cabo en la ciudad de S\u00e3o Paulo en 1968, con [&hellip;]","og_url":"https:\/\/alehlatam.org\/pt\/nosotros\/historia\/","og_site_name":"ALEH - Asociaci\u00f3n Latinoamericana para el Estudio del H\u00edgado","article_modified_time":"2024-04-03T19:12:01+00:00","og_image":[{"width":1200,"height":675,"url":"https:\/\/alehlatam.org\/wp-content\/uploads\/2026\/01\/Default-banner-para-links-externos.png","type":"image\/png"}],"twitter_card":"summary_large_image","schema":{"@context":"https:\/\/schema.org","@graph":[{"@type":"WebPage","@id":"https:\/\/alehlatam.org\/nosotros\/historia\/","url":"https:\/\/alehlatam.org\/nosotros\/historia\/","name":"Historia - ALEH - Asociaci\u00f3n Latinoamericana para el Estudio del H\u00edgado","isPartOf":{"@id":"https:\/\/alehlatam.org\/#website"},"datePublished":"2024-01-23T16:10:58+00:00","dateModified":"2024-04-03T19:12:01+00:00","breadcrumb":{"@id":"https:\/\/alehlatam.org\/nosotros\/historia\/#breadcrumb"},"inLanguage":"pt-BR","potentialAction":[{"@type":"ReadAction","target":["https:\/\/alehlatam.org\/nosotros\/historia\/"]}]},{"@type":"BreadcrumbList","@id":"https:\/\/alehlatam.org\/nosotros\/historia\/#breadcrumb","itemListElement":[{"@type":"ListItem","position":1,"name":"Inicio","item":"https:\/\/alehlatam.org\/"},{"@type":"ListItem","position":2,"name":"Nosotros","item":"https:\/\/alehlatam.org\/nosotros\/"},{"@type":"ListItem","position":3,"name":"Historia"}]},{"@type":"WebSite","@id":"https:\/\/alehlatam.org\/#website","url":"https:\/\/alehlatam.org\/","name":"ALEH - Asociaci\u00f3n Latinoamericana para el Estudio del H\u00edgado","description":"Conectamos a la comunidad de hepatolog\u00eda en Latinoam\u00e9rica. ALEH impulsa la investigaci\u00f3n y el intercambio cient\u00edfico para mejorar la salud hep\u00e1tica regional.","publisher":{"@id":"https:\/\/alehlatam.org\/#organization"},"alternateName":"ALEH","potentialAction":[{"@type":"SearchAction","target":{"@type":"EntryPoint","urlTemplate":"https:\/\/alehlatam.org\/?s={search_term_string}"},"query-input":{"@type":"PropertyValueSpecification","valueRequired":true,"valueName":"search_term_string"}}],"inLanguage":"pt-BR"},{"@type":"Organization","@id":"https:\/\/alehlatam.org\/#organization","name":"Asociaci\u00f3n Latinoamericana para el Estudio del H\u00edgado","alternateName":"ALEH","url":"https:\/\/alehlatam.org\/","logo":{"@type":"ImageObject","inLanguage":"pt-BR","@id":"https:\/\/alehlatam.org\/#\/schema\/logo\/image\/","url":"https:\/\/alehlatam.org\/wp-content\/uploads\/2024\/01\/Logo-ALEH-Transparente.png","contentUrl":"https:\/\/alehlatam.org\/wp-content\/uploads\/2024\/01\/Logo-ALEH-Transparente.png","width":2000,"height":1493,"caption":"Asociaci\u00f3n Latinoamericana para el Estudio del H\u00edgado"},"image":{"@id":"https:\/\/alehlatam.org\/#\/schema\/logo\/image\/"}}]}},"_links":{"self":[{"href":"https:\/\/alehlatam.org\/pt\/wp-json\/wp\/v2\/pages\/11425","targetHints":{"allow":["GET"]}}],"collection":[{"href":"https:\/\/alehlatam.org\/pt\/wp-json\/wp\/v2\/pages"}],"about":[{"href":"https:\/\/alehlatam.org\/pt\/wp-json\/wp\/v2\/types\/page"}],"author":[{"embeddable":true,"href":"https:\/\/alehlatam.org\/pt\/wp-json\/wp\/v2\/users\/1"}],"replies":[{"embeddable":true,"href":"https:\/\/alehlatam.org\/pt\/wp-json\/wp\/v2\/comments?post=11425"}],"version-history":[{"count":0,"href":"https:\/\/alehlatam.org\/pt\/wp-json\/wp\/v2\/pages\/11425\/revisions"}],"up":[{"embeddable":true,"href":"https:\/\/alehlatam.org\/pt\/wp-json\/wp\/v2\/pages\/15151"}],"wp:attachment":[{"href":"https:\/\/alehlatam.org\/pt\/wp-json\/wp\/v2\/media?parent=11425"}],"curies":[{"name":"wp","href":"https:\/\/api.w.org\/{rel}","templated":true}]}}