{"id":11857,"date":"2024-02-01T17:57:22","date_gmt":"2024-02-01T17:57:22","guid":{"rendered":"https:\/\/alehlatam.org\/wp2024\/?page_id=11857"},"modified":"2024-04-03T16:29:12","modified_gmt":"2024-04-03T19:29:12","slug":"mision-vision-y-objetivos","status":"publish","type":"page","link":"https:\/\/alehlatam.org\/pt\/nosotros\/mision-vision-y-objetivos\/","title":{"rendered":"Miss\u00e3o, Vis\u00e3o e Objetivos"},"content":{"rendered":"<div data-elementor-type=\"wp-page\" data-elementor-id=\"11857\" class=\"elementor elementor-11857\" data-elementor-post-type=\"page\">\n\t\t\t\t<div class=\"elementor-element elementor-element-6e4a579 e-con-full e-flex e-con e-child\" data-id=\"6e4a579\" data-element_type=\"container\" data-e-type=\"container\">\n\t\t<div class=\"elementor-element elementor-element-8416ff5 e-con-full e-flex e-con e-child\" data-id=\"8416ff5\" data-element_type=\"container\" data-e-type=\"container\">\n\t\t<div class=\"elementor-element elementor-element-b268e6b e-con-full e-flex e-con e-child\" data-id=\"b268e6b\" data-element_type=\"container\" data-e-type=\"container\">\n\t\t\t\t<div class=\"elementor-element elementor-element-8980617 elementor-widget elementor-widget-heading\" data-id=\"8980617\" data-element_type=\"widget\" data-e-type=\"widget\" data-widget_type=\"heading.default\">\n\t\t\t\t<div class=\"elementor-widget-container\">\n\t\t\t\t\t<h2 class=\"elementor-heading-title elementor-size-default\">Miss\u00e3o<\/h2>\t\t\t\t<\/div>\n\t\t\t\t<\/div>\n\t\t\t\t<div class=\"elementor-element elementor-element-6b9248a elementor-widget elementor-widget-text-editor\" data-id=\"6b9248a\" data-element_type=\"widget\" data-e-type=\"widget\" data-widget_type=\"text-editor.default\">\n\t\t\t\t<div class=\"elementor-widget-container\">\n\t\t\t\t\t\t\t\t\t<p>A ALEH \u00e9 uma sociedade cient\u00edfica sem fins lucrativos, cujo principal objetivo \u00e9 promover e divulgar a hepatologia na Am\u00e9rica Latina, por meio do interc\u00e2mbio fluido de conhecimentos, experi\u00eancias e avan\u00e7os com especialistas da \u00e1rea, institui\u00e7\u00f5es locais e internacionais e a comunidade em geral.<\/p>\t\t\t\t\t\t\t\t<\/div>\n\t\t\t\t<\/div>\n\t\t\t\t<\/div>\n\t\t<div data-dce-background-color=\"#F6F6F6\" class=\"elementor-element elementor-element-0f1393d e-con-full e-flex e-con e-child\" data-id=\"0f1393d\" data-element_type=\"container\" data-e-type=\"container\" data-settings=\"{&quot;background_background&quot;:&quot;classic&quot;}\">\n\t\t\t\t<div class=\"elementor-element elementor-element-2acc8c9 dce_masking-none elementor-widget elementor-widget-image\" data-id=\"2acc8c9\" data-element_type=\"widget\" data-e-type=\"widget\" data-widget_type=\"image.default\">\n\t\t\t\t<div class=\"elementor-widget-container\">\n\t\t\t\t\t\t\t\t\t\t\t\t\t\t\t<img fetchpriority=\"high\" decoding=\"async\" width=\"512\" height=\"512\" src=\"https:\/\/alehlatam.org\/wp-content\/uploads\/2024\/01\/mision-icon.png\" class=\"attachment-large size-large wp-image-11469\" alt=\"Misi\u00f3n de Eventual Latam\" srcset=\"https:\/\/alehlatam.org\/wp-content\/uploads\/2024\/01\/mision-icon.png 512w, https:\/\/alehlatam.org\/wp-content\/uploads\/2024\/01\/mision-icon-300x300.png 300w, https:\/\/alehlatam.org\/wp-content\/uploads\/2024\/01\/mision-icon-150x150.png 150w\" sizes=\"(max-width: 512px) 100vw, 512px\" \/>\t\t\t\t\t\t\t\t\t\t\t\t\t\t\t<\/div>\n\t\t\t\t<\/div>\n\t\t\t\t<\/div>\n\t\t\t\t<\/div>\n\t\t<div class=\"elementor-element elementor-element-119a5a6 e-con-full e-flex e-con e-child\" data-id=\"119a5a6\" data-element_type=\"container\" data-e-type=\"container\">\n\t\t<div class=\"elementor-element elementor-element-650164b e-con-full e-flex e-con e-child\" data-id=\"650164b\" data-element_type=\"container\" data-e-type=\"container\">\n\t\t\t\t<div class=\"elementor-element elementor-element-7592300 elementor-widget elementor-widget-heading\" data-id=\"7592300\" data-element_type=\"widget\" data-e-type=\"widget\" data-widget_type=\"heading.default\">\n\t\t\t\t<div class=\"elementor-widget-container\">\n\t\t\t\t\t<h2 class=\"elementor-heading-title elementor-size-default\">Vis\u00e3o<\/h2>\t\t\t\t<\/div>\n\t\t\t\t<\/div>\n\t\t\t\t<div class=\"elementor-element elementor-element-99d4bb1 elementor-widget elementor-widget-text-editor\" data-id=\"99d4bb1\" data-element_type=\"widget\" data-e-type=\"widget\" data-widget_type=\"text-editor.default\">\n\t\t\t\t<div class=\"elementor-widget-container\">\n\t\t\t\t\t\t\t\t\t<p>Alcan\u00e7ar uma posi\u00e7\u00e3o de s\u00f3lida lideran\u00e7a na especialidade em n\u00edvel local, latino-americano e internacional, por meio de suas diferentes atividades acad\u00eamicas e informativas.<\/p>\t\t\t\t\t\t\t\t<\/div>\n\t\t\t\t<\/div>\n\t\t\t\t<\/div>\n\t\t<div data-dce-background-color=\"#F6F6F6\" class=\"elementor-element elementor-element-d863bc6 e-con-full e-flex e-con e-child\" data-id=\"d863bc6\" data-element_type=\"container\" data-e-type=\"container\" data-settings=\"{&quot;background_background&quot;:&quot;classic&quot;}\">\n\t\t\t\t<div class=\"elementor-element elementor-element-e7cbd34 dce_masking-none elementor-widget elementor-widget-image\" data-id=\"e7cbd34\" data-element_type=\"widget\" data-e-type=\"widget\" data-widget_type=\"image.default\">\n\t\t\t\t<div class=\"elementor-widget-container\">\n\t\t\t\t\t\t\t\t\t\t\t\t\t\t\t<img decoding=\"async\" width=\"512\" height=\"512\" src=\"https:\/\/alehlatam.org\/wp-content\/uploads\/2024\/01\/vision-icon.png\" class=\"attachment-large size-large wp-image-11468\" alt=\"\" srcset=\"https:\/\/alehlatam.org\/wp-content\/uploads\/2024\/01\/vision-icon.png 512w, https:\/\/alehlatam.org\/wp-content\/uploads\/2024\/01\/vision-icon-300x300.png 300w, https:\/\/alehlatam.org\/wp-content\/uploads\/2024\/01\/vision-icon-150x150.png 150w\" sizes=\"(max-width: 512px) 100vw, 512px\" \/>\t\t\t\t\t\t\t\t\t\t\t\t\t\t\t<\/div>\n\t\t\t\t<\/div>\n\t\t\t\t<\/div>\n\t\t\t\t<\/div>\n\t\t<div class=\"elementor-element elementor-element-93d1cd5 e-con-full e-flex e-con e-child\" data-id=\"93d1cd5\" data-element_type=\"container\" data-e-type=\"container\">\n\t\t\t\t<div class=\"elementor-element elementor-element-a7e21ba elementor-widget elementor-widget-heading\" data-id=\"a7e21ba\" data-element_type=\"widget\" data-e-type=\"widget\" data-widget_type=\"heading.default\">\n\t\t\t\t<div class=\"elementor-widget-container\">\n\t\t\t\t\t<h2 class=\"elementor-heading-title elementor-size-default\">Objetivos<\/h2>\t\t\t\t<\/div>\n\t\t\t\t<\/div>\n\t\t<div class=\"elementor-element elementor-element-0fb5be7 e-con-full e-flex e-con e-child\" data-id=\"0fb5be7\" data-element_type=\"container\" data-e-type=\"container\">\n\t\t\t\t<div class=\"elementor-element elementor-element-3f74752 elementor-widget__width-initial elementor-widget elementor-widget-heading\" data-id=\"3f74752\" data-element_type=\"widget\" data-e-type=\"widget\" data-widget_type=\"heading.default\">\n\t\t\t\t<div class=\"elementor-widget-container\">\n\t\t\t\t\t<div class=\"elementor-heading-title elementor-size-default\">1<\/div>\t\t\t\t<\/div>\n\t\t\t\t<\/div>\n\t\t\t\t<div class=\"elementor-element elementor-element-01a8e66 elementor-widget__width-initial elementor-widget-mobile__width-inherit elementor-widget elementor-widget-text-editor\" data-id=\"01a8e66\" data-element_type=\"widget\" data-e-type=\"widget\" data-widget_type=\"text-editor.default\">\n\t\t\t\t<div class=\"elementor-widget-container\">\n\t\t\t\t\t\t\t\t\t<p>Conectar os profissionais das Sociedades de Hepatologia, Associa\u00e7\u00f5es, Se\u00e7\u00f5es, Cap\u00edtulos e Clubes dos v\u00e1rios pa\u00edses membros entre si e servir como um elo com outras Associa\u00e7\u00f5es de Hepatologia internacionais.<\/p>\t\t\t\t\t\t\t\t<\/div>\n\t\t\t\t<\/div>\n\t\t\t\t<\/div>\n\t\t<div class=\"elementor-element elementor-element-df85e9c e-con-full e-flex e-con e-child\" data-id=\"df85e9c\" data-element_type=\"container\" data-e-type=\"container\">\n\t\t\t\t<div class=\"elementor-element elementor-element-7efead4 elementor-widget__width-initial elementor-widget elementor-widget-heading\" data-id=\"7efead4\" data-element_type=\"widget\" data-e-type=\"widget\" data-widget_type=\"heading.default\">\n\t\t\t\t<div class=\"elementor-widget-container\">\n\t\t\t\t\t<div class=\"elementor-heading-title elementor-size-default\">2<\/div>\t\t\t\t<\/div>\n\t\t\t\t<\/div>\n\t\t\t\t<div class=\"elementor-element elementor-element-51a2a1e elementor-widget__width-initial elementor-widget-mobile__width-inherit elementor-widget elementor-widget-text-editor\" data-id=\"51a2a1e\" data-element_type=\"widget\" data-e-type=\"widget\" data-widget_type=\"text-editor.default\">\n\t\t\t\t<div class=\"elementor-widget-container\">\n\t\t\t\t\t\t\t\t\t<p>Estimular o desenvolvimento da pesquisa e do ensino no campo da hepatologia e \u00e1reas afins nos pa\u00edses membros.<\/p>\t\t\t\t\t\t\t\t<\/div>\n\t\t\t\t<\/div>\n\t\t\t\t<\/div>\n\t\t<div class=\"elementor-element elementor-element-f247b1b e-con-full e-flex e-con e-child\" data-id=\"f247b1b\" data-element_type=\"container\" data-e-type=\"container\">\n\t\t\t\t<div class=\"elementor-element elementor-element-74550da elementor-widget__width-initial elementor-widget elementor-widget-heading\" data-id=\"74550da\" data-element_type=\"widget\" data-e-type=\"widget\" data-widget_type=\"heading.default\">\n\t\t\t\t<div class=\"elementor-widget-container\">\n\t\t\t\t\t<div class=\"elementor-heading-title elementor-size-default\">3<\/div>\t\t\t\t<\/div>\n\t\t\t\t<\/div>\n\t\t\t\t<div class=\"elementor-element elementor-element-b692386 elementor-widget__width-initial elementor-widget-mobile__width-inherit elementor-widget elementor-widget-text-editor\" data-id=\"b692386\" data-element_type=\"widget\" data-e-type=\"widget\" data-widget_type=\"text-editor.default\">\n\t\t\t\t<div class=\"elementor-widget-container\">\n\t\t\t\t\t\t\t\t\t<p>Contribuir para a educa\u00e7\u00e3o m\u00e9dica continuada, a preven\u00e7\u00e3o, o diagn\u00f3stico e o tratamento de doen\u00e7as hep\u00e1ticas na regi\u00e3o.<\/p>\t\t\t\t\t\t\t\t<\/div>\n\t\t\t\t<\/div>\n\t\t\t\t<\/div>\n\t\t<div class=\"elementor-element elementor-element-a46f38c e-con-full e-flex e-con e-child\" data-id=\"a46f38c\" data-element_type=\"container\" data-e-type=\"container\">\n\t\t\t\t<div class=\"elementor-element elementor-element-8c827b3 elementor-widget__width-initial elementor-widget elementor-widget-heading\" data-id=\"8c827b3\" data-element_type=\"widget\" data-e-type=\"widget\" data-widget_type=\"heading.default\">\n\t\t\t\t<div class=\"elementor-widget-container\">\n\t\t\t\t\t<div class=\"elementor-heading-title elementor-size-default\">4<\/div>\t\t\t\t<\/div>\n\t\t\t\t<\/div>\n\t\t\t\t<div class=\"elementor-element elementor-element-8899ef4 elementor-widget__width-initial elementor-widget-mobile__width-inherit elementor-widget elementor-widget-text-editor\" data-id=\"8899ef4\" data-element_type=\"widget\" data-e-type=\"widget\" data-widget_type=\"text-editor.default\">\n\t\t\t\t<div class=\"elementor-widget-container\">\n\t\t\t\t\t\t\t\t\t<p><span style=\"white-space-collapse: preserve;\">Contribuir para a educa\u00e7\u00e3o e a dissemina\u00e7\u00e3o do conhecimento sobre doen\u00e7as hep\u00e1ticas na popula\u00e7\u00e3o geral da regi\u00e3o.<\/span><\/p>\t\t\t\t\t\t\t\t<\/div>\n\t\t\t\t<\/div>\n\t\t\t\t<\/div>\n\t\t\t\t<\/div>\n\t\t\t\t<\/div>\n\t\t\t\t<\/div>","protected":false},"excerpt":{"rendered":"<p>Misi\u00f3n La ALEH es una sociedad cient\u00edfica sin fines de lucro, que tiene el objetivo primordial de promover y difundir la hepatolog\u00eda en el \u00e1mbito latinoamericano, a trav\u00e9s del fluido intercambio de conocimientos, experiencias y avances con especialistas del \u00e1rea, instituciones locales e internacionales y la comunidad en general. Visi\u00f3n Lograr una posici\u00f3n de s\u00f3lido [&hellip;]<\/p>","protected":false},"author":1,"featured_media":0,"parent":15151,"menu_order":2,"comment_status":"closed","ping_status":"closed","template":"","meta":{"footnotes":""},"class_list":["post-11857","page","type-page","status-publish","hentry"],"acf":[],"yoast_head":"<!-- This site is optimized with the Yoast SEO plugin v27.4 - https:\/\/yoast.com\/product\/yoast-seo-wordpress\/ -->\n<title>Misi\u00f3n, Visi\u00f3n y Objetivos - ALEH - Asociaci\u00f3n Latinoamericana para el Estudio del H\u00edgado<\/title>\n<meta name=\"robots\" content=\"index, follow, max-snippet:-1, max-image-preview:large, max-video-preview:-1\" \/>\n<link rel=\"canonical\" href=\"https:\/\/alehlatam.org\/pt\/nosotros\/mision-vision-y-objetivos\/\" \/>\n<meta property=\"og:locale\" content=\"pt_BR\" \/>\n<meta property=\"og:type\" content=\"article\" \/>\n<meta property=\"og:title\" content=\"Misi\u00f3n, Visi\u00f3n y Objetivos - ALEH - Asociaci\u00f3n Latinoamericana para el Estudio del H\u00edgado\" \/>\n<meta property=\"og:description\" content=\"Misi\u00f3n La ALEH es una sociedad cient\u00edfica sin fines de lucro, que tiene el objetivo primordial de promover y difundir la hepatolog\u00eda en el \u00e1mbito latinoamericano, a trav\u00e9s del fluido intercambio de conocimientos, experiencias y avances con especialistas del \u00e1rea, instituciones locales e internacionales y la comunidad en general. Visi\u00f3n Lograr una posici\u00f3n de s\u00f3lido [&hellip;]\" \/>\n<meta property=\"og:url\" content=\"https:\/\/alehlatam.org\/pt\/nosotros\/mision-vision-y-objetivos\/\" \/>\n<meta property=\"og:site_name\" content=\"ALEH - Asociaci\u00f3n Latinoamericana para el Estudio del H\u00edgado\" \/>\n<meta property=\"article:modified_time\" content=\"2024-04-03T19:29:12+00:00\" \/>\n<meta property=\"og:image\" content=\"https:\/\/alehlatam.org\/wp-content\/uploads\/2024\/01\/mision-icon.png\" \/>\n<meta name=\"twitter:card\" content=\"summary_large_image\" \/>\n<script type=\"application\/ld+json\" class=\"yoast-schema-graph\">{\"@context\":\"https:\\\/\\\/schema.org\",\"@graph\":[{\"@type\":\"WebPage\",\"@id\":\"https:\\\/\\\/alehlatam.org\\\/nosotros\\\/mision-vision-y-objetivos\\\/\",\"url\":\"https:\\\/\\\/alehlatam.org\\\/nosotros\\\/mision-vision-y-objetivos\\\/\",\"name\":\"Misi\u00f3n, Visi\u00f3n y Objetivos - ALEH - Asociaci\u00f3n Latinoamericana para el Estudio del H\u00edgado\",\"isPartOf\":{\"@id\":\"https:\\\/\\\/alehlatam.org\\\/#website\"},\"primaryImageOfPage\":{\"@id\":\"https:\\\/\\\/alehlatam.org\\\/nosotros\\\/mision-vision-y-objetivos\\\/#primaryimage\"},\"image\":{\"@id\":\"https:\\\/\\\/alehlatam.org\\\/nosotros\\\/mision-vision-y-objetivos\\\/#primaryimage\"},\"thumbnailUrl\":\"https:\\\/\\\/alehlatam.org\\\/wp-content\\\/uploads\\\/2024\\\/01\\\/mision-icon.png\",\"datePublished\":\"2024-02-01T17:57:22+00:00\",\"dateModified\":\"2024-04-03T19:29:12+00:00\",\"breadcrumb\":{\"@id\":\"https:\\\/\\\/alehlatam.org\\\/nosotros\\\/mision-vision-y-objetivos\\\/#breadcrumb\"},\"inLanguage\":\"pt-BR\",\"potentialAction\":[{\"@type\":\"ReadAction\",\"target\":[\"https:\\\/\\\/alehlatam.org\\\/nosotros\\\/mision-vision-y-objetivos\\\/\"]}]},{\"@type\":\"ImageObject\",\"inLanguage\":\"pt-BR\",\"@id\":\"https:\\\/\\\/alehlatam.org\\\/nosotros\\\/mision-vision-y-objetivos\\\/#primaryimage\",\"url\":\"https:\\\/\\\/alehlatam.org\\\/wp-content\\\/uploads\\\/2024\\\/01\\\/mision-icon.png\",\"contentUrl\":\"https:\\\/\\\/alehlatam.org\\\/wp-content\\\/uploads\\\/2024\\\/01\\\/mision-icon.png\"},{\"@type\":\"BreadcrumbList\",\"@id\":\"https:\\\/\\\/alehlatam.org\\\/nosotros\\\/mision-vision-y-objetivos\\\/#breadcrumb\",\"itemListElement\":[{\"@type\":\"ListItem\",\"position\":1,\"name\":\"Inicio\",\"item\":\"https:\\\/\\\/alehlatam.org\\\/\"},{\"@type\":\"ListItem\",\"position\":2,\"name\":\"Nosotros\",\"item\":\"https:\\\/\\\/alehlatam.org\\\/nosotros\\\/\"},{\"@type\":\"ListItem\",\"position\":3,\"name\":\"Misi\u00f3n, Visi\u00f3n y Objetivos\"}]},{\"@type\":\"WebSite\",\"@id\":\"https:\\\/\\\/alehlatam.org\\\/#website\",\"url\":\"https:\\\/\\\/alehlatam.org\\\/\",\"name\":\"ALEH - Asociaci\u00f3n Latinoamericana para el Estudio del H\u00edgado\",\"description\":\"Conectamos a la comunidad de hepatolog\u00eda en Latinoam\u00e9rica. ALEH impulsa la investigaci\u00f3n y el intercambio cient\u00edfico para mejorar la salud hep\u00e1tica regional.\",\"publisher\":{\"@id\":\"https:\\\/\\\/alehlatam.org\\\/#organization\"},\"alternateName\":\"ALEH\",\"potentialAction\":[{\"@type\":\"SearchAction\",\"target\":{\"@type\":\"EntryPoint\",\"urlTemplate\":\"https:\\\/\\\/alehlatam.org\\\/?s={search_term_string}\"},\"query-input\":{\"@type\":\"PropertyValueSpecification\",\"valueRequired\":true,\"valueName\":\"search_term_string\"}}],\"inLanguage\":\"pt-BR\"},{\"@type\":\"Organization\",\"@id\":\"https:\\\/\\\/alehlatam.org\\\/#organization\",\"name\":\"Asociaci\u00f3n Latinoamericana para el Estudio del H\u00edgado\",\"alternateName\":\"ALEH\",\"url\":\"https:\\\/\\\/alehlatam.org\\\/\",\"logo\":{\"@type\":\"ImageObject\",\"inLanguage\":\"pt-BR\",\"@id\":\"https:\\\/\\\/alehlatam.org\\\/#\\\/schema\\\/logo\\\/image\\\/\",\"url\":\"https:\\\/\\\/alehlatam.org\\\/wp-content\\\/uploads\\\/2024\\\/01\\\/Logo-ALEH-Transparente.png\",\"contentUrl\":\"https:\\\/\\\/alehlatam.org\\\/wp-content\\\/uploads\\\/2024\\\/01\\\/Logo-ALEH-Transparente.png\",\"width\":2000,\"height\":1493,\"caption\":\"Asociaci\u00f3n Latinoamericana para el Estudio del H\u00edgado\"},\"image\":{\"@id\":\"https:\\\/\\\/alehlatam.org\\\/#\\\/schema\\\/logo\\\/image\\\/\"}}]}<\/script>\n<!-- \/ Yoast SEO plugin. -->","yoast_head_json":{"title":"Misi\u00f3n, Visi\u00f3n y Objetivos - ALEH - Asociaci\u00f3n Latinoamericana para el Estudio del H\u00edgado","robots":{"index":"index","follow":"follow","max-snippet":"max-snippet:-1","max-image-preview":"max-image-preview:large","max-video-preview":"max-video-preview:-1"},"canonical":"https:\/\/alehlatam.org\/pt\/nosotros\/mision-vision-y-objetivos\/","og_locale":"pt_BR","og_type":"article","og_title":"Misi\u00f3n, Visi\u00f3n y Objetivos - ALEH - Asociaci\u00f3n Latinoamericana para el Estudio del H\u00edgado","og_description":"Misi\u00f3n La ALEH es una sociedad cient\u00edfica sin fines de lucro, que tiene el objetivo primordial de promover y difundir la hepatolog\u00eda en el \u00e1mbito latinoamericano, a trav\u00e9s del fluido intercambio de conocimientos, experiencias y avances con especialistas del \u00e1rea, instituciones locales e internacionales y la comunidad en general. Visi\u00f3n Lograr una posici\u00f3n de s\u00f3lido [&hellip;]","og_url":"https:\/\/alehlatam.org\/pt\/nosotros\/mision-vision-y-objetivos\/","og_site_name":"ALEH - Asociaci\u00f3n Latinoamericana para el Estudio del H\u00edgado","article_modified_time":"2024-04-03T19:29:12+00:00","og_image":[{"url":"https:\/\/alehlatam.org\/wp-content\/uploads\/2024\/01\/mision-icon.png","type":"","width":"","height":""}],"twitter_card":"summary_large_image","schema":{"@context":"https:\/\/schema.org","@graph":[{"@type":"WebPage","@id":"https:\/\/alehlatam.org\/nosotros\/mision-vision-y-objetivos\/","url":"https:\/\/alehlatam.org\/nosotros\/mision-vision-y-objetivos\/","name":"Misi\u00f3n, Visi\u00f3n y Objetivos - ALEH - Asociaci\u00f3n Latinoamericana para el Estudio del H\u00edgado","isPartOf":{"@id":"https:\/\/alehlatam.org\/#website"},"primaryImageOfPage":{"@id":"https:\/\/alehlatam.org\/nosotros\/mision-vision-y-objetivos\/#primaryimage"},"image":{"@id":"https:\/\/alehlatam.org\/nosotros\/mision-vision-y-objetivos\/#primaryimage"},"thumbnailUrl":"https:\/\/alehlatam.org\/wp-content\/uploads\/2024\/01\/mision-icon.png","datePublished":"2024-02-01T17:57:22+00:00","dateModified":"2024-04-03T19:29:12+00:00","breadcrumb":{"@id":"https:\/\/alehlatam.org\/nosotros\/mision-vision-y-objetivos\/#breadcrumb"},"inLanguage":"pt-BR","potentialAction":[{"@type":"ReadAction","target":["https:\/\/alehlatam.org\/nosotros\/mision-vision-y-objetivos\/"]}]},{"@type":"ImageObject","inLanguage":"pt-BR","@id":"https:\/\/alehlatam.org\/nosotros\/mision-vision-y-objetivos\/#primaryimage","url":"https:\/\/alehlatam.org\/wp-content\/uploads\/2024\/01\/mision-icon.png","contentUrl":"https:\/\/alehlatam.org\/wp-content\/uploads\/2024\/01\/mision-icon.png"},{"@type":"BreadcrumbList","@id":"https:\/\/alehlatam.org\/nosotros\/mision-vision-y-objetivos\/#breadcrumb","itemListElement":[{"@type":"ListItem","position":1,"name":"Inicio","item":"https:\/\/alehlatam.org\/"},{"@type":"ListItem","position":2,"name":"Nosotros","item":"https:\/\/alehlatam.org\/nosotros\/"},{"@type":"ListItem","position":3,"name":"Misi\u00f3n, Visi\u00f3n y Objetivos"}]},{"@type":"WebSite","@id":"https:\/\/alehlatam.org\/#website","url":"https:\/\/alehlatam.org\/","name":"ALEH - Asociaci\u00f3n Latinoamericana para el Estudio del H\u00edgado","description":"Conectamos a la comunidad de hepatolog\u00eda en Latinoam\u00e9rica. ALEH impulsa la investigaci\u00f3n y el intercambio cient\u00edfico para mejorar la salud hep\u00e1tica regional.","publisher":{"@id":"https:\/\/alehlatam.org\/#organization"},"alternateName":"ALEH","potentialAction":[{"@type":"SearchAction","target":{"@type":"EntryPoint","urlTemplate":"https:\/\/alehlatam.org\/?s={search_term_string}"},"query-input":{"@type":"PropertyValueSpecification","valueRequired":true,"valueName":"search_term_string"}}],"inLanguage":"pt-BR"},{"@type":"Organization","@id":"https:\/\/alehlatam.org\/#organization","name":"Asociaci\u00f3n Latinoamericana para el Estudio del H\u00edgado","alternateName":"ALEH","url":"https:\/\/alehlatam.org\/","logo":{"@type":"ImageObject","inLanguage":"pt-BR","@id":"https:\/\/alehlatam.org\/#\/schema\/logo\/image\/","url":"https:\/\/alehlatam.org\/wp-content\/uploads\/2024\/01\/Logo-ALEH-Transparente.png","contentUrl":"https:\/\/alehlatam.org\/wp-content\/uploads\/2024\/01\/Logo-ALEH-Transparente.png","width":2000,"height":1493,"caption":"Asociaci\u00f3n Latinoamericana para el Estudio del H\u00edgado"},"image":{"@id":"https:\/\/alehlatam.org\/#\/schema\/logo\/image\/"}}]}},"_links":{"self":[{"href":"https:\/\/alehlatam.org\/pt\/wp-json\/wp\/v2\/pages\/11857","targetHints":{"allow":["GET"]}}],"collection":[{"href":"https:\/\/alehlatam.org\/pt\/wp-json\/wp\/v2\/pages"}],"about":[{"href":"https:\/\/alehlatam.org\/pt\/wp-json\/wp\/v2\/types\/page"}],"author":[{"embeddable":true,"href":"https:\/\/alehlatam.org\/pt\/wp-json\/wp\/v2\/users\/1"}],"replies":[{"embeddable":true,"href":"https:\/\/alehlatam.org\/pt\/wp-json\/wp\/v2\/comments?post=11857"}],"version-history":[{"count":0,"href":"https:\/\/alehlatam.org\/pt\/wp-json\/wp\/v2\/pages\/11857\/revisions"}],"up":[{"embeddable":true,"href":"https:\/\/alehlatam.org\/pt\/wp-json\/wp\/v2\/pages\/15151"}],"wp:attachment":[{"href":"https:\/\/alehlatam.org\/pt\/wp-json\/wp\/v2\/media?parent=11857"}],"curies":[{"name":"wp","href":"https:\/\/api.w.org\/{rel}","templated":true}]}}