{"id":12008,"date":"2024-02-07T20:10:16","date_gmt":"2024-02-07T20:10:16","guid":{"rendered":"https:\/\/alehlatam.org\/wp2024\/?page_id=12008"},"modified":"2024-12-16T09:47:56","modified_gmt":"2024-12-16T12:47:56","slug":"investigacion-educacion","status":"publish","type":"page","link":"https:\/\/alehlatam.org\/pt\/investigacion-educacion\/","title":{"rendered":"Pesquisa e Educa\u00e7\u00e3o"},"content":{"rendered":"<div data-elementor-type=\"wp-page\" data-elementor-id=\"12008\" class=\"elementor elementor-12008\" data-elementor-post-type=\"page\">\n\t\t\t\t<header class=\"elementor-element elementor-element-e5eeb38 e-flex e-con-boxed e-con e-parent\" data-id=\"e5eeb38\" data-element_type=\"container\" data-e-type=\"container\">\n\t\t\t\t\t<div class=\"e-con-inner\">\n\t\t\t\t<div class=\"elementor-element elementor-element-77e25247 elementor-hidden-mobile elementor-widget elementor-widget-breadcrumbs\" data-id=\"77e25247\" data-element_type=\"widget\" data-e-type=\"widget\" data-widget_type=\"breadcrumbs.default\">\n\t\t\t\t<div class=\"elementor-widget-container\">\n\t\t\t\t\t<p id=\"breadcrumbs\"><span><span><a href=\"https:\/\/alehlatam.org\/pt\/\">In\u00edcio<\/a><\/span><\/span><\/p>\t\t\t\t<\/div>\n\t\t\t\t<\/div>\n\t\t\t\t<div class=\"elementor-element elementor-element-2441aa71 elementor-widget elementor-widget-heading\" data-id=\"2441aa71\" data-element_type=\"widget\" data-e-type=\"widget\" data-widget_type=\"heading.default\">\n\t\t\t\t<div class=\"elementor-widget-container\">\n\t\t\t\t\t<h1 class=\"elementor-heading-title elementor-size-default\">Pesquisa e Educa\u00e7\u00e3o<\/h1>\t\t\t\t<\/div>\n\t\t\t\t<\/div>\n\t\t\t\t<div class=\"elementor-element elementor-element-e8d7b3f elementor-hidden-desktop elementor-hidden-tablet elementor-widget-divider--view-line elementor-widget elementor-widget-divider\" data-id=\"e8d7b3f\" data-element_type=\"widget\" data-e-type=\"widget\" data-widget_type=\"divider.default\">\n\t\t\t\t<div class=\"elementor-widget-container\">\n\t\t\t\t\t\t\t<div class=\"elementor-divider\">\n\t\t\t<span class=\"elementor-divider-separator\">\n\t\t\t\t\t\t<\/span>\n\t\t<\/div>\n\t\t\t\t\t\t<\/div>\n\t\t\t\t<\/div>\n\t\t\t\t\t<\/div>\n\t\t\t\t<\/header>\n\t\t<main class=\"elementor-element elementor-element-1c81e594 e-flex e-con-boxed e-con e-parent\" data-id=\"1c81e594\" data-element_type=\"container\" data-e-type=\"container\">\n\t\t\t\t\t<div class=\"e-con-inner\">\n\t\t<div class=\"elementor-element elementor-element-4f863bf3 e-con-full e-flex e-con e-child\" data-id=\"4f863bf3\" data-element_type=\"container\" data-e-type=\"container\">\n\t\t<article class=\"elementor-element elementor-element-884c04a e-con-full e-flex e-con e-child\" data-id=\"884c04a\" data-element_type=\"container\" data-e-type=\"container\">\n\t\t\t\t<div class=\"elementor-element elementor-element-c17c973 elementor-widget elementor-widget-heading\" data-id=\"c17c973\" data-element_type=\"widget\" data-e-type=\"widget\" data-widget_type=\"heading.default\">\n\t\t\t\t<div class=\"elementor-widget-container\">\n\t\t\t\t\t<h2 class=\"elementor-heading-title elementor-size-default\">Grupos de Interesses<\/h2>\t\t\t\t<\/div>\n\t\t\t\t<\/div>\n\t\t\t\t<div class=\"elementor-element elementor-element-757bd54 elementor-widget elementor-widget-heading\" data-id=\"757bd54\" data-element_type=\"widget\" data-e-type=\"widget\" data-widget_type=\"heading.default\">\n\t\t\t\t<div class=\"elementor-widget-container\">\n\t\t\t\t\t<p class=\"elementor-heading-title elementor-size-default\">Conoce los distintos grupos de inter\u00e9s del \u00e1rea de la hepatolog\u00eda que se re\u00fanen en ALEH.<\/p>\t\t\t\t<\/div>\n\t\t\t\t<\/div>\n\t\t\t\t<div data-dce-background-color=\"#02010100\" class=\"elementor-element elementor-element-008b82a elementor-align-left elementor-widget elementor-widget-button\" data-id=\"008b82a\" data-element_type=\"widget\" data-e-type=\"widget\" data-widget_type=\"button.default\">\n\t\t\t\t<div class=\"elementor-widget-container\">\n\t\t\t\t\t\t\t\t\t<div class=\"elementor-button-wrapper\">\n\t\t\t\t\t<a class=\"elementor-button elementor-button-link elementor-size-sm\" href=\"https:\/\/alehlatam.org\/pt\/investigacion-educacion\/grupos-de-interes\/\">\n\t\t\t\t\t\t<span class=\"elementor-button-content-wrapper\">\n\t\t\t\t\t\t<span class=\"elementor-button-icon\">\n\t\t\t\t<svg aria-hidden=\"true\" class=\"e-font-icon-svg e-fas-chevron-right\" viewbox=\"0 0 320 512\" xmlns=\"http:\/\/www.w3.org\/2000\/svg\"><path d=\"M285.476 272.971L91.132 467.314c-9.373 9.373-24.569 9.373-33.941 0l-22.667-22.667c-9.357-9.357-9.375-24.522-.04-33.901L188.505 256 34.484 101.255c-9.335-9.379-9.317-24.544.04-33.901l22.667-22.667c9.373-9.373 24.569-9.373 33.941 0L285.475 239.03c9.373 9.372 9.373 24.568.001 33.941z\"><\/path><\/svg>\t\t\t<\/span>\n\t\t\t\t\t\t\t\t\t<span class=\"elementor-button-text\">Ver m\u00e1s<\/span>\n\t\t\t\t\t<\/span>\n\t\t\t\t\t<\/a>\n\t\t\t\t<\/div>\n\t\t\t\t\t\t\t\t<\/div>\n\t\t\t\t<\/div>\n\t\t\t\t<\/article>\n\t\t<article class=\"elementor-element elementor-element-2e87a77 e-con-full e-flex e-con e-child\" data-id=\"2e87a77\" data-element_type=\"container\" data-e-type=\"container\">\n\t\t\t\t<div class=\"elementor-element elementor-element-4d53600 elementor-widget elementor-widget-heading\" data-id=\"4d53600\" data-element_type=\"widget\" data-e-type=\"widget\" data-widget_type=\"heading.default\">\n\t\t\t\t<div class=\"elementor-widget-container\">\n\t\t\t\t\t<h2 class=\"elementor-heading-title elementor-size-default\">Recursos Educacionais<\/h2>\t\t\t\t<\/div>\n\t\t\t\t<\/div>\n\t\t\t\t<div class=\"elementor-element elementor-element-71d62c2 elementor-widget elementor-widget-heading\" data-id=\"71d62c2\" data-element_type=\"widget\" data-e-type=\"widget\" data-widget_type=\"heading.default\">\n\t\t\t\t<div class=\"elementor-widget-container\">\n\t\t\t\t\t<p class=\"elementor-heading-title elementor-size-default\">Amplia tu formaci\u00f3n acad\u00e9mica con material realizado por especialistas de la hepatolog\u00eda.<\/p>\t\t\t\t<\/div>\n\t\t\t\t<\/div>\n\t\t\t\t<div data-dce-background-color=\"#02010100\" class=\"elementor-element elementor-element-2ffcc22 elementor-align-left elementor-widget elementor-widget-button\" data-id=\"2ffcc22\" data-element_type=\"widget\" data-e-type=\"widget\" data-widget_type=\"button.default\">\n\t\t\t\t<div class=\"elementor-widget-container\">\n\t\t\t\t\t\t\t\t\t<div class=\"elementor-button-wrapper\">\n\t\t\t\t\t<a class=\"elementor-button elementor-button-link elementor-size-sm\" href=\"https:\/\/alehlatam.org\/pt\/investigacion-educacion\/recursos-educativos\/\">\n\t\t\t\t\t\t<span class=\"elementor-button-content-wrapper\">\n\t\t\t\t\t\t<span class=\"elementor-button-icon\">\n\t\t\t\t<svg aria-hidden=\"true\" class=\"e-font-icon-svg e-fas-chevron-right\" viewbox=\"0 0 320 512\" xmlns=\"http:\/\/www.w3.org\/2000\/svg\"><path d=\"M285.476 272.971L91.132 467.314c-9.373 9.373-24.569 9.373-33.941 0l-22.667-22.667c-9.357-9.357-9.375-24.522-.04-33.901L188.505 256 34.484 101.255c-9.335-9.379-9.317-24.544.04-33.901l22.667-22.667c9.373-9.373 24.569-9.373 33.941 0L285.475 239.03c9.373 9.372 9.373 24.568.001 33.941z\"><\/path><\/svg>\t\t\t<\/span>\n\t\t\t\t\t\t\t\t\t<span class=\"elementor-button-text\">Ver m\u00e1s<\/span>\n\t\t\t\t\t<\/span>\n\t\t\t\t\t<\/a>\n\t\t\t\t<\/div>\n\t\t\t\t\t\t\t\t<\/div>\n\t\t\t\t<\/div>\n\t\t\t\t<\/article>\n\t\t\t\t<\/div>\n\t\t<div data-dce-background-color=\"#6C6D7180\" class=\"elementor-element elementor-element-352320a e-con-full elementor-hidden-mobile e-flex e-con e-child\" data-id=\"352320a\" data-element_type=\"container\" data-e-type=\"container\" data-settings=\"{&quot;background_background&quot;:&quot;classic&quot;}\">\n\t\t\t\t<\/div>\n\t\t<div class=\"elementor-element elementor-element-02937d4 e-con-full e-flex e-con e-child\" data-id=\"02937d4\" data-element_type=\"container\" data-e-type=\"container\">\n\t\t<article class=\"elementor-element elementor-element-a5f3b35 e-con-full e-flex e-con e-child\" data-id=\"a5f3b35\" data-element_type=\"container\" data-e-type=\"container\">\n\t\t\t\t<div class=\"elementor-element elementor-element-d9080cf elementor-widget elementor-widget-heading\" data-id=\"d9080cf\" data-element_type=\"widget\" data-e-type=\"widget\" data-widget_type=\"heading.default\">\n\t\t\t\t<div class=\"elementor-widget-container\">\n\t\t\t\t\t<h2 class=\"elementor-heading-title elementor-size-default\">Jovens Pesquisadores<\/h2>\t\t\t\t<\/div>\n\t\t\t\t<\/div>\n\t\t\t\t<div class=\"elementor-element elementor-element-fa06cd0 elementor-widget elementor-widget-heading\" data-id=\"fa06cd0\" data-element_type=\"widget\" data-e-type=\"widget\" data-widget_type=\"heading.default\">\n\t\t\t\t<div class=\"elementor-widget-container\">\n\t\t\t\t\t<p class=\"elementor-heading-title elementor-size-default\">En ALEH ofrecemos una variedad de oportunidades para el desarrollo de profesionales j\u00f3venes y contribuir al avance de la investigaci\u00f3n m\u00e9dica.<\/p>\t\t\t\t<\/div>\n\t\t\t\t<\/div>\n\t\t\t\t<div data-dce-background-color=\"#02010100\" class=\"elementor-element elementor-element-035b064 elementor-align-left elementor-widget elementor-widget-button\" data-id=\"035b064\" data-element_type=\"widget\" data-e-type=\"widget\" data-widget_type=\"button.default\">\n\t\t\t\t<div class=\"elementor-widget-container\">\n\t\t\t\t\t\t\t\t\t<div class=\"elementor-button-wrapper\">\n\t\t\t\t\t<a class=\"elementor-button elementor-button-link elementor-size-sm\" href=\"https:\/\/alehlatam.org\/pt\/investigacion-educacion\/jovenes-investigadores\/\">\n\t\t\t\t\t\t<span class=\"elementor-button-content-wrapper\">\n\t\t\t\t\t\t<span class=\"elementor-button-icon\">\n\t\t\t\t<svg aria-hidden=\"true\" class=\"e-font-icon-svg e-fas-chevron-right\" viewbox=\"0 0 320 512\" xmlns=\"http:\/\/www.w3.org\/2000\/svg\"><path d=\"M285.476 272.971L91.132 467.314c-9.373 9.373-24.569 9.373-33.941 0l-22.667-22.667c-9.357-9.357-9.375-24.522-.04-33.901L188.505 256 34.484 101.255c-9.335-9.379-9.317-24.544.04-33.901l22.667-22.667c9.373-9.373 24.569-9.373 33.941 0L285.475 239.03c9.373 9.372 9.373 24.568.001 33.941z\"><\/path><\/svg>\t\t\t<\/span>\n\t\t\t\t\t\t\t\t\t<span class=\"elementor-button-text\">Ver m\u00e1s<\/span>\n\t\t\t\t\t<\/span>\n\t\t\t\t\t<\/a>\n\t\t\t\t<\/div>\n\t\t\t\t\t\t\t\t<\/div>\n\t\t\t\t<\/div>\n\t\t\t\t<\/article>\n\t\t<article class=\"elementor-element elementor-element-77cd351 e-con-full e-flex e-con e-child\" data-id=\"77cd351\" data-element_type=\"container\" data-e-type=\"container\">\n\t\t\t\t<div class=\"elementor-element elementor-element-b45cf98 elementor-widget elementor-widget-heading\" data-id=\"b45cf98\" data-element_type=\"widget\" data-e-type=\"widget\" data-widget_type=\"heading.default\">\n\t\t\t\t<div class=\"elementor-widget-container\">\n\t\t\t\t\t<h2 class=\"elementor-heading-title elementor-size-default\">Subs\u00eddios<\/h2>\t\t\t\t<\/div>\n\t\t\t\t<\/div>\n\t\t\t\t<div class=\"elementor-element elementor-element-f3d45e6 elementor-widget elementor-widget-heading\" data-id=\"f3d45e6\" data-element_type=\"widget\" data-e-type=\"widget\" data-widget_type=\"heading.default\">\n\t\t\t\t<div class=\"elementor-widget-container\">\n\t\t\t\t\t<p class=\"elementor-heading-title elementor-size-default\">Conoce m\u00e1s sobre el programa de becas que ofrecemos a los socios de ALEH.<\/p>\t\t\t\t<\/div>\n\t\t\t\t<\/div>\n\t\t\t\t<div data-dce-background-color=\"#02010100\" class=\"elementor-element elementor-element-51fc0a2 elementor-align-left elementor-widget elementor-widget-button\" data-id=\"51fc0a2\" data-element_type=\"widget\" data-e-type=\"widget\" data-widget_type=\"button.default\">\n\t\t\t\t<div class=\"elementor-widget-container\">\n\t\t\t\t\t\t\t\t\t<div class=\"elementor-button-wrapper\">\n\t\t\t\t\t<a class=\"elementor-button elementor-button-link elementor-size-sm\" href=\"https:\/\/alehlatam.org\/pt\/investigacion-educacion\/becas\/\">\n\t\t\t\t\t\t<span class=\"elementor-button-content-wrapper\">\n\t\t\t\t\t\t<span class=\"elementor-button-icon\">\n\t\t\t\t<svg aria-hidden=\"true\" class=\"e-font-icon-svg e-fas-chevron-right\" viewbox=\"0 0 320 512\" xmlns=\"http:\/\/www.w3.org\/2000\/svg\"><path d=\"M285.476 272.971L91.132 467.314c-9.373 9.373-24.569 9.373-33.941 0l-22.667-22.667c-9.357-9.357-9.375-24.522-.04-33.901L188.505 256 34.484 101.255c-9.335-9.379-9.317-24.544.04-33.901l22.667-22.667c9.373-9.373 24.569-9.373 33.941 0L285.475 239.03c9.373 9.372 9.373 24.568.001 33.941z\"><\/path><\/svg>\t\t\t<\/span>\n\t\t\t\t\t\t\t\t\t<span class=\"elementor-button-text\">Ver m\u00e1s<\/span>\n\t\t\t\t\t<\/span>\n\t\t\t\t\t<\/a>\n\t\t\t\t<\/div>\n\t\t\t\t\t\t\t\t<\/div>\n\t\t\t\t<\/div>\n\t\t\t\t<\/article>\n\t\t\t\t<\/div>\n\t\t\t\t\t<\/div>\n\t\t\t\t<\/main>\n\t\t\t\t<\/div>","protected":false},"excerpt":{"rendered":"<p>Investigaci\u00f3n y Educaci\u00f3n Grupos de Inter\u00e9s Conoce los distintos grupos de inter\u00e9s del \u00e1rea de la hepatolog\u00eda que se re\u00fanen en ALEH. Ver m\u00e1s Recursos Educativos Amplia tu formaci\u00f3n acad\u00e9mica con material realizado por especialistas de la hepatolog\u00eda. Ver m\u00e1s J\u00f3venes Investigadores En ALEH ofrecemos una variedad de oportunidades para el desarrollo de profesionales j\u00f3venes [&hellip;]<\/p>","protected":false},"author":1,"featured_media":0,"parent":0,"menu_order":0,"comment_status":"closed","ping_status":"closed","template":"","meta":{"footnotes":""},"class_list":["post-12008","page","type-page","status-publish","hentry"],"acf":[],"yoast_head":"<!-- This site is optimized with the Yoast SEO plugin v27.2 - https:\/\/yoast.com\/product\/yoast-seo-wordpress\/ -->\n<title>Investigaci\u00f3n y Educaci\u00f3n - ALEH - Asociaci\u00f3n Latinoamericana para el Estudio del H\u00edgado<\/title>\n<meta name=\"robots\" content=\"index, follow, max-snippet:-1, max-image-preview:large, max-video-preview:-1\" \/>\n<link rel=\"canonical\" href=\"https:\/\/alehlatam.org\/pt\/investigacion-educacion\/\" \/>\n<meta property=\"og:locale\" content=\"pt_BR\" \/>\n<meta property=\"og:type\" content=\"article\" \/>\n<meta property=\"og:title\" content=\"Investigaci\u00f3n y Educaci\u00f3n - ALEH - Asociaci\u00f3n Latinoamericana para el Estudio del H\u00edgado\" \/>\n<meta property=\"og:description\" content=\"Investigaci\u00f3n y Educaci\u00f3n Grupos de Inter\u00e9s Conoce los distintos grupos de inter\u00e9s del \u00e1rea de la hepatolog\u00eda que se re\u00fanen en ALEH. Ver m\u00e1s Recursos Educativos Amplia tu formaci\u00f3n acad\u00e9mica con material realizado por especialistas de la hepatolog\u00eda. Ver m\u00e1s J\u00f3venes Investigadores En ALEH ofrecemos una variedad de oportunidades para el desarrollo de profesionales j\u00f3venes [&hellip;]\" \/>\n<meta property=\"og:url\" content=\"https:\/\/alehlatam.org\/pt\/investigacion-educacion\/\" \/>\n<meta property=\"og:site_name\" content=\"ALEH - Asociaci\u00f3n Latinoamericana para el Estudio del H\u00edgado\" \/>\n<meta property=\"article:modified_time\" content=\"2024-12-16T12:47:56+00:00\" \/>\n<meta property=\"og:image\" content=\"https:\/\/alehlatam.org\/wp-content\/uploads\/2026\/01\/Default-banner-para-links-externos.png\" \/>\n\t<meta property=\"og:image:width\" content=\"1200\" \/>\n\t<meta property=\"og:image:height\" content=\"675\" \/>\n\t<meta property=\"og:image:type\" content=\"image\/png\" \/>\n<meta name=\"twitter:card\" content=\"summary_large_image\" \/>\n<script type=\"application\/ld+json\" class=\"yoast-schema-graph\">{\"@context\":\"https:\/\/schema.org\",\"@graph\":[{\"@type\":\"WebPage\",\"@id\":\"https:\/\/alehlatam.org\/investigacion-educacion\/\",\"url\":\"https:\/\/alehlatam.org\/investigacion-educacion\/\",\"name\":\"Investigaci\u00f3n y Educaci\u00f3n - ALEH - Asociaci\u00f3n Latinoamericana para el Estudio del H\u00edgado\",\"isPartOf\":{\"@id\":\"https:\/\/alehlatam.org\/#website\"},\"datePublished\":\"2024-02-07T20:10:16+00:00\",\"dateModified\":\"2024-12-16T12:47:56+00:00\",\"breadcrumb\":{\"@id\":\"https:\/\/alehlatam.org\/investigacion-educacion\/#breadcrumb\"},\"inLanguage\":\"pt-BR\",\"potentialAction\":[{\"@type\":\"ReadAction\",\"target\":[\"https:\/\/alehlatam.org\/investigacion-educacion\/\"]}]},{\"@type\":\"BreadcrumbList\",\"@id\":\"https:\/\/alehlatam.org\/investigacion-educacion\/#breadcrumb\",\"itemListElement\":[{\"@type\":\"ListItem\",\"position\":1,\"name\":\"Inicio\",\"item\":\"https:\/\/alehlatam.org\/\"},{\"@type\":\"ListItem\",\"position\":2,\"name\":\"Investigaci\u00f3n y Educaci\u00f3n\"}]},{\"@type\":\"WebSite\",\"@id\":\"https:\/\/alehlatam.org\/#website\",\"url\":\"https:\/\/alehlatam.org\/\",\"name\":\"ALEH - Asociaci\u00f3n Latinoamericana para el Estudio del H\u00edgado\",\"description\":\"Conectamos a la comunidad de hepatolog\u00eda en Latinoam\u00e9rica. ALEH impulsa la investigaci\u00f3n y el intercambio cient\u00edfico para mejorar la salud hep\u00e1tica regional.\",\"publisher\":{\"@id\":\"https:\/\/alehlatam.org\/#organization\"},\"alternateName\":\"ALEH\",\"potentialAction\":[{\"@type\":\"SearchAction\",\"target\":{\"@type\":\"EntryPoint\",\"urlTemplate\":\"https:\/\/alehlatam.org\/?s={search_term_string}\"},\"query-input\":{\"@type\":\"PropertyValueSpecification\",\"valueRequired\":true,\"valueName\":\"search_term_string\"}}],\"inLanguage\":\"pt-BR\"},{\"@type\":\"Organization\",\"@id\":\"https:\/\/alehlatam.org\/#organization\",\"name\":\"Asociaci\u00f3n Latinoamericana para el Estudio del H\u00edgado\",\"alternateName\":\"ALEH\",\"url\":\"https:\/\/alehlatam.org\/\",\"logo\":{\"@type\":\"ImageObject\",\"inLanguage\":\"pt-BR\",\"@id\":\"https:\/\/alehlatam.org\/#\/schema\/logo\/image\/\",\"url\":\"https:\/\/alehlatam.org\/wp-content\/uploads\/2024\/01\/Logo-ALEH-Transparente.png\",\"contentUrl\":\"https:\/\/alehlatam.org\/wp-content\/uploads\/2024\/01\/Logo-ALEH-Transparente.png\",\"width\":2000,\"height\":1493,\"caption\":\"Asociaci\u00f3n Latinoamericana para el Estudio del H\u00edgado\"},\"image\":{\"@id\":\"https:\/\/alehlatam.org\/#\/schema\/logo\/image\/\"}}]}<\/script>\n<!-- \/ Yoast SEO plugin. -->","yoast_head_json":{"title":"Investigaci\u00f3n y Educaci\u00f3n - ALEH - Asociaci\u00f3n Latinoamericana para el Estudio del H\u00edgado","robots":{"index":"index","follow":"follow","max-snippet":"max-snippet:-1","max-image-preview":"max-image-preview:large","max-video-preview":"max-video-preview:-1"},"canonical":"https:\/\/alehlatam.org\/pt\/investigacion-educacion\/","og_locale":"pt_BR","og_type":"article","og_title":"Investigaci\u00f3n y Educaci\u00f3n - ALEH - Asociaci\u00f3n Latinoamericana para el Estudio del H\u00edgado","og_description":"Investigaci\u00f3n y Educaci\u00f3n Grupos de Inter\u00e9s Conoce los distintos grupos de inter\u00e9s del \u00e1rea de la hepatolog\u00eda que se re\u00fanen en ALEH. Ver m\u00e1s Recursos Educativos Amplia tu formaci\u00f3n acad\u00e9mica con material realizado por especialistas de la hepatolog\u00eda. Ver m\u00e1s J\u00f3venes Investigadores En ALEH ofrecemos una variedad de oportunidades para el desarrollo de profesionales j\u00f3venes [&hellip;]","og_url":"https:\/\/alehlatam.org\/pt\/investigacion-educacion\/","og_site_name":"ALEH - Asociaci\u00f3n Latinoamericana para el Estudio del H\u00edgado","article_modified_time":"2024-12-16T12:47:56+00:00","og_image":[{"width":1200,"height":675,"url":"https:\/\/alehlatam.org\/wp-content\/uploads\/2026\/01\/Default-banner-para-links-externos.png","type":"image\/png"}],"twitter_card":"summary_large_image","schema":{"@context":"https:\/\/schema.org","@graph":[{"@type":"WebPage","@id":"https:\/\/alehlatam.org\/investigacion-educacion\/","url":"https:\/\/alehlatam.org\/investigacion-educacion\/","name":"Investigaci\u00f3n y Educaci\u00f3n - ALEH - Asociaci\u00f3n Latinoamericana para el Estudio del H\u00edgado","isPartOf":{"@id":"https:\/\/alehlatam.org\/#website"},"datePublished":"2024-02-07T20:10:16+00:00","dateModified":"2024-12-16T12:47:56+00:00","breadcrumb":{"@id":"https:\/\/alehlatam.org\/investigacion-educacion\/#breadcrumb"},"inLanguage":"pt-BR","potentialAction":[{"@type":"ReadAction","target":["https:\/\/alehlatam.org\/investigacion-educacion\/"]}]},{"@type":"BreadcrumbList","@id":"https:\/\/alehlatam.org\/investigacion-educacion\/#breadcrumb","itemListElement":[{"@type":"ListItem","position":1,"name":"Inicio","item":"https:\/\/alehlatam.org\/"},{"@type":"ListItem","position":2,"name":"Investigaci\u00f3n y Educaci\u00f3n"}]},{"@type":"WebSite","@id":"https:\/\/alehlatam.org\/#website","url":"https:\/\/alehlatam.org\/","name":"ALEH - Asociaci\u00f3n Latinoamericana para el Estudio del H\u00edgado","description":"Conectamos a la comunidad de hepatolog\u00eda en Latinoam\u00e9rica. ALEH impulsa la investigaci\u00f3n y el intercambio cient\u00edfico para mejorar la salud hep\u00e1tica regional.","publisher":{"@id":"https:\/\/alehlatam.org\/#organization"},"alternateName":"ALEH","potentialAction":[{"@type":"SearchAction","target":{"@type":"EntryPoint","urlTemplate":"https:\/\/alehlatam.org\/?s={search_term_string}"},"query-input":{"@type":"PropertyValueSpecification","valueRequired":true,"valueName":"search_term_string"}}],"inLanguage":"pt-BR"},{"@type":"Organization","@id":"https:\/\/alehlatam.org\/#organization","name":"Asociaci\u00f3n Latinoamericana para el Estudio del H\u00edgado","alternateName":"ALEH","url":"https:\/\/alehlatam.org\/","logo":{"@type":"ImageObject","inLanguage":"pt-BR","@id":"https:\/\/alehlatam.org\/#\/schema\/logo\/image\/","url":"https:\/\/alehlatam.org\/wp-content\/uploads\/2024\/01\/Logo-ALEH-Transparente.png","contentUrl":"https:\/\/alehlatam.org\/wp-content\/uploads\/2024\/01\/Logo-ALEH-Transparente.png","width":2000,"height":1493,"caption":"Asociaci\u00f3n Latinoamericana para el Estudio del H\u00edgado"},"image":{"@id":"https:\/\/alehlatam.org\/#\/schema\/logo\/image\/"}}]}},"_links":{"self":[{"href":"https:\/\/alehlatam.org\/pt\/wp-json\/wp\/v2\/pages\/12008","targetHints":{"allow":["GET"]}}],"collection":[{"href":"https:\/\/alehlatam.org\/pt\/wp-json\/wp\/v2\/pages"}],"about":[{"href":"https:\/\/alehlatam.org\/pt\/wp-json\/wp\/v2\/types\/page"}],"author":[{"embeddable":true,"href":"https:\/\/alehlatam.org\/pt\/wp-json\/wp\/v2\/users\/1"}],"replies":[{"embeddable":true,"href":"https:\/\/alehlatam.org\/pt\/wp-json\/wp\/v2\/comments?post=12008"}],"version-history":[{"count":0,"href":"https:\/\/alehlatam.org\/pt\/wp-json\/wp\/v2\/pages\/12008\/revisions"}],"wp:attachment":[{"href":"https:\/\/alehlatam.org\/pt\/wp-json\/wp\/v2\/media?parent=12008"}],"curies":[{"name":"wp","href":"https:\/\/api.w.org\/{rel}","templated":true}]}}