{"id":12144,"date":"2024-02-14T18:44:05","date_gmt":"2024-02-14T18:44:05","guid":{"rendered":"https:\/\/alehlatam.org\/wp2024\/?page_id=12144"},"modified":"2025-05-19T11:26:26","modified_gmt":"2025-05-19T15:26:26","slug":"hepatopatias-autoinmunes","status":"publish","type":"page","link":"https:\/\/alehlatam.org\/pt\/investigacion-educacion\/grupos-de-interes\/hepatopatias-autoinmunes\/","title":{"rendered":"Doen\u00e7as Autoimunes do F\u00edgado"},"content":{"rendered":"<div data-elementor-type=\"wp-page\" data-elementor-id=\"12144\" class=\"elementor elementor-12144\" data-elementor-post-type=\"page\">\n\t\t\t\t<article class=\"elementor-element elementor-element-3fdfa9d e-con-full e-flex e-con e-child\" data-id=\"3fdfa9d\" data-element_type=\"container\" data-e-type=\"container\">\n\t\t\t\t<div class=\"elementor-element elementor-element-9c2b62b elementor-widget elementor-widget-text-editor\" data-id=\"9c2b62b\" data-element_type=\"widget\" data-e-type=\"widget\" data-widget_type=\"text-editor.default\">\n\t\t\t\t<div class=\"elementor-widget-container\">\n\t\t\t\t\t\t\t\t\t<p>Invitamos a todos los profesionales interesados a sumarse al Grupo de Inter\u00e9s en Hepatopat\u00edas Autoinmunes. Iniciaremos nuestras actividades con la Encuesta Latinoamericana de Enfermedades Colest\u00e1sicas, integrando los datos ya obtenidos en Brasil con informaci\u00f3n de otros pa\u00edses de la regi\u00f3n.<\/p>\n<p>Contamos con la colaboraci\u00f3n de colegas para incluir la mayor cantidad posible de centros en Am\u00e9rica Latina. Si deseas participar, reg\u00edstrate en el grupo para que podamos contactarte e incluir tu centro en este importante proyecto regional.<\/p>\t\t\t\t\t\t\t\t<\/div>\n\t\t\t\t<\/div>\n\t\t\t\t<div class=\"elementor-element elementor-element-9a46eff elementor-widget elementor-widget-heading\" data-id=\"9a46eff\" data-element_type=\"widget\" data-e-type=\"widget\" data-widget_type=\"heading.default\">\n\t\t\t\t<div class=\"elementor-widget-container\">\n\t\t\t\t\t<h2 class=\"elementor-heading-title elementor-size-default\">Objetivos<\/h2>\t\t\t\t<\/div>\n\t\t\t\t<\/div>\n\t\t\t\t<div class=\"elementor-element elementor-element-5d6c92b elementor-widget elementor-widget-text-editor\" data-id=\"5d6c92b\" data-element_type=\"widget\" data-e-type=\"widget\" data-widget_type=\"text-editor.default\">\n\t\t\t\t<div class=\"elementor-widget-container\">\n\t\t\t\t\t\t\t\t\t<ol>\n<li>Generar un espacio que permita la interacci\u00f3n, compartir experiencias y generar v\u00ednculos entre hepat\u00f3logos interesados en temas espec\u00edficos, en este caso en hepat\u00edas autoinmunes.<\/li>\n<li>Generar datos latinoamericanos para comprender mejor la epidemiolog\u00eda de las enfermedades hep\u00e1ticas autoinmunes, fomentando la investigaci\u00f3n cl\u00ednica y la publicaci\u00f3n cient\u00edfica.<\/li>\n<li>Elaborar gu\u00edas de pr\u00e1ctica cl\u00ednica y sus complicaciones orientadas a la realidad de nuestra regi\u00f3n.<\/li>\n<li>Fomentar el trabajo colaborativo con otras sociedades cient\u00edficas internacionales (<a href=\"https:\/\/www.aasld.org\/\">AASLD<\/a>, <a href=\"https:\/\/easl.eu\/\">EASL<\/a>, <a href=\"http:\/\/apasl.info\/\">APASL<\/a>)<\/li>\n<li>Desarrollar programas de educaci\u00f3n m\u00e9dica continua para profesionales de la salud a trav\u00e9s de cursos en l\u00ednea.<\/li>\n<\/ol>\t\t\t\t\t\t\t\t<\/div>\n\t\t\t\t<\/div>\n\t\t\t\t<div class=\"elementor-element elementor-element-f017a86 elementor-widget elementor-widget-heading\" data-id=\"f017a86\" data-element_type=\"widget\" data-e-type=\"widget\" data-widget_type=\"heading.default\">\n\t\t\t\t<div class=\"elementor-widget-container\">\n\t\t\t\t\t<h2 class=\"elementor-heading-title elementor-size-default\">Coordinadoras<\/h2>\t\t\t\t<\/div>\n\t\t\t\t<\/div>\n\t\t<div class=\"elementor-element elementor-element-0640e34 e-flex e-con-boxed e-con e-child\" data-id=\"0640e34\" data-element_type=\"container\" data-e-type=\"container\">\n\t\t\t\t\t<div class=\"e-con-inner\">\n\t\t<article class=\"elementor-element elementor-element-0e91d13 e-con-full e-flex e-con e-child\" data-id=\"0e91d13\" data-element_type=\"container\" data-e-type=\"container\">\n\t\t\t\t<div class=\"elementor-element elementor-element-df7c39e elementor-widget__width-initial dce_masking-none elementor-widget elementor-widget-image\" data-id=\"df7c39e\" data-element_type=\"widget\" data-e-type=\"widget\" data-widget_type=\"image.default\">\n\t\t\t\t<div class=\"elementor-widget-container\">\n\t\t\t\t\t\t\t\t\t\t\t\t\t\t\t<img fetchpriority=\"high\" decoding=\"async\" width=\"358\" height=\"358\" src=\"https:\/\/alehlatam.org\/wp-content\/uploads\/2024\/02\/Dra.-Claudia-Couto-BRASIL.jpg\" class=\"attachment-medium_large size-medium_large wp-image-12151\" alt=\"Doctora Claudia Couto\" srcset=\"https:\/\/alehlatam.org\/wp-content\/uploads\/2024\/02\/Dra.-Claudia-Couto-BRASIL.jpg 358w, https:\/\/alehlatam.org\/wp-content\/uploads\/2024\/02\/Dra.-Claudia-Couto-BRASIL-300x300.jpg 300w, https:\/\/alehlatam.org\/wp-content\/uploads\/2024\/02\/Dra.-Claudia-Couto-BRASIL-150x150.jpg 150w\" sizes=\"(max-width: 358px) 100vw, 358px\" \/>\t\t\t\t\t\t\t\t\t\t\t\t\t\t\t<\/div>\n\t\t\t\t<\/div>\n\t\t\t\t<div class=\"elementor-element elementor-element-13a6658 elementor-widget elementor-widget-heading\" data-id=\"13a6658\" data-element_type=\"widget\" data-e-type=\"widget\" data-widget_type=\"heading.default\">\n\t\t\t\t<div class=\"elementor-widget-container\">\n\t\t\t\t\t<h3 class=\"elementor-heading-title elementor-size-default\">Dra. Claudia Couto<\/h3>\t\t\t\t<\/div>\n\t\t\t\t<\/div>\n\t\t\t\t<div class=\"elementor-element elementor-element-5359cb3 elementor-widget elementor-widget-heading\" data-id=\"5359cb3\" data-element_type=\"widget\" data-e-type=\"widget\" data-widget_type=\"heading.default\">\n\t\t\t\t<div class=\"elementor-widget-container\">\n\t\t\t\t\t<div class=\"elementor-heading-title elementor-size-default\">Contacto:<br><a href=\"mailto:clalcouto@gmail.com\">clalcouto@gmail.com<\/a><\/div>\t\t\t\t<\/div>\n\t\t\t\t<\/div>\n\t\t<div class=\"elementor-element elementor-element-df22d73 e-con-full e-flex e-con e-child\" data-id=\"df22d73\" data-element_type=\"container\" data-e-type=\"container\">\n\t\t\t\t<div class=\"elementor-element elementor-element-cb0f6a8 elementor-view-default elementor-widget elementor-widget-icon\" data-id=\"cb0f6a8\" data-element_type=\"widget\" data-e-type=\"widget\" data-widget_type=\"icon.default\">\n\t\t\t\t<div class=\"elementor-widget-container\">\n\t\t\t\t\t\t\t<div class=\"elementor-icon-wrapper\">\n\t\t\t<div class=\"elementor-icon\">\n\t\t\t<svg xmlns=\"http:\/\/www.w3.org\/2000\/svg\" width=\"512\" height=\"512\" viewbox=\"0 0 512 512\"><mask id=\"a\"><circle cx=\"256\" cy=\"256\" r=\"256\" fill=\"#fff\"><\/circle><\/mask><g mask=\"url(#a)\"><path fill=\"#6da544\" d=\"M0 0h512v512H0z\"><\/path><path fill=\"#ffda44\" d=\"M256 100.2 467.5 256 256 411.8 44.5 256z\"><\/path><path fill=\"#eee\" d=\"M174.2 221a87 87 0 0 0-7.2 36.3l162 49.8a88.5 88.5 0 0 0 14.4-34c-40.6-65.3-119.7-80.3-169.1-52z\"><\/path><path fill=\"#0052b4\" d=\"M255.7 167a89 89 0 0 0-41.9 10.6 89 89 0 0 0-39.6 43.4 181.7 181.7 0 0 1 169.1 52.2 89 89 0 0 0-9-59.4 89 89 0 0 0-78.6-46.8zM212 250.5a149 149 0 0 0-45 6.8 89 89 0 0 0 10.5 40.9 89 89 0 0 0 120.6 36.2 89 89 0 0 0 30.7-27.3A151 151 0 0 0 212 250.5z\"><\/path><\/g><\/svg>\t\t\t<\/div>\n\t\t<\/div>\n\t\t\t\t\t\t<\/div>\n\t\t\t\t<\/div>\n\t\t\t\t<div class=\"elementor-element elementor-element-6abb96f elementor-widget elementor-widget-heading\" data-id=\"6abb96f\" data-element_type=\"widget\" data-e-type=\"widget\" data-widget_type=\"heading.default\">\n\t\t\t\t<div class=\"elementor-widget-container\">\n\t\t\t\t\t<div class=\"elementor-heading-title elementor-size-default\">Brasil<\/div>\t\t\t\t<\/div>\n\t\t\t\t<\/div>\n\t\t\t\t<\/div>\n\t\t\t\t<\/article>\n\t\t<article class=\"elementor-element elementor-element-185fa56 e-con-full e-flex e-con e-child\" data-id=\"185fa56\" data-element_type=\"container\" data-e-type=\"container\">\n\t\t\t\t<div class=\"elementor-element elementor-element-27d63b9 elementor-widget__width-initial dce_masking-none elementor-widget elementor-widget-image\" data-id=\"27d63b9\" data-element_type=\"widget\" data-e-type=\"widget\" data-widget_type=\"image.default\">\n\t\t\t\t<div class=\"elementor-widget-container\">\n\t\t\t\t\t\t\t\t\t\t\t\t\t\t\t<img decoding=\"async\" width=\"768\" height=\"769\" src=\"https:\/\/alehlatam.org\/wp-content\/uploads\/2025\/05\/alejandra-villamil-e1747668127356-768x769.jpg\" class=\"attachment-medium_large size-medium_large wp-image-16920\" alt=\"Doctora Alejandra Villamil\" srcset=\"https:\/\/alehlatam.org\/wp-content\/uploads\/2025\/05\/alejandra-villamil-e1747668127356-768x769.jpg 768w, https:\/\/alehlatam.org\/wp-content\/uploads\/2025\/05\/alejandra-villamil-e1747668127356-300x300.jpg 300w, https:\/\/alehlatam.org\/wp-content\/uploads\/2025\/05\/alejandra-villamil-e1747668127356-1022x1024.jpg 1022w, https:\/\/alehlatam.org\/wp-content\/uploads\/2025\/05\/alejandra-villamil-e1747668127356-150x150.jpg 150w, https:\/\/alehlatam.org\/wp-content\/uploads\/2025\/05\/alejandra-villamil-e1747668127356-12x12.jpg 12w, https:\/\/alehlatam.org\/wp-content\/uploads\/2025\/05\/alejandra-villamil-e1747668127356.jpg 1138w\" sizes=\"(max-width: 768px) 100vw, 768px\" \/>\t\t\t\t\t\t\t\t\t\t\t\t\t\t\t<\/div>\n\t\t\t\t<\/div>\n\t\t\t\t<div class=\"elementor-element elementor-element-d709c3d elementor-widget elementor-widget-heading\" data-id=\"d709c3d\" data-element_type=\"widget\" data-e-type=\"widget\" data-widget_type=\"heading.default\">\n\t\t\t\t<div class=\"elementor-widget-container\">\n\t\t\t\t\t<h3 class=\"elementor-heading-title elementor-size-default\">Dra. Alejandra Villamil<\/h3>\t\t\t\t<\/div>\n\t\t\t\t<\/div>\n\t\t<div class=\"elementor-element elementor-element-29e8a32 e-con-full e-flex e-con e-child\" data-id=\"29e8a32\" data-element_type=\"container\" data-e-type=\"container\">\n\t\t\t\t<div class=\"elementor-element elementor-element-220b28c elementor-view-default elementor-widget elementor-widget-icon\" data-id=\"220b28c\" data-element_type=\"widget\" data-e-type=\"widget\" data-widget_type=\"icon.default\">\n\t\t\t\t<div class=\"elementor-widget-container\">\n\t\t\t\t\t\t\t<div class=\"elementor-icon-wrapper\">\n\t\t\t<div class=\"elementor-icon\">\n\t\t\t<svg xmlns=\"http:\/\/www.w3.org\/2000\/svg\" width=\"512\" height=\"512\" viewbox=\"0 0 512 512\"><mask id=\"a\"><circle cx=\"256\" cy=\"256\" r=\"256\" fill=\"#fff\"><\/circle><\/mask><g mask=\"url(#a)\"><path fill=\"#338af3\" d=\"M0 0h512v144.7L488 256l24 111.3V512H0V367.3L26 256 0 144.7z\"><\/path><path fill=\"#eee\" d=\"M0 144.7h512v222.6H0z\"><\/path><path fill=\"#ffda44\" d=\"m332.4 256-31.2 14.7 16.7 30.3-34-6.5-4.2 34.3-23.7-25.2-23.6 25.2-4.3-34.3-34 6.5 16.6-30.3-31.2-14.7 31.3-14.7L194 211l34 6.5 4.3-34.3 23.6 25.2 23.6-25.2 4.4 34.3 34-6.5-16.7 30.3z\"><\/path><\/g><\/svg>\t\t\t<\/div>\n\t\t<\/div>\n\t\t\t\t\t\t<\/div>\n\t\t\t\t<\/div>\n\t\t\t\t<div class=\"elementor-element elementor-element-dd16fba elementor-widget elementor-widget-heading\" data-id=\"dd16fba\" data-element_type=\"widget\" data-e-type=\"widget\" data-widget_type=\"heading.default\">\n\t\t\t\t<div class=\"elementor-widget-container\">\n\t\t\t\t\t<div class=\"elementor-heading-title elementor-size-default\">Argentina<\/div>\t\t\t\t<\/div>\n\t\t\t\t<\/div>\n\t\t\t\t<\/div>\n\t\t\t\t<\/article>\n\t\t\t\t\t<\/div>\n\t\t\t\t<\/div>\n\t\t\t\t<\/article>\n\t\t\t\t<\/div>","protected":false},"excerpt":{"rendered":"<p>Invitamos a todos los profesionales interesados a sumarse al Grupo de Inter\u00e9s en Hepatopat\u00edas Autoinmunes. Iniciaremos nuestras actividades con la Encuesta Latinoamericana de Enfermedades Colest\u00e1sicas, integrando los datos ya obtenidos en Brasil con informaci\u00f3n de otros pa\u00edses de la regi\u00f3n. Contamos con la colaboraci\u00f3n de colegas para incluir la mayor cantidad posible de centros en [&hellip;]<\/p>","protected":false},"author":1,"featured_media":0,"parent":12035,"menu_order":0,"comment_status":"closed","ping_status":"closed","template":"","meta":{"footnotes":""},"class_list":["post-12144","page","type-page","status-publish","hentry"],"acf":[],"yoast_head":"<!-- This site is optimized with the Yoast SEO plugin v27.2 - https:\/\/yoast.com\/product\/yoast-seo-wordpress\/ -->\n<title>Hepatopat\u00edas Autoinmunes - ALEH - Asociaci\u00f3n Latinoamericana para el Estudio del H\u00edgado<\/title>\n<meta name=\"robots\" content=\"index, follow, max-snippet:-1, max-image-preview:large, max-video-preview:-1\" \/>\n<link rel=\"canonical\" href=\"https:\/\/alehlatam.org\/pt\/investigacion-educacion\/grupos-de-interes\/hepatopatias-autoinmunes\/\" \/>\n<meta property=\"og:locale\" content=\"pt_BR\" \/>\n<meta property=\"og:type\" content=\"article\" \/>\n<meta property=\"og:title\" content=\"Hepatopat\u00edas Autoinmunes - ALEH - Asociaci\u00f3n Latinoamericana para el Estudio del H\u00edgado\" \/>\n<meta property=\"og:description\" content=\"Invitamos a todos los profesionales interesados a sumarse al Grupo de Inter\u00e9s en Hepatopat\u00edas Autoinmunes. Iniciaremos nuestras actividades con la Encuesta Latinoamericana de Enfermedades Colest\u00e1sicas, integrando los datos ya obtenidos en Brasil con informaci\u00f3n de otros pa\u00edses de la regi\u00f3n. Contamos con la colaboraci\u00f3n de colegas para incluir la mayor cantidad posible de centros en [&hellip;]\" \/>\n<meta property=\"og:url\" content=\"https:\/\/alehlatam.org\/pt\/investigacion-educacion\/grupos-de-interes\/hepatopatias-autoinmunes\/\" \/>\n<meta property=\"og:site_name\" content=\"ALEH - Asociaci\u00f3n Latinoamericana para el Estudio del H\u00edgado\" \/>\n<meta property=\"article:modified_time\" content=\"2025-05-19T15:26:26+00:00\" \/>\n<meta property=\"og:image\" content=\"https:\/\/alehlatam.org\/wp-content\/uploads\/2024\/02\/Dra.-Claudia-Couto-BRASIL.jpg\" \/>\n\t<meta property=\"og:image:width\" content=\"358\" \/>\n\t<meta property=\"og:image:height\" content=\"358\" \/>\n\t<meta property=\"og:image:type\" content=\"image\/jpeg\" \/>\n<meta name=\"twitter:card\" content=\"summary_large_image\" \/>\n<script type=\"application\/ld+json\" class=\"yoast-schema-graph\">{\"@context\":\"https:\/\/schema.org\",\"@graph\":[{\"@type\":\"WebPage\",\"@id\":\"https:\/\/alehlatam.org\/investigacion-educacion\/grupos-de-interes\/hepatopatias-autoinmunes\/\",\"url\":\"https:\/\/alehlatam.org\/investigacion-educacion\/grupos-de-interes\/hepatopatias-autoinmunes\/\",\"name\":\"Hepatopat\u00edas Autoinmunes - ALEH - Asociaci\u00f3n Latinoamericana para el Estudio del H\u00edgado\",\"isPartOf\":{\"@id\":\"https:\/\/alehlatam.org\/#website\"},\"primaryImageOfPage\":{\"@id\":\"https:\/\/alehlatam.org\/investigacion-educacion\/grupos-de-interes\/hepatopatias-autoinmunes\/#primaryimage\"},\"image\":{\"@id\":\"https:\/\/alehlatam.org\/investigacion-educacion\/grupos-de-interes\/hepatopatias-autoinmunes\/#primaryimage\"},\"thumbnailUrl\":\"https:\/\/alehlatam.org\/wp-content\/uploads\/2024\/02\/Dra.-Claudia-Couto-BRASIL.jpg\",\"datePublished\":\"2024-02-14T18:44:05+00:00\",\"dateModified\":\"2025-05-19T15:26:26+00:00\",\"breadcrumb\":{\"@id\":\"https:\/\/alehlatam.org\/investigacion-educacion\/grupos-de-interes\/hepatopatias-autoinmunes\/#breadcrumb\"},\"inLanguage\":\"pt-BR\",\"potentialAction\":[{\"@type\":\"ReadAction\",\"target\":[\"https:\/\/alehlatam.org\/investigacion-educacion\/grupos-de-interes\/hepatopatias-autoinmunes\/\"]}]},{\"@type\":\"ImageObject\",\"inLanguage\":\"pt-BR\",\"@id\":\"https:\/\/alehlatam.org\/investigacion-educacion\/grupos-de-interes\/hepatopatias-autoinmunes\/#primaryimage\",\"url\":\"https:\/\/alehlatam.org\/wp-content\/uploads\/2024\/02\/Dra.-Claudia-Couto-BRASIL.jpg\",\"contentUrl\":\"https:\/\/alehlatam.org\/wp-content\/uploads\/2024\/02\/Dra.-Claudia-Couto-BRASIL.jpg\"},{\"@type\":\"BreadcrumbList\",\"@id\":\"https:\/\/alehlatam.org\/investigacion-educacion\/grupos-de-interes\/hepatopatias-autoinmunes\/#breadcrumb\",\"itemListElement\":[{\"@type\":\"ListItem\",\"position\":1,\"name\":\"Inicio\",\"item\":\"https:\/\/alehlatam.org\/\"},{\"@type\":\"ListItem\",\"position\":2,\"name\":\"Investigaci\u00f3n y Educaci\u00f3n\",\"item\":\"https:\/\/alehlatam.org\/investigacion-educacion\/\"},{\"@type\":\"ListItem\",\"position\":3,\"name\":\"Grupos de Inter\u00e9s\",\"item\":\"https:\/\/alehlatam.org\/investigacion-educacion\/grupos-de-interes\/\"},{\"@type\":\"ListItem\",\"position\":4,\"name\":\"Hepatopat\u00edas Autoinmunes\"}]},{\"@type\":\"WebSite\",\"@id\":\"https:\/\/alehlatam.org\/#website\",\"url\":\"https:\/\/alehlatam.org\/\",\"name\":\"ALEH - Asociaci\u00f3n Latinoamericana para el Estudio del H\u00edgado\",\"description\":\"Conectamos a la comunidad de hepatolog\u00eda en Latinoam\u00e9rica. ALEH impulsa la investigaci\u00f3n y el intercambio cient\u00edfico para mejorar la salud hep\u00e1tica regional.\",\"publisher\":{\"@id\":\"https:\/\/alehlatam.org\/#organization\"},\"alternateName\":\"ALEH\",\"potentialAction\":[{\"@type\":\"SearchAction\",\"target\":{\"@type\":\"EntryPoint\",\"urlTemplate\":\"https:\/\/alehlatam.org\/?s={search_term_string}\"},\"query-input\":{\"@type\":\"PropertyValueSpecification\",\"valueRequired\":true,\"valueName\":\"search_term_string\"}}],\"inLanguage\":\"pt-BR\"},{\"@type\":\"Organization\",\"@id\":\"https:\/\/alehlatam.org\/#organization\",\"name\":\"Asociaci\u00f3n Latinoamericana para el Estudio del H\u00edgado\",\"alternateName\":\"ALEH\",\"url\":\"https:\/\/alehlatam.org\/\",\"logo\":{\"@type\":\"ImageObject\",\"inLanguage\":\"pt-BR\",\"@id\":\"https:\/\/alehlatam.org\/#\/schema\/logo\/image\/\",\"url\":\"https:\/\/alehlatam.org\/wp-content\/uploads\/2024\/01\/Logo-ALEH-Transparente.png\",\"contentUrl\":\"https:\/\/alehlatam.org\/wp-content\/uploads\/2024\/01\/Logo-ALEH-Transparente.png\",\"width\":2000,\"height\":1493,\"caption\":\"Asociaci\u00f3n Latinoamericana para el Estudio del H\u00edgado\"},\"image\":{\"@id\":\"https:\/\/alehlatam.org\/#\/schema\/logo\/image\/\"}}]}<\/script>\n<!-- \/ Yoast SEO plugin. -->","yoast_head_json":{"title":"Hepatopat\u00edas Autoinmunes - ALEH - Asociaci\u00f3n Latinoamericana para el Estudio del H\u00edgado","robots":{"index":"index","follow":"follow","max-snippet":"max-snippet:-1","max-image-preview":"max-image-preview:large","max-video-preview":"max-video-preview:-1"},"canonical":"https:\/\/alehlatam.org\/pt\/investigacion-educacion\/grupos-de-interes\/hepatopatias-autoinmunes\/","og_locale":"pt_BR","og_type":"article","og_title":"Hepatopat\u00edas Autoinmunes - ALEH - Asociaci\u00f3n Latinoamericana para el Estudio del H\u00edgado","og_description":"Invitamos a todos los profesionales interesados a sumarse al Grupo de Inter\u00e9s en Hepatopat\u00edas Autoinmunes. Iniciaremos nuestras actividades con la Encuesta Latinoamericana de Enfermedades Colest\u00e1sicas, integrando los datos ya obtenidos en Brasil con informaci\u00f3n de otros pa\u00edses de la regi\u00f3n. Contamos con la colaboraci\u00f3n de colegas para incluir la mayor cantidad posible de centros en [&hellip;]","og_url":"https:\/\/alehlatam.org\/pt\/investigacion-educacion\/grupos-de-interes\/hepatopatias-autoinmunes\/","og_site_name":"ALEH - Asociaci\u00f3n Latinoamericana para el Estudio del H\u00edgado","article_modified_time":"2025-05-19T15:26:26+00:00","og_image":[{"width":358,"height":358,"url":"https:\/\/alehlatam.org\/wp-content\/uploads\/2024\/02\/Dra.-Claudia-Couto-BRASIL.jpg","type":"image\/jpeg"}],"twitter_card":"summary_large_image","schema":{"@context":"https:\/\/schema.org","@graph":[{"@type":"WebPage","@id":"https:\/\/alehlatam.org\/investigacion-educacion\/grupos-de-interes\/hepatopatias-autoinmunes\/","url":"https:\/\/alehlatam.org\/investigacion-educacion\/grupos-de-interes\/hepatopatias-autoinmunes\/","name":"Hepatopat\u00edas Autoinmunes - ALEH - Asociaci\u00f3n Latinoamericana para el Estudio del H\u00edgado","isPartOf":{"@id":"https:\/\/alehlatam.org\/#website"},"primaryImageOfPage":{"@id":"https:\/\/alehlatam.org\/investigacion-educacion\/grupos-de-interes\/hepatopatias-autoinmunes\/#primaryimage"},"image":{"@id":"https:\/\/alehlatam.org\/investigacion-educacion\/grupos-de-interes\/hepatopatias-autoinmunes\/#primaryimage"},"thumbnailUrl":"https:\/\/alehlatam.org\/wp-content\/uploads\/2024\/02\/Dra.-Claudia-Couto-BRASIL.jpg","datePublished":"2024-02-14T18:44:05+00:00","dateModified":"2025-05-19T15:26:26+00:00","breadcrumb":{"@id":"https:\/\/alehlatam.org\/investigacion-educacion\/grupos-de-interes\/hepatopatias-autoinmunes\/#breadcrumb"},"inLanguage":"pt-BR","potentialAction":[{"@type":"ReadAction","target":["https:\/\/alehlatam.org\/investigacion-educacion\/grupos-de-interes\/hepatopatias-autoinmunes\/"]}]},{"@type":"ImageObject","inLanguage":"pt-BR","@id":"https:\/\/alehlatam.org\/investigacion-educacion\/grupos-de-interes\/hepatopatias-autoinmunes\/#primaryimage","url":"https:\/\/alehlatam.org\/wp-content\/uploads\/2024\/02\/Dra.-Claudia-Couto-BRASIL.jpg","contentUrl":"https:\/\/alehlatam.org\/wp-content\/uploads\/2024\/02\/Dra.-Claudia-Couto-BRASIL.jpg"},{"@type":"BreadcrumbList","@id":"https:\/\/alehlatam.org\/investigacion-educacion\/grupos-de-interes\/hepatopatias-autoinmunes\/#breadcrumb","itemListElement":[{"@type":"ListItem","position":1,"name":"Inicio","item":"https:\/\/alehlatam.org\/"},{"@type":"ListItem","position":2,"name":"Investigaci\u00f3n y Educaci\u00f3n","item":"https:\/\/alehlatam.org\/investigacion-educacion\/"},{"@type":"ListItem","position":3,"name":"Grupos de Inter\u00e9s","item":"https:\/\/alehlatam.org\/investigacion-educacion\/grupos-de-interes\/"},{"@type":"ListItem","position":4,"name":"Hepatopat\u00edas Autoinmunes"}]},{"@type":"WebSite","@id":"https:\/\/alehlatam.org\/#website","url":"https:\/\/alehlatam.org\/","name":"ALEH - Asociaci\u00f3n Latinoamericana para el Estudio del H\u00edgado","description":"Conectamos a la comunidad de hepatolog\u00eda en Latinoam\u00e9rica. ALEH impulsa la investigaci\u00f3n y el intercambio cient\u00edfico para mejorar la salud hep\u00e1tica regional.","publisher":{"@id":"https:\/\/alehlatam.org\/#organization"},"alternateName":"ALEH","potentialAction":[{"@type":"SearchAction","target":{"@type":"EntryPoint","urlTemplate":"https:\/\/alehlatam.org\/?s={search_term_string}"},"query-input":{"@type":"PropertyValueSpecification","valueRequired":true,"valueName":"search_term_string"}}],"inLanguage":"pt-BR"},{"@type":"Organization","@id":"https:\/\/alehlatam.org\/#organization","name":"Asociaci\u00f3n Latinoamericana para el Estudio del H\u00edgado","alternateName":"ALEH","url":"https:\/\/alehlatam.org\/","logo":{"@type":"ImageObject","inLanguage":"pt-BR","@id":"https:\/\/alehlatam.org\/#\/schema\/logo\/image\/","url":"https:\/\/alehlatam.org\/wp-content\/uploads\/2024\/01\/Logo-ALEH-Transparente.png","contentUrl":"https:\/\/alehlatam.org\/wp-content\/uploads\/2024\/01\/Logo-ALEH-Transparente.png","width":2000,"height":1493,"caption":"Asociaci\u00f3n Latinoamericana para el Estudio del H\u00edgado"},"image":{"@id":"https:\/\/alehlatam.org\/#\/schema\/logo\/image\/"}}]}},"_links":{"self":[{"href":"https:\/\/alehlatam.org\/pt\/wp-json\/wp\/v2\/pages\/12144","targetHints":{"allow":["GET"]}}],"collection":[{"href":"https:\/\/alehlatam.org\/pt\/wp-json\/wp\/v2\/pages"}],"about":[{"href":"https:\/\/alehlatam.org\/pt\/wp-json\/wp\/v2\/types\/page"}],"author":[{"embeddable":true,"href":"https:\/\/alehlatam.org\/pt\/wp-json\/wp\/v2\/users\/1"}],"replies":[{"embeddable":true,"href":"https:\/\/alehlatam.org\/pt\/wp-json\/wp\/v2\/comments?post=12144"}],"version-history":[{"count":0,"href":"https:\/\/alehlatam.org\/pt\/wp-json\/wp\/v2\/pages\/12144\/revisions"}],"up":[{"embeddable":true,"href":"https:\/\/alehlatam.org\/pt\/wp-json\/wp\/v2\/pages\/12035"}],"wp:attachment":[{"href":"https:\/\/alehlatam.org\/pt\/wp-json\/wp\/v2\/media?parent=12144"}],"curies":[{"name":"wp","href":"https:\/\/api.w.org\/{rel}","templated":true}]}}