{"id":13120,"date":"2024-03-13T12:11:40","date_gmt":"2024-03-13T15:11:40","guid":{"rendered":"https:\/\/alehlatam.org\/wp2024\/?page_id=13120"},"modified":"2024-12-27T15:14:54","modified_gmt":"2024-12-27T18:14:54","slug":"contacto","status":"publish","type":"page","link":"https:\/\/alehlatam.org\/pt\/contacto\/","title":{"rendered":"Contato"},"content":{"rendered":"<div data-elementor-type=\"wp-page\" data-elementor-id=\"13120\" class=\"elementor elementor-13120\" data-elementor-post-type=\"page\">\n\t\t\t\t<div class=\"elementor-element elementor-element-6b178eab e-flex e-con-boxed e-con e-parent\" data-id=\"6b178eab\" data-element_type=\"container\" data-e-type=\"container\">\n\t\t\t\t\t<div class=\"e-con-inner\">\n\t\t\t\t<div class=\"elementor-element elementor-element-4d785234 elementor-hidden-mobile elementor-widget elementor-widget-breadcrumbs\" data-id=\"4d785234\" data-element_type=\"widget\" data-e-type=\"widget\" data-widget_type=\"breadcrumbs.default\">\n\t\t\t\t<div class=\"elementor-widget-container\">\n\t\t\t\t\t<p id=\"breadcrumbs\"><span><span><a href=\"https:\/\/alehlatam.org\/pt\/\">In\u00edcio<\/a><\/span><\/span><\/p>\t\t\t\t<\/div>\n\t\t\t\t<\/div>\n\t\t\t\t<div class=\"elementor-element elementor-element-39593785 elementor-widget elementor-widget-heading\" data-id=\"39593785\" data-element_type=\"widget\" data-e-type=\"widget\" data-widget_type=\"heading.default\">\n\t\t\t\t<div class=\"elementor-widget-container\">\n\t\t\t\t\t<h1 class=\"elementor-heading-title elementor-size-default\">Contato<\/h1>\t\t\t\t<\/div>\n\t\t\t\t<\/div>\n\t\t\t\t<div class=\"elementor-element elementor-element-3f055731 elementor-hidden-desktop elementor-hidden-tablet elementor-widget-divider--view-line elementor-widget elementor-widget-divider\" data-id=\"3f055731\" data-element_type=\"widget\" data-e-type=\"widget\" data-widget_type=\"divider.default\">\n\t\t\t\t<div class=\"elementor-widget-container\">\n\t\t\t\t\t\t\t<div class=\"elementor-divider\">\n\t\t\t<span class=\"elementor-divider-separator\">\n\t\t\t\t\t\t<\/span>\n\t\t<\/div>\n\t\t\t\t\t\t<\/div>\n\t\t\t\t<\/div>\n\t\t\t\t\t<\/div>\n\t\t\t\t<\/div>\n\t\t<div class=\"elementor-element elementor-element-586076cf e-flex e-con-boxed e-con e-parent\" data-id=\"586076cf\" data-element_type=\"container\" data-e-type=\"container\">\n\t\t\t\t\t<div class=\"e-con-inner\">\n\t\t<div class=\"elementor-element elementor-element-b1c46e7 e-con-full e-flex e-con e-child\" data-id=\"b1c46e7\" data-element_type=\"container\" data-e-type=\"container\">\n\t\t\t\t<div class=\"elementor-element elementor-element-d9441b6 elementor-widget elementor-widget-heading\" data-id=\"d9441b6\" data-element_type=\"widget\" data-e-type=\"widget\" data-widget_type=\"heading.default\">\n\t\t\t\t<div class=\"elementor-widget-container\">\n\t\t\t\t\t<h2 class=\"elementor-heading-title elementor-size-default\">Secretaria Executiva<\/h2>\t\t\t\t<\/div>\n\t\t\t\t<\/div>\n\t\t\t\t<div class=\"elementor-element elementor-element-cd6f568 elementor-widget elementor-widget-heading\" data-id=\"cd6f568\" data-element_type=\"widget\" data-e-type=\"widget\" data-widget_type=\"heading.default\">\n\t\t\t\t<div class=\"elementor-widget-container\">\n\t\t\t\t\t<div class=\"elementor-heading-title elementor-size-default\">Av. Presidente Kennedy 5488<br>\nTorre Sul, Escrit\u00f3rio 303<br>\nVitacura, Santiago \u2022 Chile<\/div>\t\t\t\t<\/div>\n\t\t\t\t<\/div>\n\t\t\t\t<div class=\"elementor-element elementor-element-dac883d elementor-icon-list--layout-traditional elementor-list-item-link-full_width elementor-widget elementor-widget-icon-list\" data-id=\"dac883d\" data-element_type=\"widget\" data-e-type=\"widget\" data-widget_type=\"icon-list.default\">\n\t\t\t\t<div class=\"elementor-widget-container\">\n\t\t\t\t\t\t\t<ul class=\"elementor-icon-list-items\">\n\t\t\t\t\t\t\t<li class=\"elementor-icon-list-item\">\n\t\t\t\t\t\t\t\t\t\t\t<a href=\"tel: 5623251 4970\">\n\n\t\t\t\t\t\t\t\t\t\t\t\t<span class=\"elementor-icon-list-icon\">\n\t\t\t\t\t\t\t<svg aria-hidden=\"true\" class=\"e-font-icon-svg e-fas-phone-alt\" viewbox=\"0 0 512 512\" xmlns=\"http:\/\/www.w3.org\/2000\/svg\"><path d=\"M497.39 361.8l-112-48a24 24 0 0 0-28 6.9l-49.6 60.6A370.66 370.66 0 0 1 130.6 204.11l60.6-49.6a23.94 23.94 0 0 0 6.9-28l-48-112A24.16 24.16 0 0 0 122.6.61l-104 24A24 24 0 0 0 0 48c0 256.5 207.9 464 464 464a24 24 0 0 0 23.4-18.6l24-104a24.29 24.29 0 0 0-14.01-27.6z\"><\/path><\/svg>\t\t\t\t\t\t<\/span>\n\t\t\t\t\t\t\t\t\t\t<span class=\"elementor-icon-list-text\">(56 2) 3251 4970<\/span>\n\t\t\t\t\t\t\t\t\t\t\t<\/a>\n\t\t\t\t\t\t\t\t\t<\/li>\n\t\t\t\t\t\t\t\t<li class=\"elementor-icon-list-item\">\n\t\t\t\t\t\t\t\t\t\t\t<a href=\"mailto:info@alehlatam.org\">\n\n\t\t\t\t\t\t\t\t\t\t\t\t<span class=\"elementor-icon-list-icon\">\n\t\t\t\t\t\t\t<svg aria-hidden=\"true\" class=\"e-font-icon-svg e-fas-at\" viewbox=\"0 0 512 512\" xmlns=\"http:\/\/www.w3.org\/2000\/svg\"><path d=\"M256 8C118.941 8 8 118.919 8 256c0 137.059 110.919 248 248 248 48.154 0 95.342-14.14 135.408-40.223 12.005-7.815 14.625-24.288 5.552-35.372l-10.177-12.433c-7.671-9.371-21.179-11.667-31.373-5.129C325.92 429.757 291.314 440 256 440c-101.458 0-184-82.542-184-184S154.542 72 256 72c100.139 0 184 57.619 184 160 0 38.786-21.093 79.742-58.17 83.693-17.349-.454-16.91-12.857-13.476-30.024l23.433-121.11C394.653 149.75 383.308 136 368.225 136h-44.981a13.518 13.518 0 0 0-13.432 11.993l-.01.092c-14.697-17.901-40.448-21.775-59.971-21.775-74.58 0-137.831 62.234-137.831 151.46 0 65.303 36.785 105.87 96 105.87 26.984 0 57.369-15.637 74.991-38.333 9.522 34.104 40.613 34.103 70.71 34.103C462.609 379.41 504 307.798 504 232 504 95.653 394.023 8 256 8zm-21.68 304.43c-22.249 0-36.07-15.623-36.07-40.771 0-44.993 30.779-72.729 58.63-72.729 22.292 0 35.601 15.241 35.601 40.77 0 45.061-33.875 72.73-58.161 72.73z\"><\/path><\/svg>\t\t\t\t\t\t<\/span>\n\t\t\t\t\t\t\t\t\t\t<span class=\"elementor-icon-list-text\">info@alehlatam.org<\/span>\n\t\t\t\t\t\t\t\t\t\t\t<\/a>\n\t\t\t\t\t\t\t\t\t<\/li>\n\t\t\t\t\t\t<\/ul>\n\t\t\t\t\t\t<\/div>\n\t\t\t\t<\/div>\n\t\t\t\t<div class=\"elementor-element elementor-element-74769a1 elementor-widget elementor-widget-heading\" data-id=\"74769a1\" data-element_type=\"widget\" data-e-type=\"widget\" data-widget_type=\"heading.default\">\n\t\t\t\t<div class=\"elementor-widget-container\">\n\t\t\t\t\t<h2 class=\"elementor-heading-title elementor-size-default\">Patroc\u00ednio ALEH<\/h2>\t\t\t\t<\/div>\n\t\t\t\t<\/div>\n\t\t\t\t<div class=\"elementor-element elementor-element-edfcd48 elementor-widget elementor-widget-heading\" data-id=\"edfcd48\" data-element_type=\"widget\" data-e-type=\"widget\" data-widget_type=\"heading.default\">\n\t\t\t\t<div class=\"elementor-widget-container\">\n\t\t\t\t\t<div class=\"elementor-heading-title elementor-size-default\">Para solicitar patroc\u00ednio ou apoio da ALEH, siga o link.<\/div>\t\t\t\t<\/div>\n\t\t\t\t<\/div>\n\t\t\t\t<div data-dce-background-color=\"#02010100\" class=\"elementor-element elementor-element-1c8456b elementor-widget elementor-widget-button\" data-id=\"1c8456b\" data-element_type=\"widget\" data-e-type=\"widget\" data-widget_type=\"button.default\">\n\t\t\t\t<div class=\"elementor-widget-container\">\n\t\t\t\t\t\t\t\t\t<div class=\"elementor-button-wrapper\">\n\t\t\t\t\t<a class=\"elementor-button elementor-button-link elementor-size-sm\" href=\"https:\/\/alehlatam.org\/pt\/?page_id=13139\">\n\t\t\t\t\t\t<span class=\"elementor-button-content-wrapper\">\n\t\t\t\t\t\t<span class=\"elementor-button-icon\">\n\t\t\t\t<svg aria-hidden=\"true\" class=\"e-font-icon-svg e-fas-chevron-right\" viewbox=\"0 0 320 512\" xmlns=\"http:\/\/www.w3.org\/2000\/svg\"><path d=\"M285.476 272.971L91.132 467.314c-9.373 9.373-24.569 9.373-33.941 0l-22.667-22.667c-9.357-9.357-9.375-24.522-.04-33.901L188.505 256 34.484 101.255c-9.335-9.379-9.317-24.544.04-33.901l22.667-22.667c9.373-9.373 24.569-9.373 33.941 0L285.475 239.03c9.373 9.372 9.373 24.568.001 33.941z\"><\/path><\/svg>\t\t\t<\/span>\n\t\t\t\t\t\t\t\t\t<span class=\"elementor-button-text\">Solicitar patroc\u00ednio<\/span>\n\t\t\t\t\t<\/span>\n\t\t\t\t\t<\/a>\n\t\t\t\t<\/div>\n\t\t\t\t\t\t\t\t<\/div>\n\t\t\t\t<\/div>\n\t\t\t\t<\/div>\n\t\t<div class=\"elementor-element elementor-element-d4e8b6e e-con-full e-flex e-con e-child\" data-id=\"d4e8b6e\" data-element_type=\"container\" data-e-type=\"container\">\n\t\t\t\t<div class=\"elementor-element elementor-element-c3dba18 elementor-widget elementor-widget-heading\" data-id=\"c3dba18\" data-element_type=\"widget\" data-e-type=\"widget\" data-widget_type=\"heading.default\">\n\t\t\t\t<div class=\"elementor-widget-container\">\n\t\t\t\t\t<p class=\"elementor-heading-title elementor-size-default\">Complete el formulario y nos contactaremos con usted a la brevedad. Tambi\u00e9n puede tomar contacto con nosotros v\u00eda telef\u00f3nica, e-mail o por medio de nuestras redes sociales.<\/p>\t\t\t\t<\/div>\n\t\t\t\t<\/div>\n\t\t\t\t<div class=\"elementor-element elementor-element-7a6ee11 elementor-widget elementor-widget-heading\" data-id=\"7a6ee11\" data-element_type=\"widget\" data-e-type=\"widget\" data-widget_type=\"heading.default\">\n\t\t\t\t<div class=\"elementor-widget-container\">\n\t\t\t\t\t<span class=\"elementor-heading-title elementor-size-default\"><i class=\"fas fa-exclamation-circle\"><\/i> Todos los campos son obligatorios.<\/span>\t\t\t\t<\/div>\n\t\t\t\t<\/div>\n\t\t\t\t<div class=\"elementor-element elementor-element-3233803 elementor-button-align-start elementor-widget elementor-widget-form\" data-id=\"3233803\" data-element_type=\"widget\" data-e-type=\"widget\" data-settings=\"{&quot;step_next_label&quot;:&quot;Siguiente&quot;,&quot;step_previous_label&quot;:&quot;Anterior&quot;,&quot;label_icon_size&quot;:{&quot;unit&quot;:&quot;px&quot;,&quot;size&quot;:10,&quot;sizes&quot;:[]},&quot;button_width&quot;:&quot;100&quot;,&quot;dce_confirm_dialog_enabled&quot;:&quot;no&quot;,&quot;step_type&quot;:&quot;number_text&quot;,&quot;step_icon_shape&quot;:&quot;circle&quot;,&quot;field_icon_size&quot;:{&quot;unit&quot;:&quot;px&quot;,&quot;size&quot;:&quot;&quot;,&quot;sizes&quot;:[]}}\" data-widget_type=\"form.default\">\n\t\t\t\t<div class=\"elementor-widget-container\">\n\t\t\t\t\t\t\t<form class=\"elementor-form\" method=\"post\" name=\"Contacto\" aria-label=\"Contato\" action=\"\">\n\t\t\t<input type=\"hidden\" name=\"post_id\" value=\"13120\"\/>\n\t\t\t<input type=\"hidden\" name=\"form_id\" value=\"3233803\"\/>\n\t\t\t<input type=\"hidden\" name=\"referer_title\" value=\"Contacto - ALEH - Asociaci\u00f3n Latinoamericana para el Estudio del H\u00edgado\" \/>\n\n\t\t\t\t\t\t\t<input type=\"hidden\" name=\"queried_id\" value=\"13120\"\/>\n\t\t\t\n\t\t\t<div class=\"elementor-form-fields-wrapper elementor-labels-above\">\n\t\t\t\t\t\t\t\t<div class=\"elementor-field-type-text elementor-field-group elementor-column elementor-field-group-name elementor-col-100\">\n\t\t\t\t\t\t\t\t\t\t\t\t<label for=\"form-field-name\" class=\"elementor-field-label\">\n\t\t\t\t\t\t\t\tNome\t\t\t\t\t\t\t<\/label>\n\t\t\t\t\t\t\t\t\t\t\t\t\t\t<input size=\"1\" type=\"text\" name=\"form_fields[name]\" id=\"form-field-name\" class=\"elementor-field elementor-size-sm  elementor-field-textual\" placeholder=\"Escreva seu nome...\">\n\t\t\t\t\t\t\t\t\t\t\t<\/div>\n\t\t\t\t\t\t\t\t<div class=\"elementor-field-type-email elementor-field-group elementor-column elementor-field-group-email elementor-col-100 elementor-field-required\">\n\t\t\t\t\t\t\t\t\t\t\t\t<label for=\"form-field-email\" class=\"elementor-field-label\">\n\t\t\t\t\t\t\t\tEndere\u00e7o eletr\u00f4nico\t\t\t\t\t\t\t<\/label>\n\t\t\t\t\t\t\t\t\t\t\t\t\t\t<input size=\"1\" type=\"email\" name=\"form_fields[email]\" id=\"form-field-email\" class=\"elementor-field elementor-size-sm  elementor-field-textual\" placeholder=\"correo@email.com\" required=\"required\">\n\t\t\t\t\t\t\t\t\t\t\t<\/div>\n\t\t\t\t\t\t\t\t<div class=\"elementor-field-type-textarea elementor-field-group elementor-column elementor-field-group-message elementor-col-100\">\n\t\t\t\t\t\t\t\t\t\t\t\t<label for=\"form-field-message\" class=\"elementor-field-label\">\n\t\t\t\t\t\t\t\tComo podemos ajud\u00e1-lo?\t\t\t\t\t\t\t<\/label>\n\t\t\t\t\t\t<textarea class=\"elementor-field-textual elementor-field  elementor-size-sm\" name=\"form_fields[message]\" id=\"form-field-message\" rows=\"4\" placeholder=\"Escreva sua mensagem...\"><\/textarea>\t\t\t\t<\/div>\n\t\t\t\t\t\t\t\t<div class=\"elementor-field-type-recaptcha_v3 elementor-field-group elementor-column elementor-field-group-field_8c9805a elementor-col-100 recaptcha_v3-bottomright\">\n\t\t\t\t\t<div class=\"elementor-field\" id=\"form-field-field_8c9805a\"><div class=\"elementor-g-recaptcha\" data-sitekey=\"6LfAeKcqAAAAAJEsOeTQqQh-roHn0uOF73qxjxQn\" data-type=\"v3\" data-action=\"Form\" data-badge=\"bottomright\" data-size=\"invisible\"><\/div><\/div>\t\t\t\t<\/div>\n\t\t\t\t\t\t\t\t<div class=\"elementor-field-group elementor-column elementor-field-type-submit elementor-col-100 e-form__buttons\">\n\t\t\t\t\t<button class=\"elementor-button elementor-size-sm\" type=\"submit\">\n\t\t\t\t\t\t<span class=\"elementor-button-content-wrapper\">\n\t\t\t\t\t\t\t\t\t\t\t\t\t\t\t\t\t\t\t\t\t\t<span class=\"elementor-button-text\">Enviar<\/span>\n\t\t\t\t\t\t\t\t\t\t\t\t\t<\/span>\n\t\t\t\t\t<\/button>\n\t\t\t\t<\/div>\n\t\t\t<\/div>\n\t\t<input type=\"hidden\" name=\"trp-form-language\" value=\"pt\"\/><\/form>\n\t\t\t\t\t\t<\/div>\n\t\t\t\t<\/div>\n\t\t\t\t<\/div>\n\t\t\t\t\t<\/div>\n\t\t\t\t<\/div>\n\t\t\t\t<\/div>","protected":false},"excerpt":{"rendered":"<p>Contacto Oficina Ejecutiva Av. Presidente Kennedy 5488 Torre Sur, Oficina 303 Vitacura, Santiago \u2022 Chile (56 2) 3251 4970 info@alehlatam.org Patrocinio ALEH Para solicitar patrocinio o auspicio de ALEH, siga el enlace. Solicitar patrocinio Complete el formulario y nos contactaremos con usted a la brevedad. Tambi\u00e9n puede tomar contacto con nosotros v\u00eda telef\u00f3nica, e-mail o [&hellip;]<\/p>","protected":false},"author":1,"featured_media":0,"parent":0,"menu_order":0,"comment_status":"closed","ping_status":"closed","template":"","meta":{"footnotes":""},"class_list":["post-13120","page","type-page","status-publish","hentry"],"acf":[],"yoast_head":"<!-- This site is optimized with the Yoast SEO plugin v27.2 - https:\/\/yoast.com\/product\/yoast-seo-wordpress\/ -->\n<title>Contacto - ALEH - Asociaci\u00f3n Latinoamericana para el Estudio del H\u00edgado<\/title>\n<meta name=\"robots\" content=\"index, follow, max-snippet:-1, max-image-preview:large, max-video-preview:-1\" \/>\n<link rel=\"canonical\" href=\"https:\/\/alehlatam.org\/pt\/contacto\/\" \/>\n<meta property=\"og:locale\" content=\"pt_BR\" \/>\n<meta property=\"og:type\" content=\"article\" \/>\n<meta property=\"og:title\" content=\"Contacto - ALEH - Asociaci\u00f3n Latinoamericana para el Estudio del H\u00edgado\" \/>\n<meta property=\"og:description\" content=\"Contacto Oficina Ejecutiva Av. Presidente Kennedy 5488 Torre Sur, Oficina 303 Vitacura, Santiago \u2022 Chile (56 2) 3251 4970 info@alehlatam.org Patrocinio ALEH Para solicitar patrocinio o auspicio de ALEH, siga el enlace. Solicitar patrocinio Complete el formulario y nos contactaremos con usted a la brevedad. Tambi\u00e9n puede tomar contacto con nosotros v\u00eda telef\u00f3nica, e-mail o [&hellip;]\" \/>\n<meta property=\"og:url\" content=\"https:\/\/alehlatam.org\/pt\/contacto\/\" \/>\n<meta property=\"og:site_name\" content=\"ALEH - Asociaci\u00f3n Latinoamericana para el Estudio del H\u00edgado\" \/>\n<meta property=\"article:modified_time\" content=\"2024-12-27T18:14:54+00:00\" \/>\n<meta property=\"og:image\" content=\"https:\/\/alehlatam.org\/wp-content\/uploads\/2026\/01\/Default-banner-para-links-externos.png\" \/>\n\t<meta property=\"og:image:width\" content=\"1200\" \/>\n\t<meta property=\"og:image:height\" content=\"675\" \/>\n\t<meta property=\"og:image:type\" content=\"image\/png\" \/>\n<meta name=\"twitter:card\" content=\"summary_large_image\" \/>\n<script type=\"application\/ld+json\" class=\"yoast-schema-graph\">{\"@context\":\"https:\/\/schema.org\",\"@graph\":[{\"@type\":\"WebPage\",\"@id\":\"https:\/\/alehlatam.org\/contacto\/\",\"url\":\"https:\/\/alehlatam.org\/contacto\/\",\"name\":\"Contacto - ALEH - Asociaci\u00f3n Latinoamericana para el Estudio del H\u00edgado\",\"isPartOf\":{\"@id\":\"https:\/\/alehlatam.org\/#website\"},\"datePublished\":\"2024-03-13T15:11:40+00:00\",\"dateModified\":\"2024-12-27T18:14:54+00:00\",\"breadcrumb\":{\"@id\":\"https:\/\/alehlatam.org\/contacto\/#breadcrumb\"},\"inLanguage\":\"pt-BR\",\"potentialAction\":[{\"@type\":\"ReadAction\",\"target\":[\"https:\/\/alehlatam.org\/contacto\/\"]}]},{\"@type\":\"BreadcrumbList\",\"@id\":\"https:\/\/alehlatam.org\/contacto\/#breadcrumb\",\"itemListElement\":[{\"@type\":\"ListItem\",\"position\":1,\"name\":\"Inicio\",\"item\":\"https:\/\/alehlatam.org\/\"},{\"@type\":\"ListItem\",\"position\":2,\"name\":\"Contacto\"}]},{\"@type\":\"WebSite\",\"@id\":\"https:\/\/alehlatam.org\/#website\",\"url\":\"https:\/\/alehlatam.org\/\",\"name\":\"ALEH - Asociaci\u00f3n Latinoamericana para el Estudio del H\u00edgado\",\"description\":\"Conectamos a la comunidad de hepatolog\u00eda en Latinoam\u00e9rica. ALEH impulsa la investigaci\u00f3n y el intercambio cient\u00edfico para mejorar la salud hep\u00e1tica regional.\",\"publisher\":{\"@id\":\"https:\/\/alehlatam.org\/#organization\"},\"alternateName\":\"ALEH\",\"potentialAction\":[{\"@type\":\"SearchAction\",\"target\":{\"@type\":\"EntryPoint\",\"urlTemplate\":\"https:\/\/alehlatam.org\/?s={search_term_string}\"},\"query-input\":{\"@type\":\"PropertyValueSpecification\",\"valueRequired\":true,\"valueName\":\"search_term_string\"}}],\"inLanguage\":\"pt-BR\"},{\"@type\":\"Organization\",\"@id\":\"https:\/\/alehlatam.org\/#organization\",\"name\":\"Asociaci\u00f3n Latinoamericana para el Estudio del H\u00edgado\",\"alternateName\":\"ALEH\",\"url\":\"https:\/\/alehlatam.org\/\",\"logo\":{\"@type\":\"ImageObject\",\"inLanguage\":\"pt-BR\",\"@id\":\"https:\/\/alehlatam.org\/#\/schema\/logo\/image\/\",\"url\":\"https:\/\/alehlatam.org\/wp-content\/uploads\/2024\/01\/Logo-ALEH-Transparente.png\",\"contentUrl\":\"https:\/\/alehlatam.org\/wp-content\/uploads\/2024\/01\/Logo-ALEH-Transparente.png\",\"width\":2000,\"height\":1493,\"caption\":\"Asociaci\u00f3n Latinoamericana para el Estudio del H\u00edgado\"},\"image\":{\"@id\":\"https:\/\/alehlatam.org\/#\/schema\/logo\/image\/\"}}]}<\/script>\n<!-- \/ Yoast SEO plugin. -->","yoast_head_json":{"title":"Contacto - ALEH - Asociaci\u00f3n Latinoamericana para el Estudio del H\u00edgado","robots":{"index":"index","follow":"follow","max-snippet":"max-snippet:-1","max-image-preview":"max-image-preview:large","max-video-preview":"max-video-preview:-1"},"canonical":"https:\/\/alehlatam.org\/pt\/contacto\/","og_locale":"pt_BR","og_type":"article","og_title":"Contacto - ALEH - Asociaci\u00f3n Latinoamericana para el Estudio del H\u00edgado","og_description":"Contacto Oficina Ejecutiva Av. Presidente Kennedy 5488 Torre Sur, Oficina 303 Vitacura, Santiago \u2022 Chile (56 2) 3251 4970 info@alehlatam.org Patrocinio ALEH Para solicitar patrocinio o auspicio de ALEH, siga el enlace. Solicitar patrocinio Complete el formulario y nos contactaremos con usted a la brevedad. Tambi\u00e9n puede tomar contacto con nosotros v\u00eda telef\u00f3nica, e-mail o [&hellip;]","og_url":"https:\/\/alehlatam.org\/pt\/contacto\/","og_site_name":"ALEH - Asociaci\u00f3n Latinoamericana para el Estudio del H\u00edgado","article_modified_time":"2024-12-27T18:14:54+00:00","og_image":[{"width":1200,"height":675,"url":"https:\/\/alehlatam.org\/wp-content\/uploads\/2026\/01\/Default-banner-para-links-externos.png","type":"image\/png"}],"twitter_card":"summary_large_image","schema":{"@context":"https:\/\/schema.org","@graph":[{"@type":"WebPage","@id":"https:\/\/alehlatam.org\/contacto\/","url":"https:\/\/alehlatam.org\/contacto\/","name":"Contacto - ALEH - Asociaci\u00f3n Latinoamericana para el Estudio del H\u00edgado","isPartOf":{"@id":"https:\/\/alehlatam.org\/#website"},"datePublished":"2024-03-13T15:11:40+00:00","dateModified":"2024-12-27T18:14:54+00:00","breadcrumb":{"@id":"https:\/\/alehlatam.org\/contacto\/#breadcrumb"},"inLanguage":"pt-BR","potentialAction":[{"@type":"ReadAction","target":["https:\/\/alehlatam.org\/contacto\/"]}]},{"@type":"BreadcrumbList","@id":"https:\/\/alehlatam.org\/contacto\/#breadcrumb","itemListElement":[{"@type":"ListItem","position":1,"name":"Inicio","item":"https:\/\/alehlatam.org\/"},{"@type":"ListItem","position":2,"name":"Contacto"}]},{"@type":"WebSite","@id":"https:\/\/alehlatam.org\/#website","url":"https:\/\/alehlatam.org\/","name":"ALEH - Asociaci\u00f3n Latinoamericana para el Estudio del H\u00edgado","description":"Conectamos a la comunidad de hepatolog\u00eda en Latinoam\u00e9rica. ALEH impulsa la investigaci\u00f3n y el intercambio cient\u00edfico para mejorar la salud hep\u00e1tica regional.","publisher":{"@id":"https:\/\/alehlatam.org\/#organization"},"alternateName":"ALEH","potentialAction":[{"@type":"SearchAction","target":{"@type":"EntryPoint","urlTemplate":"https:\/\/alehlatam.org\/?s={search_term_string}"},"query-input":{"@type":"PropertyValueSpecification","valueRequired":true,"valueName":"search_term_string"}}],"inLanguage":"pt-BR"},{"@type":"Organization","@id":"https:\/\/alehlatam.org\/#organization","name":"Asociaci\u00f3n Latinoamericana para el Estudio del H\u00edgado","alternateName":"ALEH","url":"https:\/\/alehlatam.org\/","logo":{"@type":"ImageObject","inLanguage":"pt-BR","@id":"https:\/\/alehlatam.org\/#\/schema\/logo\/image\/","url":"https:\/\/alehlatam.org\/wp-content\/uploads\/2024\/01\/Logo-ALEH-Transparente.png","contentUrl":"https:\/\/alehlatam.org\/wp-content\/uploads\/2024\/01\/Logo-ALEH-Transparente.png","width":2000,"height":1493,"caption":"Asociaci\u00f3n Latinoamericana para el Estudio del H\u00edgado"},"image":{"@id":"https:\/\/alehlatam.org\/#\/schema\/logo\/image\/"}}]}},"_links":{"self":[{"href":"https:\/\/alehlatam.org\/pt\/wp-json\/wp\/v2\/pages\/13120","targetHints":{"allow":["GET"]}}],"collection":[{"href":"https:\/\/alehlatam.org\/pt\/wp-json\/wp\/v2\/pages"}],"about":[{"href":"https:\/\/alehlatam.org\/pt\/wp-json\/wp\/v2\/types\/page"}],"author":[{"embeddable":true,"href":"https:\/\/alehlatam.org\/pt\/wp-json\/wp\/v2\/users\/1"}],"replies":[{"embeddable":true,"href":"https:\/\/alehlatam.org\/pt\/wp-json\/wp\/v2\/comments?post=13120"}],"version-history":[{"count":0,"href":"https:\/\/alehlatam.org\/pt\/wp-json\/wp\/v2\/pages\/13120\/revisions"}],"wp:attachment":[{"href":"https:\/\/alehlatam.org\/pt\/wp-json\/wp\/v2\/media?parent=13120"}],"curies":[{"name":"wp","href":"https:\/\/api.w.org\/{rel}","templated":true}]}}