{"id":16337,"date":"2024-12-19T10:03:39","date_gmt":"2024-12-19T13:03:39","guid":{"rendered":"https:\/\/alehlatam.org\/?page_id=16337"},"modified":"2024-12-19T10:15:34","modified_gmt":"2024-12-19T13:15:34","slug":"enfermedades-vasculares-hepaticas","status":"publish","type":"page","link":"https:\/\/alehlatam.org\/pt\/investigacion-educacion\/grupos-de-interes\/enfermedades-vasculares-hepaticas\/","title":{"rendered":"Enfermedades Vasculares Hep\u00e1ticas"},"content":{"rendered":"<div data-elementor-type=\"wp-page\" data-elementor-id=\"16337\" class=\"elementor elementor-16337\" data-elementor-post-type=\"page\">\n\t\t\t\t<div class=\"elementor-element elementor-element-1d27c80 e-flex e-con-boxed e-con e-parent\" data-id=\"1d27c80\" data-element_type=\"container\" data-e-type=\"container\">\n\t\t\t\t\t<div class=\"e-con-inner\">\n\t\t<div class=\"elementor-element elementor-element-8852894 e-con-full e-flex e-con e-child\" data-id=\"8852894\" data-element_type=\"container\" data-e-type=\"container\">\n\t\t\t\t<div class=\"elementor-element elementor-element-ce01056 elementor-widget elementor-widget-text-editor\" data-id=\"ce01056\" data-element_type=\"widget\" data-e-type=\"widget\" data-widget_type=\"text-editor.default\">\n\t\t\t\t<div class=\"elementor-widget-container\">\n\t\t\t\t\t\t\t\t\t<p>El Grupo de Inter\u00e9s en Enfermedades Vasculares Hep\u00e1ticas surge como una iniciativa dentro de <span class=\"outlook-search-highlight\" data-markjs=\"true\">ALEH<\/span> para fomentar el conocimiento, la investigaci\u00f3n y la colaboraci\u00f3n en torno a estas patolog\u00edas poco frecuentes pero cl\u00ednicamente relevantes. Las enfermedades vasculares del h\u00edgado representan un desaf\u00edo tanto en su diagn\u00f3stico como en su manejo. Este grupo busca reunir a nuestros miembros, para intercambiar experiencias, generar evidencia <span class=\"outlook-search-highlight\" data-markjs=\"true\">cient\u00edfica<\/span> y desarrollar estrategias que contribuyan a mejorar el cuidado de los pacientes y la comprensi\u00f3n de estas complejas afecciones.<\/p>\t\t\t\t\t\t\t\t<\/div>\n\t\t\t\t<\/div>\n\t\t\t\t<div class=\"elementor-element elementor-element-7c83902 elementor-widget elementor-widget-heading\" data-id=\"7c83902\" data-element_type=\"widget\" data-e-type=\"widget\" data-widget_type=\"heading.default\">\n\t\t\t\t<div class=\"elementor-widget-container\">\n\t\t\t\t\t<h2 class=\"elementor-heading-title elementor-size-default\">Coordinadoras<\/h2>\t\t\t\t<\/div>\n\t\t\t\t<\/div>\n\t\t<div class=\"elementor-element elementor-element-028e9b8 e-con-full e-flex e-con e-child\" data-id=\"028e9b8\" data-element_type=\"container\" data-e-type=\"container\">\n\t\t<article class=\"elementor-element elementor-element-7e36f60 e-con-full e-flex e-con e-child\" data-id=\"7e36f60\" data-element_type=\"container\" data-e-type=\"container\">\n\t\t\t\t<div class=\"elementor-element elementor-element-f5343b1 elementor-widget__width-initial dce_masking-none elementor-widget elementor-widget-image\" data-id=\"f5343b1\" data-element_type=\"widget\" data-e-type=\"widget\" data-widget_type=\"image.default\">\n\t\t\t\t<div class=\"elementor-widget-container\">\n\t\t\t\t\t\t\t\t\t\t\t\t\t\t\t<img fetchpriority=\"high\" decoding=\"async\" width=\"768\" height=\"827\" src=\"https:\/\/alehlatam.org\/wp-content\/uploads\/2024\/01\/DRA.-NELIA-HERNANDEZ-EDIT-768x827.jpg\" class=\"attachment-medium_large size-medium_large wp-image-11504\" alt=\"Dra. Nelia Hern\u00e1ndez\" srcset=\"https:\/\/alehlatam.org\/wp-content\/uploads\/2024\/01\/DRA.-NELIA-HERNANDEZ-EDIT-768x827.jpg 768w, https:\/\/alehlatam.org\/wp-content\/uploads\/2024\/01\/DRA.-NELIA-HERNANDEZ-EDIT-278x300.jpg 278w, https:\/\/alehlatam.org\/wp-content\/uploads\/2024\/01\/DRA.-NELIA-HERNANDEZ-EDIT-950x1024.jpg 950w, https:\/\/alehlatam.org\/wp-content\/uploads\/2024\/01\/DRA.-NELIA-HERNANDEZ-EDIT.jpg 1008w\" sizes=\"(max-width: 768px) 100vw, 768px\" \/>\t\t\t\t\t\t\t\t\t\t\t\t\t\t\t<\/div>\n\t\t\t\t<\/div>\n\t\t\t\t<div class=\"elementor-element elementor-element-be998e6 elementor-widget elementor-widget-heading\" data-id=\"be998e6\" data-element_type=\"widget\" data-e-type=\"widget\" data-widget_type=\"heading.default\">\n\t\t\t\t<div class=\"elementor-widget-container\">\n\t\t\t\t\t<h3 class=\"elementor-heading-title elementor-size-default\">Dra. Nelia Hern\u00e1ndez<\/h3>\t\t\t\t<\/div>\n\t\t\t\t<\/div>\n\t\t<div class=\"elementor-element elementor-element-534d4e4 e-con-full e-flex e-con e-child\" data-id=\"534d4e4\" data-element_type=\"container\" data-e-type=\"container\">\n\t\t\t\t<div class=\"elementor-element elementor-element-21edcd7 elementor-view-default elementor-widget elementor-widget-icon\" data-id=\"21edcd7\" data-element_type=\"widget\" data-e-type=\"widget\" data-widget_type=\"icon.default\">\n\t\t\t\t<div class=\"elementor-widget-container\">\n\t\t\t\t\t\t\t<div class=\"elementor-icon-wrapper\">\n\t\t\t<div class=\"elementor-icon\">\n\t\t\t<svg xmlns=\"http:\/\/www.w3.org\/2000\/svg\" width=\"512\" height=\"512\" viewbox=\"0 0 512 512\"><mask id=\"a\"><circle cx=\"256\" cy=\"256\" r=\"256\" fill=\"#fff\"><\/circle><\/mask><g mask=\"url(#a)\"><path fill=\"#338af3\" d=\"M0 256 256 0h256v55.7l-20.7 34.5 20.7 32.2v66.8l-21.2 32.7L512 256v66.8l-24 31.7 24 35.1v66.7l-259.1 28.3L0 456.3v-66.7l27.1-33.3L0 322.8z\"><\/path><path fill=\"#eee\" d=\"M256 256h256v-66.8H236.9zm-19.1-133.6H512V55.7H236.9zM512 512v-55.7H0V512zM0 389.6h512v-66.8H0z\"><\/path><path fill=\"#eee\" d=\"M0 0h256v256H0z\"><\/path><path fill=\"#ffda44\" d=\"m222.6 149.8-31.3 14.7 16.7 30.3-34-6.5-4.3 34.3-23.6-25.2-23.7 25.2-4.3-34.3-33.9 6.5 16.6-30.3-31.2-14.7 31.2-14.7-16.6-30.3 34 6.5 4.2-34.3 23.7 25.3L169.7 77l4.3 34.3 34-6.5-16.7 30.3z\"><\/path><\/g><\/svg>\t\t\t<\/div>\n\t\t<\/div>\n\t\t\t\t\t\t<\/div>\n\t\t\t\t<\/div>\n\t\t\t\t<div class=\"elementor-element elementor-element-a0c8afa elementor-widget elementor-widget-heading\" data-id=\"a0c8afa\" data-element_type=\"widget\" data-e-type=\"widget\" data-widget_type=\"heading.default\">\n\t\t\t\t<div class=\"elementor-widget-container\">\n\t\t\t\t\t<div class=\"elementor-heading-title elementor-size-default\">Uruguai<\/div>\t\t\t\t<\/div>\n\t\t\t\t<\/div>\n\t\t\t\t<\/div>\n\t\t\t\t<\/article>\n\t\t<article class=\"elementor-element elementor-element-0c5b591 e-con-full e-flex e-con e-child\" data-id=\"0c5b591\" data-element_type=\"container\" data-e-type=\"container\">\n\t\t\t\t<div class=\"elementor-element elementor-element-850ed85 elementor-widget__width-initial dce_masking-none elementor-widget elementor-widget-image\" data-id=\"850ed85\" data-element_type=\"widget\" data-e-type=\"widget\" data-widget_type=\"image.default\">\n\t\t\t\t<div class=\"elementor-widget-container\">\n\t\t\t\t\t\t\t\t\t\t\t\t\t\t\t<img decoding=\"async\" width=\"400\" height=\"400\" src=\"https:\/\/alehlatam.org\/wp-content\/uploads\/2024\/12\/eira-cerda.jpg\" class=\"attachment-medium_large size-medium_large wp-image-16343\" alt=\"Dra. Eira Cerda\" srcset=\"https:\/\/alehlatam.org\/wp-content\/uploads\/2024\/12\/eira-cerda.jpg 400w, https:\/\/alehlatam.org\/wp-content\/uploads\/2024\/12\/eira-cerda-300x300.jpg 300w, https:\/\/alehlatam.org\/wp-content\/uploads\/2024\/12\/eira-cerda-150x150.jpg 150w, https:\/\/alehlatam.org\/wp-content\/uploads\/2024\/12\/eira-cerda-12x12.jpg 12w\" sizes=\"(max-width: 400px) 100vw, 400px\" \/>\t\t\t\t\t\t\t\t\t\t\t\t\t\t\t<\/div>\n\t\t\t\t<\/div>\n\t\t\t\t<div class=\"elementor-element elementor-element-4c512d8 elementor-widget elementor-widget-heading\" data-id=\"4c512d8\" data-element_type=\"widget\" data-e-type=\"widget\" data-widget_type=\"heading.default\">\n\t\t\t\t<div class=\"elementor-widget-container\">\n\t\t\t\t\t<h3 class=\"elementor-heading-title elementor-size-default\">Dra. Eira Cerda<\/h3>\t\t\t\t<\/div>\n\t\t\t\t<\/div>\n\t\t<div class=\"elementor-element elementor-element-3842c23 e-con-full e-flex e-con e-child\" data-id=\"3842c23\" data-element_type=\"container\" data-e-type=\"container\">\n\t\t\t\t<div class=\"elementor-element elementor-element-dbe0131 elementor-view-default elementor-widget elementor-widget-icon\" data-id=\"dbe0131\" data-element_type=\"widget\" data-e-type=\"widget\" data-widget_type=\"icon.default\">\n\t\t\t\t<div class=\"elementor-widget-container\">\n\t\t\t\t\t\t\t<div class=\"elementor-icon-wrapper\">\n\t\t\t<div class=\"elementor-icon\">\n\t\t\t<svg xmlns=\"http:\/\/www.w3.org\/2000\/svg\" width=\"512\" height=\"512\" viewbox=\"0 0 512 512\"><mask id=\"a\"><circle cx=\"256\" cy=\"256\" r=\"256\" fill=\"#fff\"><\/circle><\/mask><g mask=\"url(#a)\"><path fill=\"#eee\" d=\"M144 0h223l33 256-33 256H144l-32-256z\"><\/path><path fill=\"#496e2d\" d=\"M0 0h144v512H0z\"><\/path><path fill=\"#d80027\" d=\"M368 0h144v512H368z\"><\/path><path fill=\"#ffda44\" d=\"M256 277v10h12l10-22z\"><\/path><path fill=\"#496e2d\" d=\"M160 242a96 96 0 0 0 192 0h-11a85 85 0 0 1-170 0zm39 17-4 2c-2 2-2 6 1 8 15 14 34 22 54 24v17h12v-17c20-2 39-10 54-24 3-2 3-6 1-8s-6-2-8 0a78 78 0 0 1-53 21c-19 0-38-8-53-21z\"><\/path><path fill=\"#338af3\" d=\"M256 316c-14 0-28-5-40-13l6-9c20 13 48 13 68 0l7 9c-12 8-26 13-41 13z\"><\/path><path fill=\"#751a46\" d=\"M256 174c22 11 12 33 11 34l-2-4c-5-11-18-18-31-18v11c6 0 11 5 11 11-7 7-9 17-4 26l4 8-13 23 29-7 18 18v-11l11 11 23-11-35-21-5-21 28 16c4 11 12 21 23 26 9-83-42-91-61-91z\"><\/path><path fill=\"#6da544\" d=\"M222 271c-15 0-33-12-38-40l11-2c4 23 18 31 27 31 3 0 5-1 6-3 0-2 0-3-6-5-3-1-7-2-10-5-10-12 4-24 11-30 1-1 2-2 1-3 0 0-2-2-5-2-7 0-12-4-14-11-2-6 2-13 8-17l5 11c-2 0-2 2-2 4 0 0 1 2 3 2 7 0 14 4 16 9 1 3 2 9-5 15-7 7-11 12-9 15l5 1c5 2 14 5 13 17-1 8-8 13-17 13h-1z\"><\/path><path fill=\"#ffda44\" d=\"m234 186-12 11v11l18-9c3-1 3-5 1-7z\"><\/path><circle cx=\"172\" cy=\"275\" r=\"8\" fill=\"#ffda44\"><\/circle><circle cx=\"189\" cy=\"302\" r=\"8\" fill=\"#ffda44\"><\/circle><circle cx=\"216\" cy=\"323\" r=\"8\" fill=\"#ffda44\"><\/circle><circle cx=\"297\" cy=\"323\" r=\"8\" fill=\"#ffda44\"><\/circle><circle cx=\"324\" cy=\"302\" r=\"8\" fill=\"#ffda44\"><\/circle><circle cx=\"341\" cy=\"275\" r=\"8\" fill=\"#ffda44\"><\/circle><rect width=\"34\" height=\"22\" x=\"239\" y=\"299\" fill=\"#ff9811\" rx=\"11\" ry=\"11\"><\/rect><\/g><\/svg>\t\t\t<\/div>\n\t\t<\/div>\n\t\t\t\t\t\t<\/div>\n\t\t\t\t<\/div>\n\t\t\t\t<div class=\"elementor-element elementor-element-ee89141 elementor-widget elementor-widget-heading\" data-id=\"ee89141\" data-element_type=\"widget\" data-e-type=\"widget\" data-widget_type=\"heading.default\">\n\t\t\t\t<div class=\"elementor-widget-container\">\n\t\t\t\t\t<div class=\"elementor-heading-title elementor-size-default\">M\u00e9xico<\/div>\t\t\t\t<\/div>\n\t\t\t\t<\/div>\n\t\t\t\t<\/div>\n\t\t\t\t<\/article>\n\t\t\t\t<\/div>\n\t\t\t\t<div class=\"elementor-element elementor-element-f5333a9 elementor-widget elementor-widget-heading\" data-id=\"f5333a9\" data-element_type=\"widget\" data-e-type=\"widget\" data-widget_type=\"heading.default\">\n\t\t\t\t<div class=\"elementor-widget-container\">\n\t\t\t\t\t<p class=\"elementor-heading-title elementor-size-default\">\u00bfC\u00f3mo contactarse?<\/p>\t\t\t\t<\/div>\n\t\t\t\t<\/div>\n\t\t\t\t<div class=\"elementor-element elementor-element-6bff085 elementor-widget elementor-widget-text-editor\" data-id=\"6bff085\" data-element_type=\"widget\" data-e-type=\"widget\" data-widget_type=\"text-editor.default\">\n\t\t\t\t<div class=\"elementor-widget-container\">\n\t\t\t\t\t\t\t\t\t<p>Si deseas ser parte de este grupo de inter\u00e9s o recibir m\u00e1s informaci\u00f3n, cont\u00e1ctanos al correo <a href=\"mailto:coordinacion.cientifica@alehlatam.org\">coordinacion.cientifica@alehlatam.org<\/a>.<\/p>\t\t\t\t\t\t\t\t<\/div>\n\t\t\t\t<\/div>\n\t\t\t\t<div class=\"elementor-element elementor-element-dbfc44e elementor-widget elementor-widget-button\" data-id=\"dbfc44e\" data-element_type=\"widget\" data-e-type=\"widget\" data-widget_type=\"button.default\">\n\t\t\t\t<div class=\"elementor-widget-container\">\n\t\t\t\t\t\t\t\t\t<div class=\"elementor-button-wrapper\">\n\t\t\t\t\t<a class=\"elementor-button elementor-button-link elementor-size-sm\" href=\"mailto:coordinacion.cientifica@alehlatam.org\">\n\t\t\t\t\t\t<span class=\"elementor-button-content-wrapper\">\n\t\t\t\t\t\t\t\t\t<span class=\"elementor-button-text\">Contato<\/span>\n\t\t\t\t\t<\/span>\n\t\t\t\t\t<\/a>\n\t\t\t\t<\/div>\n\t\t\t\t\t\t\t\t<\/div>\n\t\t\t\t<\/div>\n\t\t\t\t<\/div>\n\t\t\t\t\t<\/div>\n\t\t\t\t<\/div>\n\t\t\t\t<\/div>","protected":false},"excerpt":{"rendered":"<p>El Grupo de Inter\u00e9s en Enfermedades Vasculares Hep\u00e1ticas surge como una iniciativa dentro de ALEH para fomentar el conocimiento, la investigaci\u00f3n y la colaboraci\u00f3n en torno a estas patolog\u00edas poco frecuentes pero cl\u00ednicamente relevantes. Las enfermedades vasculares del h\u00edgado representan un desaf\u00edo tanto en su diagn\u00f3stico como en su manejo. Este grupo busca reunir a [&hellip;]<\/p>","protected":false},"author":1,"featured_media":0,"parent":12035,"menu_order":0,"comment_status":"closed","ping_status":"closed","template":"","meta":{"footnotes":""},"class_list":["post-16337","page","type-page","status-publish","hentry"],"acf":[],"yoast_head":"<!-- This site is optimized with the Yoast SEO plugin v27.2 - https:\/\/yoast.com\/product\/yoast-seo-wordpress\/ -->\n<title>Enfermedades Vasculares Hep\u00e1ticas - ALEH - Asociaci\u00f3n Latinoamericana para el Estudio del H\u00edgado<\/title>\n<meta name=\"robots\" content=\"index, follow, max-snippet:-1, max-image-preview:large, max-video-preview:-1\" \/>\n<link rel=\"canonical\" href=\"https:\/\/alehlatam.org\/pt\/investigacion-educacion\/grupos-de-interes\/enfermedades-vasculares-hepaticas\/\" \/>\n<meta property=\"og:locale\" content=\"pt_BR\" \/>\n<meta property=\"og:type\" content=\"article\" \/>\n<meta property=\"og:title\" content=\"Enfermedades Vasculares Hep\u00e1ticas - ALEH - Asociaci\u00f3n Latinoamericana para el Estudio del H\u00edgado\" \/>\n<meta property=\"og:description\" content=\"El Grupo de Inter\u00e9s en Enfermedades Vasculares Hep\u00e1ticas surge como una iniciativa dentro de ALEH para fomentar el conocimiento, la investigaci\u00f3n y la colaboraci\u00f3n en torno a estas patolog\u00edas poco frecuentes pero cl\u00ednicamente relevantes. Las enfermedades vasculares del h\u00edgado representan un desaf\u00edo tanto en su diagn\u00f3stico como en su manejo. Este grupo busca reunir a [&hellip;]\" \/>\n<meta property=\"og:url\" content=\"https:\/\/alehlatam.org\/pt\/investigacion-educacion\/grupos-de-interes\/enfermedades-vasculares-hepaticas\/\" \/>\n<meta property=\"og:site_name\" content=\"ALEH - Asociaci\u00f3n Latinoamericana para el Estudio del H\u00edgado\" \/>\n<meta property=\"article:modified_time\" content=\"2024-12-19T13:15:34+00:00\" \/>\n<meta property=\"og:image\" content=\"https:\/\/alehlatam.org\/wp-content\/uploads\/2024\/01\/DRA.-NELIA-HERNANDEZ-EDIT.jpg\" \/>\n\t<meta property=\"og:image:width\" content=\"1008\" \/>\n\t<meta property=\"og:image:height\" content=\"1086\" \/>\n\t<meta property=\"og:image:type\" content=\"image\/jpeg\" \/>\n<meta name=\"twitter:card\" content=\"summary_large_image\" \/>\n<script type=\"application\/ld+json\" class=\"yoast-schema-graph\">{\"@context\":\"https:\/\/schema.org\",\"@graph\":[{\"@type\":\"WebPage\",\"@id\":\"https:\/\/alehlatam.org\/investigacion-educacion\/grupos-de-interes\/enfermedades-vasculares-hepaticas\/\",\"url\":\"https:\/\/alehlatam.org\/investigacion-educacion\/grupos-de-interes\/enfermedades-vasculares-hepaticas\/\",\"name\":\"Enfermedades Vasculares Hep\u00e1ticas - ALEH - Asociaci\u00f3n Latinoamericana para el Estudio del H\u00edgado\",\"isPartOf\":{\"@id\":\"https:\/\/alehlatam.org\/#website\"},\"primaryImageOfPage\":{\"@id\":\"https:\/\/alehlatam.org\/investigacion-educacion\/grupos-de-interes\/enfermedades-vasculares-hepaticas\/#primaryimage\"},\"image\":{\"@id\":\"https:\/\/alehlatam.org\/investigacion-educacion\/grupos-de-interes\/enfermedades-vasculares-hepaticas\/#primaryimage\"},\"thumbnailUrl\":\"https:\/\/alehlatam.org\/wp-content\/uploads\/2024\/01\/DRA.-NELIA-HERNANDEZ-EDIT-768x827.jpg\",\"datePublished\":\"2024-12-19T13:03:39+00:00\",\"dateModified\":\"2024-12-19T13:15:34+00:00\",\"breadcrumb\":{\"@id\":\"https:\/\/alehlatam.org\/investigacion-educacion\/grupos-de-interes\/enfermedades-vasculares-hepaticas\/#breadcrumb\"},\"inLanguage\":\"pt-BR\",\"potentialAction\":[{\"@type\":\"ReadAction\",\"target\":[\"https:\/\/alehlatam.org\/investigacion-educacion\/grupos-de-interes\/enfermedades-vasculares-hepaticas\/\"]}]},{\"@type\":\"ImageObject\",\"inLanguage\":\"pt-BR\",\"@id\":\"https:\/\/alehlatam.org\/investigacion-educacion\/grupos-de-interes\/enfermedades-vasculares-hepaticas\/#primaryimage\",\"url\":\"https:\/\/alehlatam.org\/wp-content\/uploads\/2024\/01\/DRA.-NELIA-HERNANDEZ-EDIT-768x827.jpg\",\"contentUrl\":\"https:\/\/alehlatam.org\/wp-content\/uploads\/2024\/01\/DRA.-NELIA-HERNANDEZ-EDIT-768x827.jpg\"},{\"@type\":\"BreadcrumbList\",\"@id\":\"https:\/\/alehlatam.org\/investigacion-educacion\/grupos-de-interes\/enfermedades-vasculares-hepaticas\/#breadcrumb\",\"itemListElement\":[{\"@type\":\"ListItem\",\"position\":1,\"name\":\"Inicio\",\"item\":\"https:\/\/alehlatam.org\/\"},{\"@type\":\"ListItem\",\"position\":2,\"name\":\"Investigaci\u00f3n y Educaci\u00f3n\",\"item\":\"https:\/\/alehlatam.org\/investigacion-educacion\/\"},{\"@type\":\"ListItem\",\"position\":3,\"name\":\"Grupos de Inter\u00e9s\",\"item\":\"https:\/\/alehlatam.org\/investigacion-educacion\/grupos-de-interes\/\"},{\"@type\":\"ListItem\",\"position\":4,\"name\":\"Enfermedades Vasculares Hep\u00e1ticas\"}]},{\"@type\":\"WebSite\",\"@id\":\"https:\/\/alehlatam.org\/#website\",\"url\":\"https:\/\/alehlatam.org\/\",\"name\":\"ALEH - Asociaci\u00f3n Latinoamericana para el Estudio del H\u00edgado\",\"description\":\"Conectamos a la comunidad de hepatolog\u00eda en Latinoam\u00e9rica. ALEH impulsa la investigaci\u00f3n y el intercambio cient\u00edfico para mejorar la salud hep\u00e1tica regional.\",\"publisher\":{\"@id\":\"https:\/\/alehlatam.org\/#organization\"},\"alternateName\":\"ALEH\",\"potentialAction\":[{\"@type\":\"SearchAction\",\"target\":{\"@type\":\"EntryPoint\",\"urlTemplate\":\"https:\/\/alehlatam.org\/?s={search_term_string}\"},\"query-input\":{\"@type\":\"PropertyValueSpecification\",\"valueRequired\":true,\"valueName\":\"search_term_string\"}}],\"inLanguage\":\"pt-BR\"},{\"@type\":\"Organization\",\"@id\":\"https:\/\/alehlatam.org\/#organization\",\"name\":\"Asociaci\u00f3n Latinoamericana para el Estudio del H\u00edgado\",\"alternateName\":\"ALEH\",\"url\":\"https:\/\/alehlatam.org\/\",\"logo\":{\"@type\":\"ImageObject\",\"inLanguage\":\"pt-BR\",\"@id\":\"https:\/\/alehlatam.org\/#\/schema\/logo\/image\/\",\"url\":\"https:\/\/alehlatam.org\/wp-content\/uploads\/2024\/01\/Logo-ALEH-Transparente.png\",\"contentUrl\":\"https:\/\/alehlatam.org\/wp-content\/uploads\/2024\/01\/Logo-ALEH-Transparente.png\",\"width\":2000,\"height\":1493,\"caption\":\"Asociaci\u00f3n Latinoamericana para el Estudio del H\u00edgado\"},\"image\":{\"@id\":\"https:\/\/alehlatam.org\/#\/schema\/logo\/image\/\"}}]}<\/script>\n<!-- \/ Yoast SEO plugin. -->","yoast_head_json":{"title":"Enfermedades Vasculares Hep\u00e1ticas - ALEH - Asociaci\u00f3n Latinoamericana para el Estudio del H\u00edgado","robots":{"index":"index","follow":"follow","max-snippet":"max-snippet:-1","max-image-preview":"max-image-preview:large","max-video-preview":"max-video-preview:-1"},"canonical":"https:\/\/alehlatam.org\/pt\/investigacion-educacion\/grupos-de-interes\/enfermedades-vasculares-hepaticas\/","og_locale":"pt_BR","og_type":"article","og_title":"Enfermedades Vasculares Hep\u00e1ticas - ALEH - Asociaci\u00f3n Latinoamericana para el Estudio del H\u00edgado","og_description":"El Grupo de Inter\u00e9s en Enfermedades Vasculares Hep\u00e1ticas surge como una iniciativa dentro de ALEH para fomentar el conocimiento, la investigaci\u00f3n y la colaboraci\u00f3n en torno a estas patolog\u00edas poco frecuentes pero cl\u00ednicamente relevantes. Las enfermedades vasculares del h\u00edgado representan un desaf\u00edo tanto en su diagn\u00f3stico como en su manejo. Este grupo busca reunir a [&hellip;]","og_url":"https:\/\/alehlatam.org\/pt\/investigacion-educacion\/grupos-de-interes\/enfermedades-vasculares-hepaticas\/","og_site_name":"ALEH - Asociaci\u00f3n Latinoamericana para el Estudio del H\u00edgado","article_modified_time":"2024-12-19T13:15:34+00:00","og_image":[{"width":1008,"height":1086,"url":"https:\/\/alehlatam.org\/wp-content\/uploads\/2024\/01\/DRA.-NELIA-HERNANDEZ-EDIT.jpg","type":"image\/jpeg"}],"twitter_card":"summary_large_image","schema":{"@context":"https:\/\/schema.org","@graph":[{"@type":"WebPage","@id":"https:\/\/alehlatam.org\/investigacion-educacion\/grupos-de-interes\/enfermedades-vasculares-hepaticas\/","url":"https:\/\/alehlatam.org\/investigacion-educacion\/grupos-de-interes\/enfermedades-vasculares-hepaticas\/","name":"Enfermedades Vasculares Hep\u00e1ticas - ALEH - Asociaci\u00f3n Latinoamericana para el Estudio del H\u00edgado","isPartOf":{"@id":"https:\/\/alehlatam.org\/#website"},"primaryImageOfPage":{"@id":"https:\/\/alehlatam.org\/investigacion-educacion\/grupos-de-interes\/enfermedades-vasculares-hepaticas\/#primaryimage"},"image":{"@id":"https:\/\/alehlatam.org\/investigacion-educacion\/grupos-de-interes\/enfermedades-vasculares-hepaticas\/#primaryimage"},"thumbnailUrl":"https:\/\/alehlatam.org\/wp-content\/uploads\/2024\/01\/DRA.-NELIA-HERNANDEZ-EDIT-768x827.jpg","datePublished":"2024-12-19T13:03:39+00:00","dateModified":"2024-12-19T13:15:34+00:00","breadcrumb":{"@id":"https:\/\/alehlatam.org\/investigacion-educacion\/grupos-de-interes\/enfermedades-vasculares-hepaticas\/#breadcrumb"},"inLanguage":"pt-BR","potentialAction":[{"@type":"ReadAction","target":["https:\/\/alehlatam.org\/investigacion-educacion\/grupos-de-interes\/enfermedades-vasculares-hepaticas\/"]}]},{"@type":"ImageObject","inLanguage":"pt-BR","@id":"https:\/\/alehlatam.org\/investigacion-educacion\/grupos-de-interes\/enfermedades-vasculares-hepaticas\/#primaryimage","url":"https:\/\/alehlatam.org\/wp-content\/uploads\/2024\/01\/DRA.-NELIA-HERNANDEZ-EDIT-768x827.jpg","contentUrl":"https:\/\/alehlatam.org\/wp-content\/uploads\/2024\/01\/DRA.-NELIA-HERNANDEZ-EDIT-768x827.jpg"},{"@type":"BreadcrumbList","@id":"https:\/\/alehlatam.org\/investigacion-educacion\/grupos-de-interes\/enfermedades-vasculares-hepaticas\/#breadcrumb","itemListElement":[{"@type":"ListItem","position":1,"name":"Inicio","item":"https:\/\/alehlatam.org\/"},{"@type":"ListItem","position":2,"name":"Investigaci\u00f3n y Educaci\u00f3n","item":"https:\/\/alehlatam.org\/investigacion-educacion\/"},{"@type":"ListItem","position":3,"name":"Grupos de Inter\u00e9s","item":"https:\/\/alehlatam.org\/investigacion-educacion\/grupos-de-interes\/"},{"@type":"ListItem","position":4,"name":"Enfermedades Vasculares Hep\u00e1ticas"}]},{"@type":"WebSite","@id":"https:\/\/alehlatam.org\/#website","url":"https:\/\/alehlatam.org\/","name":"ALEH - Asociaci\u00f3n Latinoamericana para el Estudio del H\u00edgado","description":"Conectamos a la comunidad de hepatolog\u00eda en Latinoam\u00e9rica. ALEH impulsa la investigaci\u00f3n y el intercambio cient\u00edfico para mejorar la salud hep\u00e1tica regional.","publisher":{"@id":"https:\/\/alehlatam.org\/#organization"},"alternateName":"ALEH","potentialAction":[{"@type":"SearchAction","target":{"@type":"EntryPoint","urlTemplate":"https:\/\/alehlatam.org\/?s={search_term_string}"},"query-input":{"@type":"PropertyValueSpecification","valueRequired":true,"valueName":"search_term_string"}}],"inLanguage":"pt-BR"},{"@type":"Organization","@id":"https:\/\/alehlatam.org\/#organization","name":"Asociaci\u00f3n Latinoamericana para el Estudio del H\u00edgado","alternateName":"ALEH","url":"https:\/\/alehlatam.org\/","logo":{"@type":"ImageObject","inLanguage":"pt-BR","@id":"https:\/\/alehlatam.org\/#\/schema\/logo\/image\/","url":"https:\/\/alehlatam.org\/wp-content\/uploads\/2024\/01\/Logo-ALEH-Transparente.png","contentUrl":"https:\/\/alehlatam.org\/wp-content\/uploads\/2024\/01\/Logo-ALEH-Transparente.png","width":2000,"height":1493,"caption":"Asociaci\u00f3n Latinoamericana para el Estudio del H\u00edgado"},"image":{"@id":"https:\/\/alehlatam.org\/#\/schema\/logo\/image\/"}}]}},"_links":{"self":[{"href":"https:\/\/alehlatam.org\/pt\/wp-json\/wp\/v2\/pages\/16337","targetHints":{"allow":["GET"]}}],"collection":[{"href":"https:\/\/alehlatam.org\/pt\/wp-json\/wp\/v2\/pages"}],"about":[{"href":"https:\/\/alehlatam.org\/pt\/wp-json\/wp\/v2\/types\/page"}],"author":[{"embeddable":true,"href":"https:\/\/alehlatam.org\/pt\/wp-json\/wp\/v2\/users\/1"}],"replies":[{"embeddable":true,"href":"https:\/\/alehlatam.org\/pt\/wp-json\/wp\/v2\/comments?post=16337"}],"version-history":[{"count":0,"href":"https:\/\/alehlatam.org\/pt\/wp-json\/wp\/v2\/pages\/16337\/revisions"}],"up":[{"embeddable":true,"href":"https:\/\/alehlatam.org\/pt\/wp-json\/wp\/v2\/pages\/12035"}],"wp:attachment":[{"href":"https:\/\/alehlatam.org\/pt\/wp-json\/wp\/v2\/media?parent=16337"}],"curies":[{"name":"wp","href":"https:\/\/api.w.org\/{rel}","templated":true}]}}