{"id":16371,"date":"2024-12-20T11:07:50","date_gmt":"2024-12-20T14:07:50","guid":{"rendered":"https:\/\/alehlatam.org\/?page_id=16371"},"modified":"2024-12-20T11:19:40","modified_gmt":"2024-12-20T14:19:40","slug":"salud-publica","status":"publish","type":"page","link":"https:\/\/alehlatam.org\/pt\/investigacion-educacion\/grupos-de-interes\/salud-publica\/","title":{"rendered":"Salud P\u00fablica"},"content":{"rendered":"<div data-elementor-type=\"wp-page\" data-elementor-id=\"16371\" class=\"elementor elementor-16371\" data-elementor-post-type=\"page\">\n\t\t\t\t<div class=\"elementor-element elementor-element-13d59fe5 e-flex e-con-boxed e-con e-parent\" data-id=\"13d59fe5\" data-element_type=\"container\" data-e-type=\"container\">\n\t\t\t\t\t<div class=\"e-con-inner\">\n\t\t\t\t<div class=\"elementor-element elementor-element-d60e576 elementor-widget elementor-widget-text-editor\" data-id=\"d60e576\" data-element_type=\"widget\" data-e-type=\"widget\" data-widget_type=\"text-editor.default\">\n\t\t\t\t<div class=\"elementor-widget-container\">\n\t\t\t\t\t\t\t\t\t<p>El Grupo de Inter\u00e9s en Salud P\u00fablica de la Asociaci\u00f3n Latinoamericana para el Estudio del H\u00edgado (<span class=\"outlook-search-highlight\" data-markjs=\"true\">ALEH<\/span>) tiene como objetivo principal fomentar el an\u00e1lisis, la investigaci\u00f3n y la acci\u00f3n colectiva sobre los factores que impactan la salud hep\u00e1tica en la regi\u00f3n.<\/p>\n<p>Este grupo busca crear un puente entre la investigaci\u00f3n <span class=\"outlook-search-highlight\" data-markjs=\"true\">cient\u00edfica<\/span>, las pol\u00edticas de salud y las comunidades, para mejorar el bienestar y la calidad de vida en Am\u00e9rica Latina.<\/p>\t\t\t\t\t\t\t\t<\/div>\n\t\t\t\t<\/div>\n\t\t\t\t<div class=\"elementor-element elementor-element-ca6feb3 elementor-widget elementor-widget-heading\" data-id=\"ca6feb3\" data-element_type=\"widget\" data-e-type=\"widget\" data-widget_type=\"heading.default\">\n\t\t\t\t<div class=\"elementor-widget-container\">\n\t\t\t\t\t<h2 class=\"elementor-heading-title elementor-size-default\">Coordenador<\/h2>\t\t\t\t<\/div>\n\t\t\t\t<\/div>\n\t\t<article class=\"elementor-element elementor-element-c658650 e-con-full e-flex e-con e-child\" data-id=\"c658650\" data-element_type=\"container\" data-e-type=\"container\">\n\t\t\t\t<div class=\"elementor-element elementor-element-2a791ae elementor-widget__width-initial dce_masking-none elementor-widget elementor-widget-image\" data-id=\"2a791ae\" data-element_type=\"widget\" data-e-type=\"widget\" data-widget_type=\"image.default\">\n\t\t\t\t<div class=\"elementor-widget-container\">\n\t\t\t\t\t\t\t\t\t\t\t\t\t\t\t<img fetchpriority=\"high\" decoding=\"async\" width=\"400\" height=\"400\" src=\"https:\/\/alehlatam.org\/wp-content\/uploads\/2024\/02\/Luis-Antonio-Diaz-CHILE.png\" class=\"attachment-medium_large size-medium_large wp-image-12196\" alt=\"Doctor Luis D\u00edaz Piga\" srcset=\"https:\/\/alehlatam.org\/wp-content\/uploads\/2024\/02\/Luis-Antonio-Diaz-CHILE.png 400w, https:\/\/alehlatam.org\/wp-content\/uploads\/2024\/02\/Luis-Antonio-Diaz-CHILE-300x300.png 300w, https:\/\/alehlatam.org\/wp-content\/uploads\/2024\/02\/Luis-Antonio-Diaz-CHILE-150x150.png 150w\" sizes=\"(max-width: 400px) 100vw, 400px\" \/>\t\t\t\t\t\t\t\t\t\t\t\t\t\t\t<\/div>\n\t\t\t\t<\/div>\n\t\t\t\t<div class=\"elementor-element elementor-element-bf2800a elementor-widget elementor-widget-heading\" data-id=\"bf2800a\" data-element_type=\"widget\" data-e-type=\"widget\" data-widget_type=\"heading.default\">\n\t\t\t\t<div class=\"elementor-widget-container\">\n\t\t\t\t\t<h3 class=\"elementor-heading-title elementor-size-default\">Dr. Luis D\u00edaz Piga<\/h3>\t\t\t\t<\/div>\n\t\t\t\t<\/div>\n\t\t<div class=\"elementor-element elementor-element-63beebe e-con-full e-flex e-con e-child\" data-id=\"63beebe\" data-element_type=\"container\" data-e-type=\"container\">\n\t\t\t\t<div class=\"elementor-element elementor-element-dea0ac0 elementor-view-default elementor-widget elementor-widget-icon\" data-id=\"dea0ac0\" data-element_type=\"widget\" data-e-type=\"widget\" data-widget_type=\"icon.default\">\n\t\t\t\t<div class=\"elementor-widget-container\">\n\t\t\t\t\t\t\t<div class=\"elementor-icon-wrapper\">\n\t\t\t<div class=\"elementor-icon\">\n\t\t\t<svg xmlns=\"http:\/\/www.w3.org\/2000\/svg\" width=\"512\" height=\"512\" viewbox=\"0 0 512 512\"><mask id=\"a\"><circle cx=\"256\" cy=\"256\" r=\"256\" fill=\"#fff\"><\/circle><\/mask><g mask=\"url(#a)\"><path fill=\"#d80027\" d=\"m0 256 254.5-51.3L512 256v256H0z\"><\/path><path fill=\"#0052b4\" d=\"M0 0h256l52.7 132.8L256 256H0z\"><\/path><path fill=\"#eee\" d=\"M256 0h256v256H256zM152.4 89l16.6 51h53.6l-43.4 31.6 16.6 51-43.4-31.5-43.4 31.5 16.6-51L82.2 140h53.6z\"><\/path><\/g><\/svg>\t\t\t<\/div>\n\t\t<\/div>\n\t\t\t\t\t\t<\/div>\n\t\t\t\t<\/div>\n\t\t\t\t<div class=\"elementor-element elementor-element-eafb8aa elementor-widget elementor-widget-heading\" data-id=\"eafb8aa\" data-element_type=\"widget\" data-e-type=\"widget\" data-widget_type=\"heading.default\">\n\t\t\t\t<div class=\"elementor-widget-container\">\n\t\t\t\t\t<div class=\"elementor-heading-title elementor-size-default\">Chile<\/div>\t\t\t\t<\/div>\n\t\t\t\t<\/div>\n\t\t\t\t<\/div>\n\t\t\t\t<\/article>\n\t\t\t\t\t<\/div>\n\t\t\t\t<\/div>\n\t\t\t\t<\/div>","protected":false},"excerpt":{"rendered":"<p>El Grupo de Inter\u00e9s en Salud P\u00fablica de la Asociaci\u00f3n Latinoamericana para el Estudio del H\u00edgado (ALEH) tiene como objetivo principal fomentar el an\u00e1lisis, la investigaci\u00f3n y la acci\u00f3n colectiva sobre los factores que impactan la salud hep\u00e1tica en la regi\u00f3n. Este grupo busca crear un puente entre la investigaci\u00f3n cient\u00edfica, las pol\u00edticas de salud [&hellip;]<\/p>","protected":false},"author":1,"featured_media":0,"parent":12035,"menu_order":0,"comment_status":"closed","ping_status":"closed","template":"","meta":{"footnotes":""},"class_list":["post-16371","page","type-page","status-publish","hentry"],"acf":[],"yoast_head":"<!-- This site is optimized with the Yoast SEO plugin v27.2 - https:\/\/yoast.com\/product\/yoast-seo-wordpress\/ -->\n<title>Salud P\u00fablica - ALEH - Asociaci\u00f3n Latinoamericana para el Estudio del H\u00edgado<\/title>\n<meta name=\"robots\" content=\"index, follow, max-snippet:-1, max-image-preview:large, max-video-preview:-1\" \/>\n<link rel=\"canonical\" href=\"https:\/\/alehlatam.org\/pt\/investigacion-educacion\/grupos-de-interes\/salud-publica\/\" \/>\n<meta property=\"og:locale\" content=\"pt_BR\" \/>\n<meta property=\"og:type\" content=\"article\" \/>\n<meta property=\"og:title\" content=\"Salud P\u00fablica - ALEH - Asociaci\u00f3n Latinoamericana para el Estudio del H\u00edgado\" \/>\n<meta property=\"og:description\" content=\"El Grupo de Inter\u00e9s en Salud P\u00fablica de la Asociaci\u00f3n Latinoamericana para el Estudio del H\u00edgado (ALEH) tiene como objetivo principal fomentar el an\u00e1lisis, la investigaci\u00f3n y la acci\u00f3n colectiva sobre los factores que impactan la salud hep\u00e1tica en la regi\u00f3n. Este grupo busca crear un puente entre la investigaci\u00f3n cient\u00edfica, las pol\u00edticas de salud [&hellip;]\" \/>\n<meta property=\"og:url\" content=\"https:\/\/alehlatam.org\/pt\/investigacion-educacion\/grupos-de-interes\/salud-publica\/\" \/>\n<meta property=\"og:site_name\" content=\"ALEH - Asociaci\u00f3n Latinoamericana para el Estudio del H\u00edgado\" \/>\n<meta property=\"article:modified_time\" content=\"2024-12-20T14:19:40+00:00\" \/>\n<meta property=\"og:image\" content=\"https:\/\/alehlatam.org\/wp-content\/uploads\/2024\/02\/Luis-Antonio-Diaz-CHILE.png\" \/>\n\t<meta property=\"og:image:width\" content=\"400\" \/>\n\t<meta property=\"og:image:height\" content=\"400\" \/>\n\t<meta property=\"og:image:type\" content=\"image\/png\" \/>\n<meta name=\"twitter:card\" content=\"summary_large_image\" \/>\n<script type=\"application\/ld+json\" class=\"yoast-schema-graph\">{\"@context\":\"https:\/\/schema.org\",\"@graph\":[{\"@type\":\"WebPage\",\"@id\":\"https:\/\/alehlatam.org\/investigacion-educacion\/grupos-de-interes\/salud-publica\/\",\"url\":\"https:\/\/alehlatam.org\/investigacion-educacion\/grupos-de-interes\/salud-publica\/\",\"name\":\"Salud P\u00fablica - ALEH - Asociaci\u00f3n Latinoamericana para el Estudio del H\u00edgado\",\"isPartOf\":{\"@id\":\"https:\/\/alehlatam.org\/#website\"},\"primaryImageOfPage\":{\"@id\":\"https:\/\/alehlatam.org\/investigacion-educacion\/grupos-de-interes\/salud-publica\/#primaryimage\"},\"image\":{\"@id\":\"https:\/\/alehlatam.org\/investigacion-educacion\/grupos-de-interes\/salud-publica\/#primaryimage\"},\"thumbnailUrl\":\"https:\/\/alehlatam.org\/wp-content\/uploads\/2024\/02\/Luis-Antonio-Diaz-CHILE.png\",\"datePublished\":\"2024-12-20T14:07:50+00:00\",\"dateModified\":\"2024-12-20T14:19:40+00:00\",\"breadcrumb\":{\"@id\":\"https:\/\/alehlatam.org\/investigacion-educacion\/grupos-de-interes\/salud-publica\/#breadcrumb\"},\"inLanguage\":\"pt-BR\",\"potentialAction\":[{\"@type\":\"ReadAction\",\"target\":[\"https:\/\/alehlatam.org\/investigacion-educacion\/grupos-de-interes\/salud-publica\/\"]}]},{\"@type\":\"ImageObject\",\"inLanguage\":\"pt-BR\",\"@id\":\"https:\/\/alehlatam.org\/investigacion-educacion\/grupos-de-interes\/salud-publica\/#primaryimage\",\"url\":\"https:\/\/alehlatam.org\/wp-content\/uploads\/2024\/02\/Luis-Antonio-Diaz-CHILE.png\",\"contentUrl\":\"https:\/\/alehlatam.org\/wp-content\/uploads\/2024\/02\/Luis-Antonio-Diaz-CHILE.png\"},{\"@type\":\"BreadcrumbList\",\"@id\":\"https:\/\/alehlatam.org\/investigacion-educacion\/grupos-de-interes\/salud-publica\/#breadcrumb\",\"itemListElement\":[{\"@type\":\"ListItem\",\"position\":1,\"name\":\"Inicio\",\"item\":\"https:\/\/alehlatam.org\/\"},{\"@type\":\"ListItem\",\"position\":2,\"name\":\"Investigaci\u00f3n y Educaci\u00f3n\",\"item\":\"https:\/\/alehlatam.org\/investigacion-educacion\/\"},{\"@type\":\"ListItem\",\"position\":3,\"name\":\"Grupos de Inter\u00e9s\",\"item\":\"https:\/\/alehlatam.org\/investigacion-educacion\/grupos-de-interes\/\"},{\"@type\":\"ListItem\",\"position\":4,\"name\":\"Salud P\u00fablica\"}]},{\"@type\":\"WebSite\",\"@id\":\"https:\/\/alehlatam.org\/#website\",\"url\":\"https:\/\/alehlatam.org\/\",\"name\":\"ALEH - Asociaci\u00f3n Latinoamericana para el Estudio del H\u00edgado\",\"description\":\"Conectamos a la comunidad de hepatolog\u00eda en Latinoam\u00e9rica. ALEH impulsa la investigaci\u00f3n y el intercambio cient\u00edfico para mejorar la salud hep\u00e1tica regional.\",\"publisher\":{\"@id\":\"https:\/\/alehlatam.org\/#organization\"},\"alternateName\":\"ALEH\",\"potentialAction\":[{\"@type\":\"SearchAction\",\"target\":{\"@type\":\"EntryPoint\",\"urlTemplate\":\"https:\/\/alehlatam.org\/?s={search_term_string}\"},\"query-input\":{\"@type\":\"PropertyValueSpecification\",\"valueRequired\":true,\"valueName\":\"search_term_string\"}}],\"inLanguage\":\"pt-BR\"},{\"@type\":\"Organization\",\"@id\":\"https:\/\/alehlatam.org\/#organization\",\"name\":\"Asociaci\u00f3n Latinoamericana para el Estudio del H\u00edgado\",\"alternateName\":\"ALEH\",\"url\":\"https:\/\/alehlatam.org\/\",\"logo\":{\"@type\":\"ImageObject\",\"inLanguage\":\"pt-BR\",\"@id\":\"https:\/\/alehlatam.org\/#\/schema\/logo\/image\/\",\"url\":\"https:\/\/alehlatam.org\/wp-content\/uploads\/2024\/01\/Logo-ALEH-Transparente.png\",\"contentUrl\":\"https:\/\/alehlatam.org\/wp-content\/uploads\/2024\/01\/Logo-ALEH-Transparente.png\",\"width\":2000,\"height\":1493,\"caption\":\"Asociaci\u00f3n Latinoamericana para el Estudio del H\u00edgado\"},\"image\":{\"@id\":\"https:\/\/alehlatam.org\/#\/schema\/logo\/image\/\"}}]}<\/script>\n<!-- \/ Yoast SEO plugin. -->","yoast_head_json":{"title":"Salud P\u00fablica - ALEH - Asociaci\u00f3n Latinoamericana para el Estudio del H\u00edgado","robots":{"index":"index","follow":"follow","max-snippet":"max-snippet:-1","max-image-preview":"max-image-preview:large","max-video-preview":"max-video-preview:-1"},"canonical":"https:\/\/alehlatam.org\/pt\/investigacion-educacion\/grupos-de-interes\/salud-publica\/","og_locale":"pt_BR","og_type":"article","og_title":"Salud P\u00fablica - ALEH - Asociaci\u00f3n Latinoamericana para el Estudio del H\u00edgado","og_description":"El Grupo de Inter\u00e9s en Salud P\u00fablica de la Asociaci\u00f3n Latinoamericana para el Estudio del H\u00edgado (ALEH) tiene como objetivo principal fomentar el an\u00e1lisis, la investigaci\u00f3n y la acci\u00f3n colectiva sobre los factores que impactan la salud hep\u00e1tica en la regi\u00f3n. Este grupo busca crear un puente entre la investigaci\u00f3n cient\u00edfica, las pol\u00edticas de salud [&hellip;]","og_url":"https:\/\/alehlatam.org\/pt\/investigacion-educacion\/grupos-de-interes\/salud-publica\/","og_site_name":"ALEH - Asociaci\u00f3n Latinoamericana para el Estudio del H\u00edgado","article_modified_time":"2024-12-20T14:19:40+00:00","og_image":[{"width":400,"height":400,"url":"https:\/\/alehlatam.org\/wp-content\/uploads\/2024\/02\/Luis-Antonio-Diaz-CHILE.png","type":"image\/png"}],"twitter_card":"summary_large_image","schema":{"@context":"https:\/\/schema.org","@graph":[{"@type":"WebPage","@id":"https:\/\/alehlatam.org\/investigacion-educacion\/grupos-de-interes\/salud-publica\/","url":"https:\/\/alehlatam.org\/investigacion-educacion\/grupos-de-interes\/salud-publica\/","name":"Salud P\u00fablica - ALEH - Asociaci\u00f3n Latinoamericana para el Estudio del H\u00edgado","isPartOf":{"@id":"https:\/\/alehlatam.org\/#website"},"primaryImageOfPage":{"@id":"https:\/\/alehlatam.org\/investigacion-educacion\/grupos-de-interes\/salud-publica\/#primaryimage"},"image":{"@id":"https:\/\/alehlatam.org\/investigacion-educacion\/grupos-de-interes\/salud-publica\/#primaryimage"},"thumbnailUrl":"https:\/\/alehlatam.org\/wp-content\/uploads\/2024\/02\/Luis-Antonio-Diaz-CHILE.png","datePublished":"2024-12-20T14:07:50+00:00","dateModified":"2024-12-20T14:19:40+00:00","breadcrumb":{"@id":"https:\/\/alehlatam.org\/investigacion-educacion\/grupos-de-interes\/salud-publica\/#breadcrumb"},"inLanguage":"pt-BR","potentialAction":[{"@type":"ReadAction","target":["https:\/\/alehlatam.org\/investigacion-educacion\/grupos-de-interes\/salud-publica\/"]}]},{"@type":"ImageObject","inLanguage":"pt-BR","@id":"https:\/\/alehlatam.org\/investigacion-educacion\/grupos-de-interes\/salud-publica\/#primaryimage","url":"https:\/\/alehlatam.org\/wp-content\/uploads\/2024\/02\/Luis-Antonio-Diaz-CHILE.png","contentUrl":"https:\/\/alehlatam.org\/wp-content\/uploads\/2024\/02\/Luis-Antonio-Diaz-CHILE.png"},{"@type":"BreadcrumbList","@id":"https:\/\/alehlatam.org\/investigacion-educacion\/grupos-de-interes\/salud-publica\/#breadcrumb","itemListElement":[{"@type":"ListItem","position":1,"name":"Inicio","item":"https:\/\/alehlatam.org\/"},{"@type":"ListItem","position":2,"name":"Investigaci\u00f3n y Educaci\u00f3n","item":"https:\/\/alehlatam.org\/investigacion-educacion\/"},{"@type":"ListItem","position":3,"name":"Grupos de Inter\u00e9s","item":"https:\/\/alehlatam.org\/investigacion-educacion\/grupos-de-interes\/"},{"@type":"ListItem","position":4,"name":"Salud P\u00fablica"}]},{"@type":"WebSite","@id":"https:\/\/alehlatam.org\/#website","url":"https:\/\/alehlatam.org\/","name":"ALEH - Asociaci\u00f3n Latinoamericana para el Estudio del H\u00edgado","description":"Conectamos a la comunidad de hepatolog\u00eda en Latinoam\u00e9rica. ALEH impulsa la investigaci\u00f3n y el intercambio cient\u00edfico para mejorar la salud hep\u00e1tica regional.","publisher":{"@id":"https:\/\/alehlatam.org\/#organization"},"alternateName":"ALEH","potentialAction":[{"@type":"SearchAction","target":{"@type":"EntryPoint","urlTemplate":"https:\/\/alehlatam.org\/?s={search_term_string}"},"query-input":{"@type":"PropertyValueSpecification","valueRequired":true,"valueName":"search_term_string"}}],"inLanguage":"pt-BR"},{"@type":"Organization","@id":"https:\/\/alehlatam.org\/#organization","name":"Asociaci\u00f3n Latinoamericana para el Estudio del H\u00edgado","alternateName":"ALEH","url":"https:\/\/alehlatam.org\/","logo":{"@type":"ImageObject","inLanguage":"pt-BR","@id":"https:\/\/alehlatam.org\/#\/schema\/logo\/image\/","url":"https:\/\/alehlatam.org\/wp-content\/uploads\/2024\/01\/Logo-ALEH-Transparente.png","contentUrl":"https:\/\/alehlatam.org\/wp-content\/uploads\/2024\/01\/Logo-ALEH-Transparente.png","width":2000,"height":1493,"caption":"Asociaci\u00f3n Latinoamericana para el Estudio del H\u00edgado"},"image":{"@id":"https:\/\/alehlatam.org\/#\/schema\/logo\/image\/"}}]}},"_links":{"self":[{"href":"https:\/\/alehlatam.org\/pt\/wp-json\/wp\/v2\/pages\/16371","targetHints":{"allow":["GET"]}}],"collection":[{"href":"https:\/\/alehlatam.org\/pt\/wp-json\/wp\/v2\/pages"}],"about":[{"href":"https:\/\/alehlatam.org\/pt\/wp-json\/wp\/v2\/types\/page"}],"author":[{"embeddable":true,"href":"https:\/\/alehlatam.org\/pt\/wp-json\/wp\/v2\/users\/1"}],"replies":[{"embeddable":true,"href":"https:\/\/alehlatam.org\/pt\/wp-json\/wp\/v2\/comments?post=16371"}],"version-history":[{"count":0,"href":"https:\/\/alehlatam.org\/pt\/wp-json\/wp\/v2\/pages\/16371\/revisions"}],"up":[{"embeddable":true,"href":"https:\/\/alehlatam.org\/pt\/wp-json\/wp\/v2\/pages\/12035"}],"wp:attachment":[{"href":"https:\/\/alehlatam.org\/pt\/wp-json\/wp\/v2\/media?parent=16371"}],"curies":[{"name":"wp","href":"https:\/\/api.w.org\/{rel}","templated":true}]}}